{"id":6026,"date":"2023-04-14T21:07:43","date_gmt":"2023-04-14T17:07:43","guid":{"rendered":"https:\/\/umayalighting.com\/filosofia\/"},"modified":"2023-09-02T22:06:40","modified_gmt":"2023-09-02T18:06:40","slug":"filosofia","status":"publish","type":"page","link":"https:\/\/umayalighting.com\/es\/filosofia\/","title":{"rendered":"Filosof\u00eda"},"content":{"rendered":"<div class=\"wpb-content-wrapper\"><p>[vc_row wrap_container=\u00bbyes\u00bb conditional_render=\u00bb%5B%7B%22value_role%22%3A%22administrator%22%7D%5D\u00bb][vc_column][vc_empty_space][\/vc_column][\/vc_row][vc_row wrap_container=\u00bbyes\u00bb conditional_render=\u00bb%5B%7B%22value_role%22%3A%22administrator%22%7D%5D\u00bb][vc_column width=\u00bb1\/2&#8243;][vc_column_text]<\/p>\n<p style=\"text-align: justify;\">A lo largo de la historia, la humanidad siempre ha tenido una relaci\u00f3n especial con la luz, ya sea espiritual, f\u00edsica o intelectual. A partir de la serpiente que se arrastra de Chich\u00e9n Itz\u00e1 y la Krathongs en \u200b\u200bTailandia, a las luces de m\u00e1gicos colores de las catedrales g\u00f3ticas y la magn\u00edfica obra de Le Corbusier, la luz siempre ha tenido una importancia vital en todas y cada civilizaci\u00f3n.<\/p>\n<p style=\"text-align: justify;\">Eso es lo que nos apasiona; la luz, las personas y la forma en que interact\u00faan entre s\u00ed.<\/p>\n<p>[\/vc_column_text][\/vc_column][vc_column width=\u00bb1\/2&#8243;][vc_column_text]<\/p>\n<p style=\"text-align: justify;\">Es un momento emocionante para ser profesional de la iluminaci\u00f3n; el ritmo al que se desarrollan las tecnolog\u00edas de iluminaci\u00f3n, el aumento de los usos arquitect\u00f3nicos m\u00e1s complejos y especializados, y la demostrada capacidad de la luz para transformar los espacios, hace que el dise\u00f1o de la iluminaci\u00f3n sea una profesi\u00f3n desafiante y emocionante.<\/p>\n<p style=\"text-align: justify;\">Nuestra ecuaci\u00f3n es simple; la creatividad, el conocimiento t\u00e9cnico y la conciencia comercial crean un dise\u00f1o de iluminaci\u00f3n excepcional.<\/p>\n<p>[\/vc_column_text][\/vc_column][\/vc_row][vc_row wrap_container=\u00bbyes\u00bb conditional_render=\u00bb%5B%7B%22value_role%22%3A%22administrator%22%7D%5D\u00bb css=\u00bb.vc_custom_1681209866875{background-image: url(https:\/\/umayalighting.com\/wp-content\/uploads\/2023\/04\/quote-bg.jpg?id=676) !important;}\u00bb][vc_column][vc_empty_space height=\u00bb62&#8243;]<div class=\"porto-testimonial wpb_content_element   wpb_custom_d10130a9ac0e0b1561a624e4f7a361a8\"><div class=\"testimonial testimonial-with-quotes\"><blockquote class=\"testimonial-carousel\" style=\"color:#ffffff\"><p>No levantes tu voz,<\/p>\n<p>improve your argument.<\/p><\/blockquote><div class=\"testimonial-author\"><p><strong><\/strong><span><\/span><\/p><\/div><\/div><\/div>[vc_empty_space height=\u00bb62&#8243;][\/vc_column][\/vc_row][vc_row css=\u00bb.vc_custom_1681213437873{padding-top: 16px !important;background-color: #dfdfdf !important;}\u00bb conditional_render=\u00bb%5B%7B%22value_role%22%3A%22administrator%22%7D%5D\u00bb][vc_column width=\u00bb1\/2&#8243;][vc_custom_heading text=\u00bbSUSCR\u00cdBETE PARA RECIBIR NUESTRAS NOVEDADES\u00bb font_container=\u00bbtag:p|font_size:26px|text_align:right|color:%23434e63&#8243; google_fonts=\u00bbfont_family:Tstar-w00-bold%3Aregular\u00bb css=\u00bb.vc_custom_1681213403439{margin-top: 8px !important;}\u00bb][\/vc_column][vc_column width=\u00bb1\/2&#8243;]\n<div class=\"wpcf7 no-js\" id=\"wpcf7-f7300-o1\" lang=\"es-ES\" dir=\"ltr\" data-wpcf7-id=\"7300\">\n<div class=\"screen-reader-response\"><p role=\"status\" aria-live=\"polite\" aria-atomic=\"true\"><\/p> <ul><\/ul><\/div>\n<form action=\"\/es\/wp-json\/wp\/v2\/pages\/6026#wpcf7-f7300-o1\" method=\"post\" class=\"wpcf7-form init\" aria-label=\"Formulario de contacto\" novalidate=\"novalidate\" data-status=\"init\">\n<fieldset class=\"hidden-fields-container\"><input type=\"hidden\" name=\"_wpcf7\" value=\"7300\" \/><input type=\"hidden\" name=\"_wpcf7_version\" value=\"6.1.5\" \/><input type=\"hidden\" name=\"_wpcf7_locale\" value=\"es_ES\" \/><input type=\"hidden\" name=\"_wpcf7_unit_tag\" value=\"wpcf7-f7300-o1\" \/><input type=\"hidden\" name=\"_wpcf7_container_post\" value=\"0\" \/><input type=\"hidden\" name=\"_wpcf7_posted_data_hash\" value=\"\" \/>\n<\/fieldset>\n<div class=\"newsletter\" style=\"float: left;\"><label><span class=\"wpcf7-form-control-wrap\" data-name=\"your-email\"><input size=\"40\" maxlength=\"400\" class=\"wpcf7-form-control wpcf7-email wpcf7-validates-as-required wpcf7-text wpcf7-validates-as-email\" autocomplete=\"email\" aria-required=\"true\" aria-invalid=\"false\" placeholder=\"Introduzca su correo\" value=\"\" type=\"email\" name=\"your-email\" \/><\/span> <\/label><\/div> <div class=\"newsletter-botton\" style=\"float: left;\"><input class=\"wpcf7-form-control wpcf7-submit has-spinner\" type=\"submit\" value=\"INSCRIBIRSE\" \/><\/div><div class=\"wpcf7-response-output\" aria-hidden=\"true\"><\/div>\n<\/form>\n<\/div>\n[\/vc_column][\/vc_row]<\/p>\n<\/div>","protected":false},"excerpt":{"rendered":"<p>[vc_row wrap_container=\u00bbyes\u00bb conditional_render=\u00bb%5B%7B%22value_role%22%3A%22administrator%22%7D%5D\u00bb][vc_column][vc_empty_space][\/vc_column][\/vc_row][vc_row wrap_container=\u00bbyes\u00bb conditional_render=\u00bb%5B%7B%22value_role%22%3A%22administrator%22%7D%5D\u00bb][vc_column width=\u00bb1\/2&#8243;][vc_column_text] A lo largo de la historia, la humanidad siempre ha tenido una relaci\u00f3n especial con la luz, ya sea espiritual, f\u00edsica o intelectual. A partir de la serpiente que se arrastra de Chich\u00e9n Itz\u00e1 y la Krathongs en \u200b\u200bTailandia, a las luces de m\u00e1gicos colores de las catedrales g\u00f3ticas [&hellip;]<\/p>\n","protected":false},"author":1,"featured_media":0,"parent":0,"menu_order":0,"comment_status":"closed","ping_status":"closed","template":"","meta":{"_acf_changed":false,"footnotes":""},"class_list":["post-6026","page","type-page","status-publish","hentry"],"acf":[],"_links":{"self":[{"href":"https:\/\/umayalighting.com\/es\/wp-json\/wp\/v2\/pages\/6026","targetHints":{"allow":["GET"]}}],"collection":[{"href":"https:\/\/umayalighting.com\/es\/wp-json\/wp\/v2\/pages"}],"about":[{"href":"https:\/\/umayalighting.com\/es\/wp-json\/wp\/v2\/types\/page"}],"author":[{"embeddable":true,"href":"https:\/\/umayalighting.com\/es\/wp-json\/wp\/v2\/users\/1"}],"replies":[{"embeddable":true,"href":"https:\/\/umayalighting.com\/es\/wp-json\/wp\/v2\/comments?post=6026"}],"version-history":[{"count":3,"href":"https:\/\/umayalighting.com\/es\/wp-json\/wp\/v2\/pages\/6026\/revisions"}],"predecessor-version":[{"id":6029,"href":"https:\/\/umayalighting.com\/es\/wp-json\/wp\/v2\/pages\/6026\/revisions\/6029"}],"wp:attachment":[{"href":"https:\/\/umayalighting.com\/es\/wp-json\/wp\/v2\/media?parent=6026"}],"curies":[{"name":"wp","href":"https:\/\/api.w.org\/{rel}","templated":true}]}}