{"id":6044,"date":"2023-04-14T16:43:41","date_gmt":"2023-04-14T12:43:41","guid":{"rendered":"https:\/\/umayalighting.com\/sustentabilidad\/"},"modified":"2023-09-04T21:43:50","modified_gmt":"2023-09-04T17:43:50","slug":"sustentabilidad","status":"publish","type":"page","link":"https:\/\/umayalighting.com\/es\/sustentabilidad\/","title":{"rendered":"SUSTENTABILIDAD"},"content":{"rendered":"<div class=\"wpb-content-wrapper\"><p>[vc_row wrap_container=\u00bbyes\u00bb conditional_render=\u00bb%5B%7B%22value_role%22%3A%22administrator%22%7D%5D\u00bb css=\u00bb.vc_custom_1680938178719{margin-top: -100px !important;}\u00bb][vc_column width=\u00bb1\/2&#8243;][\/vc_column][vc_column width=\u00bb1\/2&#8243; css=\u00bb.vc_custom_1682984720887{padding-top: 40px !important;padding-right: 40px !important;padding-bottom: 10px !important;padding-left: 40px !important;background-color: #ffbc12 !important;}\u00bb conditional_render=\u00bb%5B%7B%22value_role%22%3A%22administrator%22%7D%5D\u00bb animation_type=\u00bbbounceInRight\u00bb][vc_custom_heading text=\u00bb<strong>La construcci\u00f3n verde no es un eslogan, o no deber\u00eda serlo.<\/strong>\u00bb font_container=\u00bbtag:h3|font_size:22|text_align:left|color:%23ffffff\u00bb google_fonts=\u00bbfont_family:Tstar-pro-w00-regular%3Aregular\u00bb el_class=\u00bbnormal-space\u00bb][vc_column_text]<\/p>\n<p style=\"text-align: justify; color: #ffffff;\">El dise\u00f1o sostenible es una actitud mental espec\u00edfica, un marco a partir del cual desarrollar un proyecto de principio a fin, la combinaci\u00f3n de disciplinas y el trabajo de forma sin\u00e9rgica para lograr un edificio de bajo impacto y de alta eficiencia energ\u00e9tica.<\/p>\n<p>[\/vc_column_text][\/vc_column][\/vc_row][vc_row wrap_container=\u00bbyes\u00bb conditional_render=\u00bb%5B%7B%22value_role%22%3A%22administrator%22%7D%5D\u00bb][vc_column width=\u00bb1\/2&#8243;][vc_custom_heading text=\u00bbSUSTENTABILIDAD\u00bb font_container=\u00bbtag:h5|font_size:16|text_align:left|color:%23434e63&#8243; use_theme_fonts=\u00bbyes\u00bb font_weight=\u00bb700&#8243; letter_spacing=\u00bb0&#8243; css=\u00bb.vc_custom_1681499409402{margin-bottom: 30px !important;}\u00bb][\/vc_column][vc_column width=\u00bb1\/2&#8243;][\/vc_column][\/vc_row][vc_row wrap_container=\u00bbyes\u00bb conditional_render=\u00bb%5B%7B%22value_role%22%3A%22administrator%22%7D%5D\u00bb][vc_column width=\u00bb1\/2&#8243;][vc_column_text]<\/p>\n<p style=\"text-align: justify;\">La construcci\u00f3n verde no es un eslogan, o no deber\u00eda serlo.<\/p>\n<p style=\"text-align: justify;\">El dise\u00f1o sostenible es una actitud mental espec\u00edfica, un marco a partir del cual desarrollar un proyecto de principio a fin, la combinaci\u00f3n de disciplinas y el trabajo de forma sin\u00e9rgica para lograr un edificio de bajo impacto y de alta eficiencia energ\u00e9tica.<\/p>\n<p style=\"text-align: justify;\">La iluminaci\u00f3n, ya sean natural o artificial, impacta tremendamente sobre la eficiencia energ\u00e9tica global de un proyecto. Un esquema de iluminaci\u00f3n y control inteligente puede sacar el m\u00e1ximo provecho de la luz del d\u00eda, llevando el consumo de energ\u00eda al m\u00ednimo y reduciendo el impacto en otras disciplinas.<\/p>\n<p>[\/vc_column_text][\/vc_column][vc_column width=\u00bb1\/2&#8243;][vc_column_text]<\/p>\n<p style=\"text-align: justify;\">Nuestro equipo, compuesto por varios profesionales LEED AP BD+C y PQP acreditados, est\u00e1n bien versados \u200b\u200ben el dise\u00f1o de iluminaci\u00f3n sostenible y los programas de certificaci\u00f3n de edificios verdes; a saber, LEED, ESTIDAMA, EHS, GSAS y WELL.<\/p>\n<p style=\"text-align: justify;\">Hemos realizado numerosos proyectos de construcci\u00f3n verde en toda la regi\u00f3n, desde espacios de oficinas privadas, hasta grandes oficinas corporativas, hoteles, universidades y desarrollos urbanos; con \u00e1mbitos que van desde el interior, las fachadas, paisaje, espacio p\u00fablico y el alumbrado de v\u00edas de transito.<\/p>\n<p style=\"text-align: justify;\">Te invitamos a visitar nuestro portafolio y explorar nuestros m\u00e1s recientes proyectos sostenibles.<\/p>\n<p>[\/vc_column_text][\/vc_column][\/vc_row][vc_row wrap_container=\u00bbyes\u00bb conditional_render=\u00bb%5B%7B%22value_role%22%3A%22administrator%22%7D%5D\u00bb css=\u00bb.vc_custom_1681209866875{background-image: url(https:\/\/umayalighting.com\/wp-content\/uploads\/2023\/04\/quote-bg.jpg?id=676) !important;}\u00bb][vc_column][vc_empty_space height=\u00bb62&#8243;]<div class=\"porto-testimonial wpb_content_element appear-animation  quote-all  wpb_custom_dce6d0b71cbd68a9e6e50133ef1320ab\" data-appear-animation=\"zoomIn\"><div class=\"testimonial testimonial-with-quotes\"><blockquote class=\"testimonial-carousel\" style=\"color:#ffffff\"><p>La simplicidad consiste en sustraer<br \/>\nlo obvio y a\u00f1adir lo significativo.<\/p><\/blockquote><div class=\"testimonial-author\"><p><strong style=\"color:#ffffff\">John Maeda<\/strong><span><\/span><\/p><\/div><\/div><\/div>[vc_empty_space height=\u00bb62&#8243;][\/vc_column][\/vc_row][vc_row css=\u00bb.vc_custom_1681213437873{padding-top: 16px !important;background-color: #dfdfdf !important;}\u00bb conditional_render=\u00bb%5B%7B%22value_role%22%3A%22administrator%22%7D%5D\u00bb][vc_column width=\u00bb1\/2&#8243;][vc_custom_heading text=\u00bbSUSCR\u00cdBETE PARA RECIBIR NUESTRAS NOVEDADES\u00bb font_container=\u00bbtag:p|font_size:26px|text_align:right|color:%23434e63&#8243; google_fonts=\u00bbfont_family:Tstar-w00-bold%3Aregular\u00bb css=\u00bb.vc_custom_1681213403439{margin-top: 8px !important;}\u00bb][\/vc_column][vc_column width=\u00bb1\/2&#8243;]\n<div class=\"wpcf7 no-js\" id=\"wpcf7-f7300-o1\" lang=\"es-ES\" dir=\"ltr\" data-wpcf7-id=\"7300\">\n<div class=\"screen-reader-response\"><p role=\"status\" aria-live=\"polite\" aria-atomic=\"true\"><\/p> <ul><\/ul><\/div>\n<form action=\"\/es\/wp-json\/wp\/v2\/pages\/6044#wpcf7-f7300-o1\" method=\"post\" class=\"wpcf7-form init\" aria-label=\"Formulario de contacto\" novalidate=\"novalidate\" data-status=\"init\">\n<fieldset class=\"hidden-fields-container\"><input type=\"hidden\" name=\"_wpcf7\" value=\"7300\" \/><input type=\"hidden\" name=\"_wpcf7_version\" value=\"6.1.5\" \/><input type=\"hidden\" name=\"_wpcf7_locale\" value=\"es_ES\" \/><input type=\"hidden\" name=\"_wpcf7_unit_tag\" value=\"wpcf7-f7300-o1\" \/><input type=\"hidden\" name=\"_wpcf7_container_post\" value=\"0\" \/><input type=\"hidden\" name=\"_wpcf7_posted_data_hash\" value=\"\" \/>\n<\/fieldset>\n<div class=\"newsletter\" style=\"float: left;\"><label><span class=\"wpcf7-form-control-wrap\" data-name=\"your-email\"><input size=\"40\" maxlength=\"400\" class=\"wpcf7-form-control wpcf7-email wpcf7-validates-as-required wpcf7-text wpcf7-validates-as-email\" autocomplete=\"email\" aria-required=\"true\" aria-invalid=\"false\" placeholder=\"Introduzca su correo\" value=\"\" type=\"email\" name=\"your-email\" \/><\/span> <\/label><\/div> <div class=\"newsletter-botton\" style=\"float: left;\"><input class=\"wpcf7-form-control wpcf7-submit has-spinner\" type=\"submit\" value=\"INSCRIBIRSE\" \/><\/div><div class=\"wpcf7-response-output\" aria-hidden=\"true\"><\/div>\n<\/form>\n<\/div>\n[\/vc_column][\/vc_row]<\/p>\n<\/div>","protected":false},"excerpt":{"rendered":"<p>[vc_row wrap_container=\u00bbyes\u00bb conditional_render=\u00bb%5B%7B%22value_role%22%3A%22administrator%22%7D%5D\u00bb css=\u00bb.vc_custom_1680938178719{margin-top: -100px !important;}\u00bb][vc_column width=\u00bb1\/2&#8243;][\/vc_column][vc_column width=\u00bb1\/2&#8243; css=\u00bb.vc_custom_1682984720887{padding-top: 40px !important;padding-right: 40px !important;padding-bottom: 10px !important;padding-left: 40px !important;background-color: #ffbc12 !important;}\u00bb conditional_render=\u00bb%5B%7B%22value_role%22%3A%22administrator%22%7D%5D\u00bb animation_type=\u00bbbounceInRight\u00bb][vc_custom_heading text=\u00bbLa construcci\u00f3n verde no es un eslogan, o no deber\u00eda serlo.\u00bb font_container=\u00bbtag:h3|font_size:22|text_align:left|color:%23ffffff\u00bb google_fonts=\u00bbfont_family:Tstar-pro-w00-regular%3Aregular\u00bb el_class=\u00bbnormal-space\u00bb][vc_column_text] El dise\u00f1o sostenible es una actitud mental espec\u00edfica, un marco a partir del cual desarrollar un proyecto de principio a [&hellip;]<\/p>\n","protected":false},"author":1,"featured_media":0,"parent":0,"menu_order":0,"comment_status":"closed","ping_status":"closed","template":"","meta":{"_acf_changed":false,"footnotes":""},"class_list":["post-6044","page","type-page","status-publish","hentry"],"acf":[],"_links":{"self":[{"href":"https:\/\/umayalighting.com\/es\/wp-json\/wp\/v2\/pages\/6044","targetHints":{"allow":["GET"]}}],"collection":[{"href":"https:\/\/umayalighting.com\/es\/wp-json\/wp\/v2\/pages"}],"about":[{"href":"https:\/\/umayalighting.com\/es\/wp-json\/wp\/v2\/types\/page"}],"author":[{"embeddable":true,"href":"https:\/\/umayalighting.com\/es\/wp-json\/wp\/v2\/users\/1"}],"replies":[{"embeddable":true,"href":"https:\/\/umayalighting.com\/es\/wp-json\/wp\/v2\/comments?post=6044"}],"version-history":[{"count":2,"href":"https:\/\/umayalighting.com\/es\/wp-json\/wp\/v2\/pages\/6044\/revisions"}],"predecessor-version":[{"id":6046,"href":"https:\/\/umayalighting.com\/es\/wp-json\/wp\/v2\/pages\/6044\/revisions\/6046"}],"wp:attachment":[{"href":"https:\/\/umayalighting.com\/es\/wp-json\/wp\/v2\/media?parent=6044"}],"curies":[{"name":"wp","href":"https:\/\/api.w.org\/{rel}","templated":true}]}}