{"id":6051,"date":"2023-04-26T18:17:35","date_gmt":"2023-04-26T14:17:35","guid":{"rendered":"https:\/\/umayalighting.com\/servicios\/"},"modified":"2023-10-10T02:24:21","modified_gmt":"2023-10-09T22:24:21","slug":"servicios","status":"publish","type":"page","link":"https:\/\/umayalighting.com\/es\/servicios\/","title":{"rendered":"SERVICIOS"},"content":{"rendered":"<div class=\"wpb-content-wrapper\"><p>[vc_row wrap_container=\u00bbyes\u00bb conditional_render=\u00bb%5B%7B%22value_role%22%3A%22administrator%22%7D%5D\u00bb css=\u00bb.vc_custom_1680938178719{margin-top: -100px !important;}\u00bb][vc_column width=\u00bb1\/2&#8243;][\/vc_column][vc_column width=\u00bb1\/2&#8243; css=\u00bb.vc_custom_1682984580819{padding-top: 40px !important;padding-right: 40px !important;padding-bottom: 20px !important;padding-left: 40px !important;background-color: #9bc6a6 !important;}\u00bb conditional_render=\u00bb%5B%7B%22value_role%22%3A%22administrator%22%7D%5D\u00bb animation_type=\u00bbbounceInRight\u00bb][vc_column_text]<\/p>\n<p style=\"text-align: justify; color: #ffffff; font-size: 26px; line-height: 36px;\">Desde la iluminaci\u00f3n diurna al master plan, y todo lo que existe entre ellos, hemos hecho todo en cuando se trata de dise\u00f1o de iluminaci\u00f3n.<\/p>\n<p>[\/vc_column_text][\/vc_column][\/vc_row][vc_row wrap_container=\u00bbyes\u00bb conditional_render=\u00bb%5B%7B%22value_role%22%3A%22administrator%22%7D%5D\u00bb][vc_column][vc_empty_space][\/vc_column][\/vc_row][vc_row wrap_container=\u00bbyes\u00bb conditional_render=\u00bb%5B%7B%22value_role%22%3A%22administrator%22%7D%5D\u00bb el_class=\u00bbservices-all\u00bb animation_type=\u00bbfadeIn\u00bb][vc_column width=\u00bb1\/2&#8243;][vc_custom_heading text=\u00bbDISE\u00d1O DE ILUMINACI\u00d3N\u00bb font_container=\u00bbtag:h3|font_size:18px|text_align:left|color:%23424e63&#8243; google_fonts=\u00bbfont_family:Tstar-w00-bold%3Aregular\u00bb el_class=\u00bbservice-title\u00bb][vc_column_text el_class=\u00bbservice-content\u00bb]Tenga en cuenta que es este uno de los servicios mas importantes proporcionados por Umaya Lighting Design. Por favor p\u00f3ngase en contacto con nosotros para discutir sus posibles proyectos y recibir nuestra propuesta de honorarios con un detallado alcance de los servicios y las prestaciones.<br \/>\n<div class='yrm-content yrm-content-2 yrm-content-hide  ' id='yrm-fTRcO' data-id='2' data-show-status='false' data-after-action='' style=\"visibility: hidden;height: 0;\">\n\t\t\t<div id='yrm-inner-content-yrm-fTRcO' class='yrm-inner-content-wrapper yrm-cntent-2'><br \/>\n<strong>Dise\u00f1o Conceptual<\/strong><\/p>\n<p>Esta etapa inicial comprende reuniones con los arquitectos, dise\u00f1adores de interiores y \/ o cliente a los efectos de definir los requisitos del proyecto, el enfoque de dise\u00f1o y otros factores relevantes para el dise\u00f1o de iluminaci\u00f3n. UMAYA Lighting Design prepara un concepto de iluminaci\u00f3n, con bocetos, diagramas e ilustraciones para transmitir las intenciones del dise\u00f1o de iluminaci\u00f3n y sus estrategias para logralo.<\/p>\n<p><strong>Etapa Preliminar Dise\u00f1o &#8211; Anteproyecto<\/strong><\/p>\n<p>Esta etapa implica el desarrollo del concepto definido en la etapa anterior. Por lo general, consiste en un dise\u00f1o de iluminaci\u00f3n preliminar sobre planos y\/o elevaciones, memorias preliminares que indican el tipo de luminaria y l\u00e1mpara, datos preliminares de las \u00e1reas cr\u00edticas para confirmar la viabilidad de la instalaci\u00f3n y c\u00e1lculos de iluminaci\u00f3n para verificar la conformidad con las normas internacionales. Un esquema de presupuesto y de carga preliminar se puede a\u00f1adir en esta etapa, dependiendo de los requisitos del proyecto.<\/p>\n<p><strong>Proyecto Ejecutivo<\/strong><\/p>\n<p>Durante esta etapa todos los documentos de iluminaci\u00f3n existentes son ajustados y desarrollados. Detalles espec\u00edficos de la instalaci\u00f3n y las previsiones requeridas son preparados para ser incorporados en los paquetes de arquitectura, las especificaciones son mejoradas para incluir los datos fotom\u00e9tricos e informaci\u00f3n de los accesorios requeridos. El presupuesto, los an\u00e1lisis de carga el\u00e9ctrica y los diagramas de control tambi\u00e9n se preparan en esta etapa. De ser necesario, se desarrollar\u00e1 un paquete de mock-up completa.<\/p>\n<p><strong>Documentos de Licitaci\u00f3n \/ Construcci\u00f3n<\/strong><\/p>\n<p>This stage sees the finalization of the complete lighting package, consisting of lighting layouts, details, specifications, BOQs, load schedules, control schedules, control diagrams, vendors list and final budget. Estos se incorporan en el paquetes final de dise\u00f1o y de licitaci\u00f3n.<\/p>\n<p><strong>Etapa de Evaluaci\u00f3n de Ofertas<\/strong><\/p>\n<p>Una evaluaci\u00f3n profesional de todas las ofertas recibidas es fundamental para garantizar el objetivo deseado y el efecto de los sistemas de iluminaci\u00f3n. Las ofertas presentadas son evaluadas y un informe confidencial es remitido al cliente con comentarios y recomendaciones.<\/p>\n<p><strong>Supervisi\u00f3n de Obra \/ Puesta en marcha<\/strong><\/p>\n<p>Nuestro equipo realiza visitas programadas durante la instalaci\u00f3n para asegurar que la implementaci\u00f3n de la iluminaci\u00f3n se lleve a cabo tal como estaba previsto. Las consultas referidas a dicha implementaci\u00f3n tambi\u00e9n se responden en esta etapa. Una vez que la instalaci\u00f3n se completa UMAYA Lighting Design colabora en la puesta en marcha, con el enfoque y la programaci\u00f3n de los equipos de iluminaci\u00f3n. A continuaci\u00f3n, se lleva a cabo la inspecci\u00f3n final y se emite un informe al cliente.<br \/>\n<\/div>\n\t\t<\/div><div class='yrm-btn-wrapper yrm-inline-wrapper yrm-btn-wrapper-2  yrm-more-button-wrapper '><span title='' data-less-title='' data-more-title=''  class='yrm-toggle-expand  yrm-toggle-expand-2' data-rel='yrm-fTRcO' data-more='Leer M\u00e1s' data-less='Leer Menos' style='border: none; width: 100%;'><span class=\"yrm-button-text-2 yrm-button-text-span\">Leer M\u00e1s<\/span><\/span><\/div>[\/vc_column_text][\/vc_column][vc_column width=\u00bb1\/2&#8243;][vc_custom_heading text=\u00bbMASTER PLAN DE ILUMINACI\u00d3N\u00bb font_container=\u00bbtag:h3|font_size:18px|text_align:left|color:%23424e63&#8243; google_fonts=\u00bbfont_family:Tstar-w00-bold%3Aregular\u00bb][vc_column_text]En proyectos de gran escala y de desarrollos urbanos es necesaria la elaboraci\u00f3n de un plan maestro de iluminaci\u00f3n para garantizar la coherencia est\u00e9tica, la consistencia y la performance del proyecto.<br \/>\n<div class='yrm-content yrm-content-2 yrm-content-hide  ' id='yrm-Al4ap' data-id='2' data-show-status='false' data-after-action='' style=\"visibility: hidden;height: 0;\">\n\t\t\t<div id='yrm-inner-content-yrm-Al4ap' class='yrm-inner-content-wrapper yrm-cntent-2'><br \/>\nUn plan maestro de iluminaci\u00f3n es un documento integral que define las pautas y requisitos que deben seguirse y proporciona un marco a partir del cual desarrollar los esquemas de iluminaci\u00f3n de los diferentes componentes del proyecto.<br \/>\n<\/div>\n\t\t<\/div><div class='yrm-btn-wrapper yrm-inline-wrapper yrm-btn-wrapper-2  yrm-more-button-wrapper '><span title='' data-less-title='' data-more-title=''  class='yrm-toggle-expand  yrm-toggle-expand-2' data-rel='yrm-Al4ap' data-more='Leer M\u00e1s' data-less='Leer Menos' style='border: none; width: 100%;'><span class=\"yrm-button-text-2 yrm-button-text-span\">Leer M\u00e1s<\/span><\/span><\/div>[\/vc_column_text][\/vc_column][\/vc_row][vc_row wrap_container=\u00bbyes\u00bb conditional_render=\u00bb%5B%7B%22value_role%22%3A%22administrator%22%7D%5D\u00bb el_class=\u00bbservices-all\u00bb animation_type=\u00bbfadeIn\u00bb][vc_column width=\u00bb1\/2&#8243;][vc_custom_heading text=\u00bbDISE\u00d1O DE CONTROL DE ILUMINACI\u00d3N\u00bb font_container=\u00bbtag:h3|font_size:18px|text_align:left|color:%23424e63&#8243; google_fonts=\u00bbfont_family:Tstar-w00-bold%3Aregular\u00bb][vc_column_text]El dise\u00f1o integral de un sistema de control de iluminaci\u00f3n no s\u00f3lo ofrece enormes ahorros en costos de energ\u00eda , sino que tambi\u00e9n mejora la experiencia general de iluminaci\u00f3n de un proyecto , mediante el uso de escenas y comportamientos espec\u00edficos.<br \/>\n<div class='yrm-content yrm-content-2 yrm-content-hide  ' id='yrm-7tTui' data-id='2' data-show-status='false' data-after-action='' style=\"visibility: hidden;height: 0;\">\n\t\t\t<div id='yrm-inner-content-yrm-7tTui' class='yrm-inner-content-wrapper yrm-cntent-2'><br \/>\nEl dise\u00f1o de iluminaci\u00f3n contempor\u00e1neo busca la interacci\u00f3n del usuario con su entorno, exigiendo el control total de los ajustes de la luz.<\/p>\n<p>En UMAYA Lighting Design entregamos los siguientes documentos como parte de un paquete de control de iluminaci\u00f3n:<\/p>\n<p>&#8211; Planos de control de la iluminaci\u00f3n en los que que indican los diferentes grupos de control.<\/p>\n<p>&#8211; Listas de control de iluminaci\u00f3n que representan los comportamientos de estos grupos, el componente de control utilizado para cada grupo y los factores desencadenantes que activan cada respuesta.<\/p>\n<p>&#8211; Diagramas de control de iluminaci\u00f3n, que representa el sistema de control de iluminaci\u00f3n general , sus componentes y c\u00f3mo se relacionan entre s\u00ed.<\/p>\n<p>&#8211; Especificaciones de control de iluminaci\u00f3n y BOQs.<br \/>\n<\/div>\n\t\t<\/div><div class='yrm-btn-wrapper yrm-inline-wrapper yrm-btn-wrapper-2  yrm-more-button-wrapper '><span title='' data-less-title='' data-more-title=''  class='yrm-toggle-expand  yrm-toggle-expand-2' data-rel='yrm-7tTui' data-more='Leer M\u00e1s' data-less='Leer Menos' style='border: none; width: 100%;'><span class=\"yrm-button-text-2 yrm-button-text-span\">Leer M\u00e1s<\/span><\/span><\/div>[\/vc_column_text][\/vc_column][vc_column width=\u00bb1\/2&#8243;][vc_custom_heading text=\u00bbESTUDIO DE ILUMINACI\u00d3N NATURAL\u00bb font_container=\u00bbtag:h3|font_size:18px|text_align:left|color:%23424e63&#8243; google_fonts=\u00bbfont_family:Tstar-w00-bold%3Aregular\u00bb][vc_column_text]Con el aumento de los costos de la energ\u00eda y un creciente n\u00famero de certificaciones de construcci\u00f3n sustentable en todo el mundo, los estudios de iluminaci\u00f3n diurna se han convertido en una valiosa herramienta para pronosticar la entrada de luz natural en los edificios, ya sea para mitigarla o capturarla, y desarrollar esquemas de iluminaci\u00f3n y de control en consecuencia.<br \/>\n<div class='yrm-content yrm-content-2 yrm-content-hide  ' id='yrm-WOilJ' data-id='2' data-show-status='false' data-after-action='' style=\"visibility: hidden;height: 0;\">\n\t\t\t<div id='yrm-inner-content-yrm-WOilJ' class='yrm-inner-content-wrapper yrm-cntent-2'><br \/>\nUMAYA Lighting Design ofrece estudios de iluminaci\u00f3n diurna, ya sea para desarrollar una envolvente m\u00e1s eficiente para un edificio, predecir los efectos de la luz natural en espacios interiores o desarrollar un plan integral de iluminaci\u00f3n eficiente.<\/div>\n\t\t<\/div><div class='yrm-btn-wrapper yrm-inline-wrapper yrm-btn-wrapper-2  yrm-more-button-wrapper '><span title='' data-less-title='' data-more-title=''  class='yrm-toggle-expand  yrm-toggle-expand-2' data-rel='yrm-WOilJ' data-more='Leer M\u00e1s' data-less='Leer Menos' style='border: none; width: 100%;'><span class=\"yrm-button-text-2 yrm-button-text-span\">Leer M\u00e1s<\/span><\/span><\/div>[\/vc_column_text][\/vc_column][\/vc_row][vc_row wrap_container=\u00bbyes\u00bb conditional_render=\u00bb%5B%7B%22value_role%22%3A%22administrator%22%7D%5D\u00bb el_class=\u00bbservices-all\u00bb animation_type=\u00bbfadeIn\u00bb][vc_column width=\u00bb1\/2&#8243;][vc_custom_heading text=\u00bbGESTI\u00d3N DE PROYECTOS DE ILUMINACI\u00d3N\u00bb font_container=\u00bbtag:h3|font_size:18px|text_align:left|color:%23424e63&#8243; google_fonts=\u00bbfont_family:Tstar-w00-bold%3Aregular\u00bb][vc_column_text]Dada la complejidad de los proyectos a gran escala, por lo general con las partes interesadas en diferentes lugares y con intereses opuestos, la Gesti\u00f3n de Proyectos de iluminaci\u00f3n es siempre la opci\u00f3n correcta para agilizar los procesos, evitar gastos innecesarios y reducir el tiempo.<br \/>\n<div class='yrm-content yrm-content-2 yrm-content-hide  ' id='yrm-kMjz1' data-id='2' data-show-status='false' data-after-action='' style=\"visibility: hidden;height: 0;\">\n\t\t\t<div id='yrm-inner-content-yrm-kMjz1' class='yrm-inner-content-wrapper yrm-cntent-2'><br \/>\nNuestro equipo de profesionales de iluminaci\u00f3n ofrece un servicio integral de gesti\u00f3n de proyectos de iluminaci\u00f3n , a partir de los estudios iniciales de viabilidad, el dise\u00f1o, el apoyo de licitaci\u00f3n, contrataci\u00f3n, supervisi\u00f3n de la construcci\u00f3n, las pruebas finales y puesta en marcha.<br \/>\n<\/div>\n\t\t<\/div><div class='yrm-btn-wrapper yrm-inline-wrapper yrm-btn-wrapper-2  yrm-more-button-wrapper '><span title='' data-less-title='' data-more-title=''  class='yrm-toggle-expand  yrm-toggle-expand-2' data-rel='yrm-kMjz1' data-more='Leer M\u00e1s' data-less='Leer Menos' style='border: none; width: 100%;'><span class=\"yrm-button-text-2 yrm-button-text-span\">Leer M\u00e1s<\/span><\/span><\/div>[\/vc_column_text][\/vc_column][vc_column width=\u00bb1\/2&#8243;][vc_custom_heading text=\u00bbDISE\u00d1O DE LUMINARIAS\u00bb font_container=\u00bbtag:h3|font_size:18px|text_align:left|color:%23424e63&#8243; google_fonts=\u00bbfont_family:Tstar-w00-bold%3Aregular\u00bb][vc_column_text]A veces no existe la luminaria perfecta para un espacio o aplicaci\u00f3n; esto puede deberse a una variedad de razones, como el tama\u00f1o, el acabado, el rendimiento, la tecnolog\u00eda o la est\u00e9tica.<br \/>\n<div class='yrm-content yrm-content-2 yrm-content-hide  ' id='yrm-MQYw7' data-id='2' data-show-status='false' data-after-action='' style=\"visibility: hidden;height: 0;\">\n\t\t\t<div id='yrm-inner-content-yrm-MQYw7' class='yrm-inner-content-wrapper yrm-cntent-2'><br \/>\nUMAYA Lighting Design tiene contacto directo con decenas de I + D de los departamentos de todo el mundo, capaces de desarrollar y producir la mas singular de las luminarias.<br \/>\n<\/div>\n\t\t<\/div><div class='yrm-btn-wrapper yrm-inline-wrapper yrm-btn-wrapper-2  yrm-more-button-wrapper '><span title='' data-less-title='' data-more-title=''  class='yrm-toggle-expand  yrm-toggle-expand-2' data-rel='yrm-MQYw7' data-more='Leer M\u00e1s' data-less='Leer Menos' style='border: none; width: 100%;'><span class=\"yrm-button-text-2 yrm-button-text-span\">Leer M\u00e1s<\/span><\/span><\/div>[\/vc_column_text][\/vc_column][\/vc_row][vc_row wrap_container=\u00bbyes\u00bb conditional_render=\u00bb%5B%7B%22value_role%22%3A%22administrator%22%7D%5D\u00bb el_class=\u00bbservices-all\u00bb animation_type=\u00bbfadeIn\u00bb css=\u00bb.vc_custom_1682984348503{padding-bottom: 40px !important;}\u00bb][vc_column width=\u00bb1\/2&#8243;][vc_custom_heading text=\u00bbESTUDIO DE EFICIENCIA ENERG\u00c9TICA\u00bb font_container=\u00bbtag:h3|font_size:18px|text_align:left|color:%23424e63&#8243; google_fonts=\u00bbfont_family:Tstar-w00-bold%3Aregular\u00bb][vc_column_text]La renovaci\u00f3n de la iluminaci\u00f3n, la reconfiguraci\u00f3n o incluso la sustituci\u00f3n de luminarias se han convertido en pr\u00e1cticas comunes, especialmente en proyectos comerciales, industriales y de hosteler\u00eda de gran escala, debido al aumento de las facturas el\u00e9ctricas y el avance de las tecnolog\u00edas de iluminaci\u00f3n en t\u00e9rminos de eficiencia y vida \u00fatil.<br \/>\n<div class='yrm-content yrm-content-2 yrm-content-hide  ' id='yrm-BqHP4' data-id='2' data-show-status='false' data-after-action='' style=\"visibility: hidden;height: 0;\">\n\t\t\t<div id='yrm-inner-content-yrm-BqHP4' class='yrm-inner-content-wrapper yrm-cntent-2'><br \/>\nUMAYA Lighting Design desarrolla un completo estudio de ahorro de energ\u00eda, incluyendo el redise\u00f1o, especificaci\u00f3n, an\u00e1lisis financiero , apoyo a las adquisiciones y la supervisi\u00f3n de la instalaci\u00f3n, para lograr el m\u00e1ximo ahorro al tiempo que mejora el esquema de iluminaci\u00f3n.<br \/>\n<\/div>\n\t\t<\/div><div class='yrm-btn-wrapper yrm-inline-wrapper yrm-btn-wrapper-2  yrm-more-button-wrapper '><span title='' data-less-title='' data-more-title=''  class='yrm-toggle-expand  yrm-toggle-expand-2' data-rel='yrm-BqHP4' data-more='Leer M\u00e1s' data-less='Leer Menos' style='border: none; width: 100%;'><span class=\"yrm-button-text-2 yrm-button-text-span\">Leer M\u00e1s<\/span><\/span><\/div>[\/vc_column_text][\/vc_column][vc_column width=\u00bb1\/2&#8243;][vc_custom_heading text=\u00bbINGENIER\u00cdA DE VALOR\u00bb font_container=\u00bbtag:h3|font_size:18px|text_align:left|color:%23424e63&#8243; google_fonts=\u00bbfont_family:Tstar-w00-bold%3Aregular\u00bb][vc_column_text]Con reducciones de presupuesto cada vez m\u00e1s frecuentes, la mayor\u00eda de los proyectos entran en un espiral descendente de ejercicios de ahorro, que resultan en resultados est\u00e9ticos magros y productos de baja calidad. En UMAYA Lighting Design seguimos un proceso consciente y realista de ingenier\u00eda de valor, al identificar qu\u00e9 es esencial, qu\u00e9 es preferible y qu\u00e9 es secundario en un proyecto.<br \/>\n<div class='yrm-content yrm-content-2 yrm-content-hide  ' id='yrm-DtYyp' data-id='2' data-show-status='false' data-after-action='' style=\"visibility: hidden;height: 0;\">\n\t\t\t<div id='yrm-inner-content-yrm-DtYyp' class='yrm-inner-content-wrapper yrm-cntent-2'><br \/>\nNuestro objetivo es proporcionar a nuestros clientes la mejor relaci\u00f3n calidad-precio, siendo respetuosos de la esencia del proyecto.<br \/>\n<\/div>\n\t\t<\/div><div class='yrm-btn-wrapper yrm-inline-wrapper yrm-btn-wrapper-2  yrm-more-button-wrapper '><span title='' data-less-title='' data-more-title=''  class='yrm-toggle-expand  yrm-toggle-expand-2' data-rel='yrm-DtYyp' data-more='Leer M\u00e1s' data-less='Leer Menos' style='border: none; width: 100%;'><span class=\"yrm-button-text-2 yrm-button-text-span\">Leer M\u00e1s<\/span><\/span><\/div>[\/vc_column_text][\/vc_column][\/vc_row][vc_row wrap_container=\u00bbyes\u00bb conditional_render=\u00bb%5B%7B%22value_role%22%3A%22administrator%22%7D%5D\u00bb css=\u00bb.vc_custom_1681209866875{background-image: url(https:\/\/umayalighting.com\/wp-content\/uploads\/2023\/04\/quote-bg.jpg?id=676) !important;}\u00bb][vc_column][vc_empty_space height=\u00bb62&#8243;]<div class=\"porto-testimonial wpb_content_element appear-animation   wpb_custom_dce6d0b71cbd68a9e6e50133ef1320ab\" data-appear-animation=\"zoomIn\"><div class=\"testimonial testimonial-with-quotes\"><blockquote class=\"testimonial-carousel\" style=\"color:#ffffff\"><p><span class=\"qstart\">\u00ab<\/span>Todo gran dise\u00f1o comienza<br \/>\ncon una historia a\u00fan mejor<span class=\"qend\">\u00ab<\/span>.<br \/>\n<\/p><\/blockquote><div class=\"testimonial-author\"><p><strong style=\"color:#ffffff\">Lorinda Mamo<\/strong><span><\/span><\/p><\/div><\/div><\/div>[vc_empty_space height=\u00bb62&#8243;][\/vc_column][\/vc_row][vc_row css=\u00bb.vc_custom_1681213437873{padding-top: 16px !important;background-color: #dfdfdf !important;}\u00bb conditional_render=\u00bb%5B%7B%22value_role%22%3A%22administrator%22%7D%5D\u00bb][vc_column width=\u00bb1\/2&#8243;][vc_custom_heading text=\u00bbSUBSCRIBASE PARA RECIBIR NUESTRAS NOVEDADES\u00bb font_container=\u00bbtag:p|font_size:26px|text_align:right|color:%23434e63&#8243; google_fonts=\u00bbfont_family:Tstar-w00-bold%3Aregular\u00bb css=\u00bb.vc_custom_1681213403439{margin-top: 8px !important;}\u00bb][\/vc_column][vc_column width=\u00bb1\/2&#8243;]\n<div class=\"wpcf7 no-js\" id=\"wpcf7-f7300-o1\" lang=\"es-ES\" dir=\"ltr\" data-wpcf7-id=\"7300\">\n<div class=\"screen-reader-response\"><p role=\"status\" aria-live=\"polite\" aria-atomic=\"true\"><\/p> <ul><\/ul><\/div>\n<form action=\"\/es\/wp-json\/wp\/v2\/pages\/6051#wpcf7-f7300-o1\" method=\"post\" class=\"wpcf7-form init\" aria-label=\"Formulario de contacto\" novalidate=\"novalidate\" data-status=\"init\">\n<fieldset class=\"hidden-fields-container\"><input type=\"hidden\" name=\"_wpcf7\" value=\"7300\" \/><input type=\"hidden\" name=\"_wpcf7_version\" value=\"6.1.5\" \/><input type=\"hidden\" name=\"_wpcf7_locale\" value=\"es_ES\" \/><input type=\"hidden\" name=\"_wpcf7_unit_tag\" value=\"wpcf7-f7300-o1\" \/><input type=\"hidden\" name=\"_wpcf7_container_post\" value=\"0\" \/><input type=\"hidden\" name=\"_wpcf7_posted_data_hash\" value=\"\" \/>\n<\/fieldset>\n<div class=\"newsletter\" style=\"float: left;\"><label><span class=\"wpcf7-form-control-wrap\" data-name=\"your-email\"><input size=\"40\" maxlength=\"400\" class=\"wpcf7-form-control wpcf7-email wpcf7-validates-as-required wpcf7-text wpcf7-validates-as-email\" autocomplete=\"email\" aria-required=\"true\" aria-invalid=\"false\" placeholder=\"Introduzca su correo\" value=\"\" type=\"email\" name=\"your-email\" \/><\/span> <\/label><\/div> <div class=\"newsletter-botton\" style=\"float: left;\"><input class=\"wpcf7-form-control wpcf7-submit has-spinner\" type=\"submit\" value=\"INSCRIBIRSE\" \/><\/div><div class=\"wpcf7-response-output\" aria-hidden=\"true\"><\/div>\n<\/form>\n<\/div>\n[\/vc_column][\/vc_row]<\/p>\n<\/div>","protected":false},"excerpt":{"rendered":"<p>[vc_row wrap_container=\u00bbyes\u00bb conditional_render=\u00bb%5B%7B%22value_role%22%3A%22administrator%22%7D%5D\u00bb css=\u00bb.vc_custom_1680938178719{margin-top: -100px !important;}\u00bb][vc_column width=\u00bb1\/2&#8243;][\/vc_column][vc_column width=\u00bb1\/2&#8243; css=\u00bb.vc_custom_1682984580819{padding-top: 40px !important;padding-right: 40px !important;padding-bottom: 20px !important;padding-left: 40px !important;background-color: #9bc6a6 !important;}\u00bb conditional_render=\u00bb%5B%7B%22value_role%22%3A%22administrator%22%7D%5D\u00bb animation_type=\u00bbbounceInRight\u00bb][vc_column_text] Desde la iluminaci\u00f3n diurna al master plan, y todo lo que existe entre ellos, hemos hecho todo en cuando se trata de dise\u00f1o de iluminaci\u00f3n. [\/vc_column_text][\/vc_column][\/vc_row][vc_row wrap_container=\u00bbyes\u00bb conditional_render=\u00bb%5B%7B%22value_role%22%3A%22administrator%22%7D%5D\u00bb][vc_column][vc_empty_space][\/vc_column][\/vc_row][vc_row wrap_container=\u00bbyes\u00bb conditional_render=\u00bb%5B%7B%22value_role%22%3A%22administrator%22%7D%5D\u00bb el_class=\u00bbservices-all\u00bb animation_type=\u00bbfadeIn\u00bb][vc_column width=\u00bb1\/2&#8243;][vc_custom_heading text=\u00bbDISE\u00d1O [&hellip;]<\/p>\n","protected":false},"author":1,"featured_media":0,"parent":0,"menu_order":0,"comment_status":"closed","ping_status":"closed","template":"","meta":{"_acf_changed":false,"footnotes":""},"class_list":["post-6051","page","type-page","status-publish","hentry"],"acf":[],"_links":{"self":[{"href":"https:\/\/umayalighting.com\/es\/wp-json\/wp\/v2\/pages\/6051","targetHints":{"allow":["GET"]}}],"collection":[{"href":"https:\/\/umayalighting.com\/es\/wp-json\/wp\/v2\/pages"}],"about":[{"href":"https:\/\/umayalighting.com\/es\/wp-json\/wp\/v2\/types\/page"}],"author":[{"embeddable":true,"href":"https:\/\/umayalighting.com\/es\/wp-json\/wp\/v2\/users\/1"}],"replies":[{"embeddable":true,"href":"https:\/\/umayalighting.com\/es\/wp-json\/wp\/v2\/comments?post=6051"}],"version-history":[{"count":9,"href":"https:\/\/umayalighting.com\/es\/wp-json\/wp\/v2\/pages\/6051\/revisions"}],"predecessor-version":[{"id":7312,"href":"https:\/\/umayalighting.com\/es\/wp-json\/wp\/v2\/pages\/6051\/revisions\/7312"}],"wp:attachment":[{"href":"https:\/\/umayalighting.com\/es\/wp-json\/wp\/v2\/media?parent=6051"}],"curies":[{"name":"wp","href":"https:\/\/api.w.org\/{rel}","templated":true}]}}