{"id":6059,"date":"2023-04-24T04:04:30","date_gmt":"2023-04-24T00:04:30","guid":{"rendered":"https:\/\/umayalighting.com\/projects\/hotel-residencias-address\/"},"modified":"2023-09-16T16:40:28","modified_gmt":"2023-09-16T12:40:28","slug":"address-hotel-residences","status":"publish","type":"product","link":"https:\/\/umayalighting.com\/es\/projects\/address-hotel-residences\/","title":{"rendered":"Hotel &amp; Residencias Address"},"content":{"rendered":"<p>El concepto de iluminaci\u00f3n de fachada se inspir\u00f3 en el estilo de vida de Miami, con la tem\u00e1tica del sol y la playa. La idea central fue capturar el momento en que el sol se pone en el horizonte de la ciudad y la playa, reflejando rayos de luz suave y degradada que se dispersan en el cielo.<\/p>\n<p>El objetivo fue crear un resultado final simple pero elegante, que brindara a los hu\u00e9spedes una sensaci\u00f3n de confort y apertura. Por este motivo se eligi\u00f3 una temperatura de color c\u00e1lida en toda la fachada, y efectos de iluminaci\u00f3n suaves y degradados en lugar de directos y n\u00edtidos.<\/p>\n<p>La iluminaci\u00f3n de los jardines se enfoc\u00f3 en crear un viaje memorable para hu\u00e9spedes y residentes. a con una suave luz indirecta que se refleja en el entorno, dando la idea de que la luz proviene del interior de la naturaleza misma.<\/p>\n<p>Se hizo hincapi\u00e9 en los puntos focales para agregar un toque atractivo y emocionante, visto tanto desde la planta baja como desde los niveles superiores. Estas adiciones est\u00e1n destinadas a resaltar los acabados \u00fanicos, mediante el uso de reflejos y un juego equilibrado de luz y oscuridad.<\/p>\n","protected":false},"excerpt":{"rendered":"<p>UBICACI\u00d3N: Manama, Bar\u00e9in<br \/>\nUSO: HOTELER\u00cdA<br \/>\nALCANCE: DISE\u00d1O LUM\u00cdNICO DE FACHADA &amp; PAISAJISMO<\/p>\n","protected":false},"featured_media":4777,"comment_status":"closed","ping_status":"closed","template":"","meta":{"_acf_changed":false},"product_brand":[],"product_cat":[108],"product_tag":[],"class_list":{"0":"post-6059","1":"product","2":"type-product","3":"status-publish","4":"has-post-thumbnail","6":"product_cat-proyectos","8":"first","9":"instock","10":"shipping-taxable","11":"product-type-simple"},"acf":[],"_links":{"self":[{"href":"https:\/\/umayalighting.com\/es\/wp-json\/wp\/v2\/product\/6059","targetHints":{"allow":["GET"]}}],"collection":[{"href":"https:\/\/umayalighting.com\/es\/wp-json\/wp\/v2\/product"}],"about":[{"href":"https:\/\/umayalighting.com\/es\/wp-json\/wp\/v2\/types\/product"}],"replies":[{"embeddable":true,"href":"https:\/\/umayalighting.com\/es\/wp-json\/wp\/v2\/comments?post=6059"}],"wp:featuredmedia":[{"embeddable":true,"href":"https:\/\/umayalighting.com\/es\/wp-json\/wp\/v2\/media\/4777"}],"wp:attachment":[{"href":"https:\/\/umayalighting.com\/es\/wp-json\/wp\/v2\/media?parent=6059"}],"wp:term":[{"taxonomy":"product_brand","embeddable":true,"href":"https:\/\/umayalighting.com\/es\/wp-json\/wp\/v2\/product_brand?post=6059"},{"taxonomy":"product_cat","embeddable":true,"href":"https:\/\/umayalighting.com\/es\/wp-json\/wp\/v2\/product_cat?post=6059"},{"taxonomy":"product_tag","embeddable":true,"href":"https:\/\/umayalighting.com\/es\/wp-json\/wp\/v2\/product_tag?post=6059"}],"curies":[{"name":"wp","href":"https:\/\/api.w.org\/{rel}","templated":true}]}}