{"id":6060,"date":"2023-04-24T04:07:14","date_gmt":"2023-04-24T00:07:14","guid":{"rendered":"https:\/\/umayalighting.com\/projects\/agora-mall\/"},"modified":"2023-09-16T16:40:29","modified_gmt":"2023-09-16T12:40:29","slug":"agora-mall","status":"publish","type":"product","link":"https:\/\/umayalighting.com\/es\/projects\/agora-mall\/","title":{"rendered":"Agora Mall"},"content":{"rendered":"<p>El esquema de iluminaci\u00f3n interior para este centro comercial de lujo se bas\u00f3 en la entrada de luz natural a lo largo del d\u00eda. Grandes claraboyas sobre los atrios y corredores principales no s\u00f3lo proporcionaron una oportunidad para reducir los costos de energ\u00eda asociados a la iluminaci\u00f3n, sino tambi\u00e9n jugar con las sombras proyectadas por los elementos decorativos suspendidos, creando un efecto natural, din\u00e1mico y contantemente cambiante.<\/p>\n<p>El sistema de iluminaci\u00f3n responde por lo tanto a las condiciones de luz natural, ajustando la intensidad de la luz en las distintas \u00e1reas del centro comercial, a fin de equilibrar los brillos y crear una atm\u00f3sfera uniforme a lo largo del edificio.<\/p>\n<p>La l\u00f3gica detr\u00e1s de la iluminaci\u00f3n de fachada se centr\u00f3 en resaltar la rigurosa geometr\u00eda del edificio. Se emple\u00f3 una combinaci\u00f3n de elementos de iluminaci\u00f3n t\u00e9cnica y decorativa, as\u00ed como luz directa y difusa, para producir un resultado visual c\u00f3modo y atractivo.<\/p>\n","protected":false},"excerpt":{"rendered":"<p>UBICACI\u00d3N: DUBAI, EMIRATOS \u00c1RABES UNIDOS<br \/>\nUSO: Malls &amp; Retail<br \/>\nALCANCE: DISE\u00d1O LUM\u00cdNICO DE INTERIORES, FACHADA<br \/>\n&amp; ESTUDIO DE ILUMINACI\u00d3N NATURAL<\/p>\n","protected":false},"featured_media":8727,"comment_status":"closed","ping_status":"closed","template":"","meta":{"_acf_changed":false},"product_brand":[],"product_cat":[108],"product_tag":[],"class_list":{"0":"post-6060","1":"product","2":"type-product","3":"status-publish","4":"has-post-thumbnail","6":"product_cat-proyectos","8":"first","9":"instock","10":"shipping-taxable","11":"product-type-simple"},"acf":[],"_links":{"self":[{"href":"https:\/\/umayalighting.com\/es\/wp-json\/wp\/v2\/product\/6060","targetHints":{"allow":["GET"]}}],"collection":[{"href":"https:\/\/umayalighting.com\/es\/wp-json\/wp\/v2\/product"}],"about":[{"href":"https:\/\/umayalighting.com\/es\/wp-json\/wp\/v2\/types\/product"}],"replies":[{"embeddable":true,"href":"https:\/\/umayalighting.com\/es\/wp-json\/wp\/v2\/comments?post=6060"}],"wp:featuredmedia":[{"embeddable":true,"href":"https:\/\/umayalighting.com\/es\/wp-json\/wp\/v2\/media\/8727"}],"wp:attachment":[{"href":"https:\/\/umayalighting.com\/es\/wp-json\/wp\/v2\/media?parent=6060"}],"wp:term":[{"taxonomy":"product_brand","embeddable":true,"href":"https:\/\/umayalighting.com\/es\/wp-json\/wp\/v2\/product_brand?post=6060"},{"taxonomy":"product_cat","embeddable":true,"href":"https:\/\/umayalighting.com\/es\/wp-json\/wp\/v2\/product_cat?post=6060"},{"taxonomy":"product_tag","embeddable":true,"href":"https:\/\/umayalighting.com\/es\/wp-json\/wp\/v2\/product_tag?post=6060"}],"curies":[{"name":"wp","href":"https:\/\/api.w.org\/{rel}","templated":true}]}}