{"id":6061,"date":"2023-04-24T04:29:40","date_gmt":"2023-04-24T00:29:40","guid":{"rendered":"https:\/\/umayalighting.com\/projects\/torre-al-ameri\/"},"modified":"2023-09-16T16:40:30","modified_gmt":"2023-09-16T12:40:30","slug":"al-ameri-tower","status":"publish","type":"product","link":"https:\/\/umayalighting.com\/es\/projects\/al-ameri-tower\/","title":{"rendered":"Torre Al Ameri"},"content":{"rendered":"<p>Ubicada en una de la mayores intersecciones en Sheikh Zayed Road, la Torre Al-Ameri no tardo en convertirse en un elemento de referencia del Nuevo Dub\u00e1i. Debido a no contar con torres cercanas, el an\u00e1lisis lum\u00ednico se realizo en 360 grados, a fin de resaltar el edificio desde todos los puntos de vista.<\/p>\n<p>La intensi\u00f3n de dise\u00f1o fue simple y directa; la carcasa exterior del edificio se asemeja a un barco atracado apuntando al oc\u00e9ano. Delgadas l\u00edneas de luz turquesa marcan sus bordes y conectan visualmente esta carcasa con el vidriado curvo del edificio, mientras que fuertes puntos de luz delinean la proa y popa.<\/p>\n<p>Se prest\u00f3 especial atenci\u00f3n a la iluminaci\u00f3n del parking en el podio, para asegurar que los louvers fueran vistos desde el exterior sin necesidad de ninguna iluminaci\u00f3n externa adicional.<\/p>\n","protected":false},"excerpt":{"rendered":"<p>UBICACI\u00d3N: DUBAI, EMIRATOS \u00c1RABES UNIDOS<br \/>\nUSO: Oficinas &amp; Corporativo &#8211; GRAN ALTURA<br \/>\nALCANCE: DISE\u00d1O LUM\u00cdNICO DE FACHADA<\/p>\n","protected":false},"featured_media":9516,"comment_status":"closed","ping_status":"closed","template":"","meta":{"_acf_changed":false},"product_brand":[],"product_cat":[108],"product_tag":[],"class_list":{"0":"post-6061","1":"product","2":"type-product","3":"status-publish","4":"has-post-thumbnail","6":"product_cat-proyectos","8":"first","9":"instock","10":"shipping-taxable","11":"product-type-simple"},"acf":[],"_links":{"self":[{"href":"https:\/\/umayalighting.com\/es\/wp-json\/wp\/v2\/product\/6061","targetHints":{"allow":["GET"]}}],"collection":[{"href":"https:\/\/umayalighting.com\/es\/wp-json\/wp\/v2\/product"}],"about":[{"href":"https:\/\/umayalighting.com\/es\/wp-json\/wp\/v2\/types\/product"}],"replies":[{"embeddable":true,"href":"https:\/\/umayalighting.com\/es\/wp-json\/wp\/v2\/comments?post=6061"}],"wp:featuredmedia":[{"embeddable":true,"href":"https:\/\/umayalighting.com\/es\/wp-json\/wp\/v2\/media\/9516"}],"wp:attachment":[{"href":"https:\/\/umayalighting.com\/es\/wp-json\/wp\/v2\/media?parent=6061"}],"wp:term":[{"taxonomy":"product_brand","embeddable":true,"href":"https:\/\/umayalighting.com\/es\/wp-json\/wp\/v2\/product_brand?post=6061"},{"taxonomy":"product_cat","embeddable":true,"href":"https:\/\/umayalighting.com\/es\/wp-json\/wp\/v2\/product_cat?post=6061"},{"taxonomy":"product_tag","embeddable":true,"href":"https:\/\/umayalighting.com\/es\/wp-json\/wp\/v2\/product_tag?post=6061"}],"curies":[{"name":"wp","href":"https:\/\/api.w.org\/{rel}","templated":true}]}}