{"id":6062,"date":"2023-04-24T04:14:09","date_gmt":"2023-04-24T00:14:09","guid":{"rendered":"https:\/\/umayalighting.com\/projects\/mezquita-al-azizia\/"},"modified":"2023-09-16T16:40:30","modified_gmt":"2023-09-16T12:40:30","slug":"al-azizia-mosque","status":"publish","type":"product","link":"https:\/\/umayalighting.com\/es\/projects\/al-azizia-mosque\/","title":{"rendered":"Mezquita Al Azizia"},"content":{"rendered":"<p>La intenci\u00f3n principal de la iluminaci\u00f3n interior fue crear una atm\u00f3sfera suave y acogedora, capaz de conectar la arquitectura del edificio con su prop\u00f3sito espiritual.<\/p>\n<p>Las estrategias de iluminaci\u00f3n utilizadas estuvieron dirigidas a proporcionar los niveles de iluminaci\u00f3n adecuados, resaltar los detalles arquitect\u00f3nicos y reducir la contaminaci\u00f3n visual, permitiendo al visitante apreciar la magnificencia del espacio interior. Con estos criterios en mente, se empotraron luminarias siguiendo el dise\u00f1o del cielorraso, mientras que una serie de gargantas de iluminaci\u00f3n resaltan los planos verticales, dando una sensaci\u00f3n espacial mayor.<\/p>\n<p>La iluminaci\u00f3n de acento en arcos y nichos crea puntos focales verticales y resalta la arquitectura en su conjunto, mientras que luminarias decorativas suspendidas marcan el centro de cada \u00e1rea, conectando visualmente las alturas simples y dobles.<\/p>\n<p>Las c\u00fapulas fueron iluminadas por detr\u00e1s de sus pantallas, permitiendo que la luz se disperse dentro del espacio y proyecte sus diferentes formas. Esta luz funciona en un ciclo din\u00e1mico, cambiando de blanco c\u00e1lido a blanco fr\u00edo y de nuevo a c\u00e1lido durante el transcurso del d\u00eda. Durante el llamado a la oraci\u00f3n, las c\u00fapulas cambian a un color azul suave, reforzando la conexi\u00f3n espiritual con el usuario.<\/p>\n<p>Dado el tama\u00f1o y ubicaci\u00f3n de esta mezquita, el fin principal de la iluminaci\u00f3n de fachada fue transformar al edificio en un elemento ic\u00f3nico durante la noche, un punto de referencia capaz de ser reconocido a la distancia y admirado desde la proximidad.<\/p>\n<p>El dise\u00f1o lum\u00ednico se organiz\u00f3 en dos grupos. El primer grupo se centr\u00f3 en los elementos arquitect\u00f3nicos que dan al edificio su car\u00e1cter \u00fanico. Al iluminar \u00e9stos, la calidad de dise\u00f1o de la fachada queda expuesta, dejando al descubierto sus detalles y creando una sensaci\u00f3n de lujo y esplendor. El segundo grupo trabaja con los vol\u00famenes y la arquitectura general del edificio, y es responsable de retratar la composici\u00f3n general que se ve a la distancia.<\/p>\n<p>Estas dos capas funcionan de forma independiente, proporcionando m\u00faltiples escenas dependiendo de la ocasi\u00f3n y momento del d\u00eda.<\/p>\n","protected":false},"excerpt":{"rendered":"<p>UBICACI\u00d3N: LA MECA, ARABIA SAUDITA<br \/>\nUSO: CULTO<br \/>\nALCANCE: DISE\u00d1O LUM\u00cdNICO DE INTERIORES, FACHADA &amp; PAISAJISMO<\/p>\n","protected":false},"featured_media":9841,"comment_status":"closed","ping_status":"closed","template":"","meta":{"_acf_changed":false},"product_brand":[],"product_cat":[108],"product_tag":[],"class_list":{"0":"post-6062","1":"product","2":"type-product","3":"status-publish","4":"has-post-thumbnail","6":"product_cat-proyectos","8":"first","9":"instock","10":"shipping-taxable","11":"product-type-simple"},"acf":[],"_links":{"self":[{"href":"https:\/\/umayalighting.com\/es\/wp-json\/wp\/v2\/product\/6062","targetHints":{"allow":["GET"]}}],"collection":[{"href":"https:\/\/umayalighting.com\/es\/wp-json\/wp\/v2\/product"}],"about":[{"href":"https:\/\/umayalighting.com\/es\/wp-json\/wp\/v2\/types\/product"}],"replies":[{"embeddable":true,"href":"https:\/\/umayalighting.com\/es\/wp-json\/wp\/v2\/comments?post=6062"}],"wp:featuredmedia":[{"embeddable":true,"href":"https:\/\/umayalighting.com\/es\/wp-json\/wp\/v2\/media\/9841"}],"wp:attachment":[{"href":"https:\/\/umayalighting.com\/es\/wp-json\/wp\/v2\/media?parent=6062"}],"wp:term":[{"taxonomy":"product_brand","embeddable":true,"href":"https:\/\/umayalighting.com\/es\/wp-json\/wp\/v2\/product_brand?post=6062"},{"taxonomy":"product_cat","embeddable":true,"href":"https:\/\/umayalighting.com\/es\/wp-json\/wp\/v2\/product_cat?post=6062"},{"taxonomy":"product_tag","embeddable":true,"href":"https:\/\/umayalighting.com\/es\/wp-json\/wp\/v2\/product_tag?post=6062"}],"curies":[{"name":"wp","href":"https:\/\/api.w.org\/{rel}","templated":true}]}}