{"id":6063,"date":"2023-04-24T04:12:39","date_gmt":"2023-04-24T00:12:39","guid":{"rendered":"https:\/\/umayalighting.com\/projects\/torres-al-badaa\/"},"modified":"2023-09-16T16:40:30","modified_gmt":"2023-09-16T12:40:30","slug":"al-badaa-towers","status":"publish","type":"product","link":"https:\/\/umayalighting.com\/es\/projects\/al-badaa-towers\/","title":{"rendered":"Torres Al Badaa"},"content":{"rendered":"<p>Lujo y Modernidad; dos sustantivos esenciales para expresar la intenci\u00f3n de dise\u00f1o de iluminaci\u00f3n interior de estas torres residenciales ubicadas en Dubai. Nuestro concepto de dise\u00f1o de iluminaci\u00f3n logro que los visitantes sean envueltos por un espacio uniforme y luminoso. Esta primera impresi\u00f3n se acent\u00faa a\u00fan m\u00e1s mediante el uso de puntos focales de luz para resaltar elementos espec\u00edficos del dise\u00f1o de interiores. Nuestro esquema se centr\u00f3 espec\u00edficamente en tratar individualmente los materiales contrastantes utilizados en el espacio, principalmente los tonos de roble oscuro sobre un fondo de m\u00e1rmol blanco.<\/p>\n","protected":false},"excerpt":{"rendered":"<p>UBICACI\u00d3N: DUBAI, EMIRATOS \u00c1RABES UNIDOS<br \/>\nUSO: RESIDENCIAL<br \/>\nALCANCE: DISE\u00d1O LUM\u00cdNICO DE INTERIORES<\/p>\n","protected":false},"featured_media":9048,"comment_status":"closed","ping_status":"closed","template":"","meta":{"_acf_changed":false},"product_brand":[],"product_cat":[108],"product_tag":[],"class_list":{"0":"post-6063","1":"product","2":"type-product","3":"status-publish","4":"has-post-thumbnail","6":"product_cat-proyectos","8":"first","9":"instock","10":"shipping-taxable","11":"product-type-simple"},"acf":[],"_links":{"self":[{"href":"https:\/\/umayalighting.com\/es\/wp-json\/wp\/v2\/product\/6063","targetHints":{"allow":["GET"]}}],"collection":[{"href":"https:\/\/umayalighting.com\/es\/wp-json\/wp\/v2\/product"}],"about":[{"href":"https:\/\/umayalighting.com\/es\/wp-json\/wp\/v2\/types\/product"}],"replies":[{"embeddable":true,"href":"https:\/\/umayalighting.com\/es\/wp-json\/wp\/v2\/comments?post=6063"}],"wp:featuredmedia":[{"embeddable":true,"href":"https:\/\/umayalighting.com\/es\/wp-json\/wp\/v2\/media\/9048"}],"wp:attachment":[{"href":"https:\/\/umayalighting.com\/es\/wp-json\/wp\/v2\/media?parent=6063"}],"wp:term":[{"taxonomy":"product_brand","embeddable":true,"href":"https:\/\/umayalighting.com\/es\/wp-json\/wp\/v2\/product_brand?post=6063"},{"taxonomy":"product_cat","embeddable":true,"href":"https:\/\/umayalighting.com\/es\/wp-json\/wp\/v2\/product_cat?post=6063"},{"taxonomy":"product_tag","embeddable":true,"href":"https:\/\/umayalighting.com\/es\/wp-json\/wp\/v2\/product_tag?post=6063"}],"curies":[{"name":"wp","href":"https:\/\/api.w.org\/{rel}","templated":true}]}}