{"id":6064,"date":"2023-04-24T04:21:28","date_gmt":"2023-04-24T00:21:28","guid":{"rendered":"https:\/\/umayalighting.com\/projects\/mezquita-al-farooq\/"},"modified":"2023-09-16T16:40:30","modified_gmt":"2023-09-16T12:40:30","slug":"al-farooq-mosque","status":"publish","type":"product","link":"https:\/\/umayalighting.com\/es\/projects\/al-farooq-mosque\/","title":{"rendered":"Mezquita Al Farooq"},"content":{"rendered":"<p>Situada en la zona residencial de Al Wasl, es la mezquita m\u00e1s grande de Dub\u00e1i, capaz de albergar a 2000 fieles al mismo tiempo. Su arquitectura est\u00e1 inspirada en la Mezquita Azul de Estambul. Su interior est\u00e1 adornado con los dise\u00f1os geom\u00e9tricos y juego de azulejos m\u00e1s exquisitos, hechos por artesanos marroqu\u00edes especialmente tra\u00eddos para esta tarea.<\/p>\n<p>Nuestro trabajo fue la mejora del dise\u00f1o de iluminaci\u00f3n propuesto originalmente.<\/p>\n<p>En el interior se identificaron varias deficiencias en t\u00e9rminos de niveles lum\u00ednicos y reconocimiento del espacio. Debido a esto, nuestras principales estrategias fueron incrementar la iluminancia vertical en paredes, iluminar las c\u00fapulas centrales y medias, y aumentar la iluminaci\u00f3n en el centro de la sala de oraci\u00f3n.<\/p>\n<p>Para resaltar la fachada durante la noche, cambiamos las luminarias existentes por unas de mayor potencia, reemplazamos todas las l\u00e1mparas por temperatura de color fr\u00eda y agregamos proyectores para iluminar los minaretes y c\u00fapulas superiores. La mejor\u00eda fue espectacular, y la mezquita ahora se puede apreciar como la obra maestra que es.<\/p>\n","protected":false},"excerpt":{"rendered":"<p>UBICACI\u00d3N: DUBAI, EMIRATOS \u00c1RABES UNIDOS<br \/>\nUSO: CULTO<br \/>\nALCANCE: DISE\u00d1O LUM\u00cdNICO DE INTERIORES &amp; FACHADA<\/p>\n","protected":false},"featured_media":8377,"comment_status":"closed","ping_status":"closed","template":"","meta":{"_acf_changed":false},"product_brand":[],"product_cat":[108],"product_tag":[],"class_list":{"0":"post-6064","1":"product","2":"type-product","3":"status-publish","4":"has-post-thumbnail","6":"product_cat-proyectos","8":"first","9":"instock","10":"shipping-taxable","11":"product-type-simple"},"acf":[],"_links":{"self":[{"href":"https:\/\/umayalighting.com\/es\/wp-json\/wp\/v2\/product\/6064","targetHints":{"allow":["GET"]}}],"collection":[{"href":"https:\/\/umayalighting.com\/es\/wp-json\/wp\/v2\/product"}],"about":[{"href":"https:\/\/umayalighting.com\/es\/wp-json\/wp\/v2\/types\/product"}],"replies":[{"embeddable":true,"href":"https:\/\/umayalighting.com\/es\/wp-json\/wp\/v2\/comments?post=6064"}],"wp:featuredmedia":[{"embeddable":true,"href":"https:\/\/umayalighting.com\/es\/wp-json\/wp\/v2\/media\/8377"}],"wp:attachment":[{"href":"https:\/\/umayalighting.com\/es\/wp-json\/wp\/v2\/media?parent=6064"}],"wp:term":[{"taxonomy":"product_brand","embeddable":true,"href":"https:\/\/umayalighting.com\/es\/wp-json\/wp\/v2\/product_brand?post=6064"},{"taxonomy":"product_cat","embeddable":true,"href":"https:\/\/umayalighting.com\/es\/wp-json\/wp\/v2\/product_cat?post=6064"},{"taxonomy":"product_tag","embeddable":true,"href":"https:\/\/umayalighting.com\/es\/wp-json\/wp\/v2\/product_tag?post=6064"}],"curies":[{"name":"wp","href":"https:\/\/api.w.org\/{rel}","templated":true}]}}