{"id":6065,"date":"2023-04-24T04:25:29","date_gmt":"2023-04-24T00:25:29","guid":{"rendered":"https:\/\/umayalighting.com\/projects\/hotel-al-habtoor-grand\/"},"modified":"2023-09-16T16:40:30","modified_gmt":"2023-09-16T12:40:30","slug":"al-habtoor-grand-hotel","status":"publish","type":"product","link":"https:\/\/umayalighting.com\/es\/projects\/al-habtoor-grand-hotel\/","title":{"rendered":"Hotel Al Habtoor Grand"},"content":{"rendered":"<p>Situado sobre la mundialmente famosa playa de Jumeirah en Dub\u00e1i y junto al magn\u00edfico puerto de yates de Dub\u00e1i Marina, el Habtoor Grand Resort &amp; Spa Dub\u00e1i, ocupa una de las zonas de playa con mayor encanto en la ciudad.<\/p>\n<p>La estrategia adoptada fue la de iluminar ambas torres con proyectores de color din\u00e1mico sincronizados, para acentuar la presencia del hotel en la zona y destacar su papel de centro nocturno.<\/p>\n<p>La ubicaci\u00f3n exacta de las luminarias se determin\u00f3 mediante extensos c\u00e1lculos y modelos, para evitar el derrame de luz dentro de las habitaciones. El resultado es un efecto de color elegante, que da la bienvenida a todos los visitantes al distrito de Dub\u00e1i Marina.<\/p>\n","protected":false},"excerpt":{"rendered":"<p>UBICACI\u00d3N: DUBAI, EMIRATOS \u00c1RABES UNIDOS<br \/>\nUSO: HOTELER\u00cdA<br \/>\nALCANCE: DISE\u00d1O LUM\u00cdNICO DE FACHADA &amp; EVENTO<\/p>\n","protected":false},"featured_media":5420,"comment_status":"closed","ping_status":"closed","template":"","meta":{"_acf_changed":false},"product_brand":[],"product_cat":[108],"product_tag":[],"class_list":{"0":"post-6065","1":"product","2":"type-product","3":"status-publish","4":"has-post-thumbnail","6":"product_cat-proyectos","8":"first","9":"instock","10":"shipping-taxable","11":"product-type-simple"},"acf":[],"_links":{"self":[{"href":"https:\/\/umayalighting.com\/es\/wp-json\/wp\/v2\/product\/6065","targetHints":{"allow":["GET"]}}],"collection":[{"href":"https:\/\/umayalighting.com\/es\/wp-json\/wp\/v2\/product"}],"about":[{"href":"https:\/\/umayalighting.com\/es\/wp-json\/wp\/v2\/types\/product"}],"replies":[{"embeddable":true,"href":"https:\/\/umayalighting.com\/es\/wp-json\/wp\/v2\/comments?post=6065"}],"wp:featuredmedia":[{"embeddable":true,"href":"https:\/\/umayalighting.com\/es\/wp-json\/wp\/v2\/media\/5420"}],"wp:attachment":[{"href":"https:\/\/umayalighting.com\/es\/wp-json\/wp\/v2\/media?parent=6065"}],"wp:term":[{"taxonomy":"product_brand","embeddable":true,"href":"https:\/\/umayalighting.com\/es\/wp-json\/wp\/v2\/product_brand?post=6065"},{"taxonomy":"product_cat","embeddable":true,"href":"https:\/\/umayalighting.com\/es\/wp-json\/wp\/v2\/product_cat?post=6065"},{"taxonomy":"product_tag","embeddable":true,"href":"https:\/\/umayalighting.com\/es\/wp-json\/wp\/v2\/product_tag?post=6065"}],"curies":[{"name":"wp","href":"https:\/\/api.w.org\/{rel}","templated":true}]}}