{"id":6066,"date":"2023-04-24T04:27:46","date_gmt":"2023-04-24T00:27:46","guid":{"rendered":"https:\/\/umayalighting.com\/projects\/torre-al-jawharah\/"},"modified":"2023-09-16T16:40:30","modified_gmt":"2023-09-16T12:40:30","slug":"al-jawharah-tower","status":"publish","type":"product","link":"https:\/\/umayalighting.com\/es\/projects\/al-jawharah-tower\/","title":{"rendered":"Torre Al Jawharah"},"content":{"rendered":"<p>Ubicado en la pintoresca costa de Yeda junto al Mar Rojo, esta glamorosa torre consta de cuarenta y seis pisos de residencias de lujo.<\/p>\n<p>El concepto de iluminaci\u00f3n se basa en el di\u00e1logo et\u00e9reo entre el volumen del edificio, que toma la forma de ondas arm\u00f3nicas, y las olas del mar. Esta conexi\u00f3n se refleja en la losa de los balcones sutilmente iluminados en color azul. Al Jawharah \u00abLa Joya\u00bb se destaca en la noche por un efecto animado blanco a lo largo de sus aletas curvas, haciendo hincapi\u00e9 en la verticalidad e integrando la superposici\u00f3n de vol\u00famenes.<\/p>\n<p>Esta mezcla est\u00e1tica-din\u00e1mica se complementa con un par de pulsos de luz en las esquinas del volumen medio, lo que acent\u00faa su presencia como punto de referencia en sus inmediaciones y como un componente vivo en el paisaje nocturno de la ciudad. El esquema lum\u00ednico no solo realza la superposici\u00f3n de los elementos arquitect\u00f3nicos, sino que cuenta con soluciones eficientes que reducen el consumo de energ\u00eda y el impacto en el medio ambiente.<\/p>\n<p>El puesta final es una elegante combinaci\u00f3n de impresiones nocturnas indelebles con soluciones tecnol\u00f3gicas de vanguardia.<\/p>\n","protected":false},"excerpt":{"rendered":"<p>UBICACI\u00d3N: YEDA, ARABIA SAUDITA<br \/>\nUSO: GRAN ALTURA &#8211; RESIDENCIAL<br \/>\nALCANCE: DISE\u00d1O LUM\u00cdNICO DE FACHADA<\/p>\n","protected":false},"featured_media":8525,"comment_status":"closed","ping_status":"closed","template":"","meta":{"_acf_changed":false},"product_brand":[],"product_cat":[108],"product_tag":[],"class_list":{"0":"post-6066","1":"product","2":"type-product","3":"status-publish","4":"has-post-thumbnail","6":"product_cat-proyectos","8":"first","9":"instock","10":"shipping-taxable","11":"product-type-simple"},"acf":[],"_links":{"self":[{"href":"https:\/\/umayalighting.com\/es\/wp-json\/wp\/v2\/product\/6066","targetHints":{"allow":["GET"]}}],"collection":[{"href":"https:\/\/umayalighting.com\/es\/wp-json\/wp\/v2\/product"}],"about":[{"href":"https:\/\/umayalighting.com\/es\/wp-json\/wp\/v2\/types\/product"}],"replies":[{"embeddable":true,"href":"https:\/\/umayalighting.com\/es\/wp-json\/wp\/v2\/comments?post=6066"}],"wp:featuredmedia":[{"embeddable":true,"href":"https:\/\/umayalighting.com\/es\/wp-json\/wp\/v2\/media\/8525"}],"wp:attachment":[{"href":"https:\/\/umayalighting.com\/es\/wp-json\/wp\/v2\/media?parent=6066"}],"wp:term":[{"taxonomy":"product_brand","embeddable":true,"href":"https:\/\/umayalighting.com\/es\/wp-json\/wp\/v2\/product_brand?post=6066"},{"taxonomy":"product_cat","embeddable":true,"href":"https:\/\/umayalighting.com\/es\/wp-json\/wp\/v2\/product_cat?post=6066"},{"taxonomy":"product_tag","embeddable":true,"href":"https:\/\/umayalighting.com\/es\/wp-json\/wp\/v2\/product_tag?post=6066"}],"curies":[{"name":"wp","href":"https:\/\/api.w.org\/{rel}","templated":true}]}}