{"id":6074,"date":"2023-04-24T04:28:12","date_gmt":"2023-04-24T00:28:12","guid":{"rendered":"https:\/\/umayalighting.com\/projects\/torres-al-kazim\/"},"modified":"2023-09-16T16:40:31","modified_gmt":"2023-09-16T12:40:31","slug":"al-kazim-towers","status":"publish","type":"product","link":"https:\/\/umayalighting.com\/es\/projects\/al-kazim-towers\/","title":{"rendered":"Torres Al Kazim"},"content":{"rendered":"<p>Desde su apertura, las Torres Al Kazim se han convertido en uno de los monumentos m\u00e1s famosos de la ciudad, y dos elementos de referencia en el horizonte de Dub\u00e1i.<\/p>\n<p>El enfoque de la iluminaci\u00f3n para este proyecto fue sutil y discreto, centr\u00e1ndose principalmente en las caracter\u00edsticas arquitect\u00f3nicas de las torres. Toda la energ\u00eda focal se concentr\u00f3 en las coronas, que tienen una imagen completamente diferente por la noche que durante el d\u00eda.<\/p>\n<p>Durante la noche, estas coronas adquieren peso y masa, y un perfecto equilibrio entre luz y sombras. Los arcos huecos se convierten en escamas plateadas, con similitudes con el Edificio Chrysler de la ciudad de Nueva York.<\/p>\n","protected":false},"excerpt":{"rendered":"<p>UBICACI\u00d3N: DUBAI, EMIRATOS \u00c1RABES UNIDOS<br \/>\nUSO: GRAN ALTURA &#8211; Oficinas &amp; Corporativo<br \/>\nALCANCE: DISE\u00d1O LUM\u00cdNICO DE FACHADA<\/p>\n","protected":false},"featured_media":8010,"comment_status":"closed","ping_status":"closed","template":"","meta":{"_acf_changed":false},"product_brand":[],"product_cat":[108,109],"product_tag":[],"class_list":{"0":"post-6074","1":"product","2":"type-product","3":"status-publish","4":"has-post-thumbnail","6":"product_cat-proyectos","7":"product_cat-uncategorized-es","9":"first","10":"instock","11":"shipping-taxable","12":"product-type-simple"},"acf":[],"_links":{"self":[{"href":"https:\/\/umayalighting.com\/es\/wp-json\/wp\/v2\/product\/6074","targetHints":{"allow":["GET"]}}],"collection":[{"href":"https:\/\/umayalighting.com\/es\/wp-json\/wp\/v2\/product"}],"about":[{"href":"https:\/\/umayalighting.com\/es\/wp-json\/wp\/v2\/types\/product"}],"replies":[{"embeddable":true,"href":"https:\/\/umayalighting.com\/es\/wp-json\/wp\/v2\/comments?post=6074"}],"wp:featuredmedia":[{"embeddable":true,"href":"https:\/\/umayalighting.com\/es\/wp-json\/wp\/v2\/media\/8010"}],"wp:attachment":[{"href":"https:\/\/umayalighting.com\/es\/wp-json\/wp\/v2\/media?parent=6074"}],"wp:term":[{"taxonomy":"product_brand","embeddable":true,"href":"https:\/\/umayalighting.com\/es\/wp-json\/wp\/v2\/product_brand?post=6074"},{"taxonomy":"product_cat","embeddable":true,"href":"https:\/\/umayalighting.com\/es\/wp-json\/wp\/v2\/product_cat?post=6074"},{"taxonomy":"product_tag","embeddable":true,"href":"https:\/\/umayalighting.com\/es\/wp-json\/wp\/v2\/product_tag?post=6074"}],"curies":[{"name":"wp","href":"https:\/\/api.w.org\/{rel}","templated":true}]}}