{"id":6075,"date":"2023-04-24T04:02:08","date_gmt":"2023-04-24T00:02:08","guid":{"rendered":"https:\/\/umayalighting.com\/projects\/restaurante-al-liwan\/"},"modified":"2023-09-16T16:40:31","modified_gmt":"2023-09-16T12:40:31","slug":"al-liwan-restaurant","status":"publish","type":"product","link":"https:\/\/umayalighting.com\/es\/projects\/al-liwan-restaurant\/","title":{"rendered":"Restaurante Al Liwan"},"content":{"rendered":"<p>El restaurante Al Liwan fue concebido con el prop\u00f3sito de brindar una experiencia gastron\u00f3mica en una versi\u00f3n moderna de una casa aristocr\u00e1tica \u00e1rabe. Se observa una atm\u00f3sfera elegante y acogedora mediante el uso de una paleta refinada de materiales y colores c\u00e1lidos. La cocina abierta evita el aspecto comercial t\u00edpico, y brinda el encanto de una cocina residencial. La particular panader\u00eda de hierro forjado ubicada al centro llena el espacio con el rico aroma de productos reci\u00e9n horneados.<\/p>\n<p>Este restaurante inspirado en el hogar est\u00e1 iluminado con un suave juego de luz. Las \u00e1reas de comedor fueron iluminadas con una combinaci\u00f3n de downlights enfocados a las mesas y piezas decorativas, lo que agreg\u00f3 una dimensi\u00f3n adicional al esquema de iluminaci\u00f3n.<\/p>\n<p>La cocina abierta cuenta con luminarias decorativas suspendidas que iluminan el mostrador para atraer la atenci\u00f3n de los hu\u00e9spedes hacia los alimentos en exhibici\u00f3n. Las superficies verticales se iluminaron para acentuar las obras exhibidas, mientras que la iluminaci\u00f3n oculta dentro de la carpinter\u00eda resalta la textura y los colores de los alimentos. Esto, combinado con el delicioso aroma a pan reci\u00e9n horneado, hace que experiencia de este restaurant sea inolvidable.<\/p>\n","protected":false},"excerpt":{"rendered":"<p>UBICACI\u00d3N: Doha, Qatar<br \/>\nUSO: GASTRONOM\u00cdA<br \/>\nALCANCE: DISE\u00d1O LUM\u00cdNICO DE INTERIORES<\/p>\n","protected":false},"featured_media":9223,"comment_status":"closed","ping_status":"closed","template":"","meta":{"_acf_changed":false},"product_brand":[],"product_cat":[108],"product_tag":[],"class_list":{"0":"post-6075","1":"product","2":"type-product","3":"status-publish","4":"has-post-thumbnail","6":"product_cat-proyectos","8":"first","9":"instock","10":"shipping-taxable","11":"product-type-simple"},"acf":[],"_links":{"self":[{"href":"https:\/\/umayalighting.com\/es\/wp-json\/wp\/v2\/product\/6075","targetHints":{"allow":["GET"]}}],"collection":[{"href":"https:\/\/umayalighting.com\/es\/wp-json\/wp\/v2\/product"}],"about":[{"href":"https:\/\/umayalighting.com\/es\/wp-json\/wp\/v2\/types\/product"}],"replies":[{"embeddable":true,"href":"https:\/\/umayalighting.com\/es\/wp-json\/wp\/v2\/comments?post=6075"}],"wp:featuredmedia":[{"embeddable":true,"href":"https:\/\/umayalighting.com\/es\/wp-json\/wp\/v2\/media\/9223"}],"wp:attachment":[{"href":"https:\/\/umayalighting.com\/es\/wp-json\/wp\/v2\/media?parent=6075"}],"wp:term":[{"taxonomy":"product_brand","embeddable":true,"href":"https:\/\/umayalighting.com\/es\/wp-json\/wp\/v2\/product_brand?post=6075"},{"taxonomy":"product_cat","embeddable":true,"href":"https:\/\/umayalighting.com\/es\/wp-json\/wp\/v2\/product_cat?post=6075"},{"taxonomy":"product_tag","embeddable":true,"href":"https:\/\/umayalighting.com\/es\/wp-json\/wp\/v2\/product_tag?post=6075"}],"curies":[{"name":"wp","href":"https:\/\/api.w.org\/{rel}","templated":true}]}}