{"id":6076,"date":"2023-04-24T04:28:05","date_gmt":"2023-04-24T00:28:05","guid":{"rendered":"https:\/\/umayalighting.com\/projects\/torres-al-mada\/"},"modified":"2023-09-16T16:40:31","modified_gmt":"2023-09-16T12:40:31","slug":"al-mada-towers","status":"publish","type":"product","link":"https:\/\/umayalighting.com\/es\/projects\/al-mada-towers\/","title":{"rendered":"Torres Al Mada"},"content":{"rendered":"<p>Las Torres Al-Mada son un desarrollo residencial de alta gama ubicado en la costa de la ciudad de Jeddah. El proyecto consta de dos torres id\u00e9nticas que se elevan 358 metros sobre el nivel del mar y un podio de seis pisos que proporciona a los residentes 20.000 m\u00b2 de jardines al aire libre.<\/p>\n<p>Nuestra tarea implic\u00f3 la planificaci\u00f3n de tres conceptos diferentes para la iluminaci\u00f3n de fachada del complejo. Cada propuesta se centr\u00f3 en diferentes aspectos de la construcci\u00f3n y conlleva una narrativa especifica detr\u00e1s de cada resultado est\u00e9tico.<\/p>\n<p>La Ameba | La idea principal fue hacer hincapi\u00e9 en la forma org\u00e1nica de las torres. Trabajamos en contraposici\u00f3n al efecto que la luz natural arroja sobre el edificio. Las \u00e1reas c\u00f3ncavas se encienden mientras que las zonas convexas se dejan en la oscuridad, al contrario de lo que ocurre durante el d\u00eda. El resultado es una superficie sinuosa que surge desde el mar.<\/p>\n<p>El Ecualizador | Este esquema de iluminaci\u00f3n se centra en enaltecer la verticalidad de los edificios, mostr\u00e1ndolos como una suma de diferentes elementos en lugar de simples masas monol\u00edticas. La disposici\u00f3n vertical de los balcones define tiras verticales que descomponen a los edificios en varios trozos, dotando a las torres de un aspecto moderno e inesperado.<\/p>\n<p>El Mar | Esta propuesta tambi\u00e9n acent\u00faa la forma org\u00e1nica de los edificios, pero la estrategia utilizada no es la de iluminar sino delinear su forma. Una secuencia de puntos espaciados a distancias crecientes define las zonas convexas, dando a las torres un aire elegante y contempor\u00e1neo. Este esquema de iluminaci\u00f3n fue desarrollado aun m\u00e1s por medio de una animaci\u00f3n inspirada en las mareas.<\/p>\n","protected":false},"excerpt":{"rendered":"<p>UBICACI\u00d3N: YEDA, ARABIA SAUDITA<br \/>\nUSO: GRAN ALTURA &#8211; RESIDENCIAL<br \/>\nALCANCE: DISE\u00d1O LUM\u00cdNICO DE FACHADA<\/p>\n","protected":false},"featured_media":8228,"comment_status":"closed","ping_status":"closed","template":"","meta":{"_acf_changed":false},"product_brand":[],"product_cat":[108],"product_tag":[],"class_list":{"0":"post-6076","1":"product","2":"type-product","3":"status-publish","4":"has-post-thumbnail","6":"product_cat-proyectos","8":"first","9":"instock","10":"shipping-taxable","11":"product-type-simple"},"acf":[],"_links":{"self":[{"href":"https:\/\/umayalighting.com\/es\/wp-json\/wp\/v2\/product\/6076","targetHints":{"allow":["GET"]}}],"collection":[{"href":"https:\/\/umayalighting.com\/es\/wp-json\/wp\/v2\/product"}],"about":[{"href":"https:\/\/umayalighting.com\/es\/wp-json\/wp\/v2\/types\/product"}],"replies":[{"embeddable":true,"href":"https:\/\/umayalighting.com\/es\/wp-json\/wp\/v2\/comments?post=6076"}],"wp:featuredmedia":[{"embeddable":true,"href":"https:\/\/umayalighting.com\/es\/wp-json\/wp\/v2\/media\/8228"}],"wp:attachment":[{"href":"https:\/\/umayalighting.com\/es\/wp-json\/wp\/v2\/media?parent=6076"}],"wp:term":[{"taxonomy":"product_brand","embeddable":true,"href":"https:\/\/umayalighting.com\/es\/wp-json\/wp\/v2\/product_brand?post=6076"},{"taxonomy":"product_cat","embeddable":true,"href":"https:\/\/umayalighting.com\/es\/wp-json\/wp\/v2\/product_cat?post=6076"},{"taxonomy":"product_tag","embeddable":true,"href":"https:\/\/umayalighting.com\/es\/wp-json\/wp\/v2\/product_tag?post=6076"}],"curies":[{"name":"wp","href":"https:\/\/api.w.org\/{rel}","templated":true}]}}