{"id":6077,"date":"2023-04-24T04:25:34","date_gmt":"2023-04-24T00:25:34","guid":{"rendered":"https:\/\/umayalighting.com\/projects\/hotel-al-maha-arjaan\/"},"modified":"2023-09-16T16:40:31","modified_gmt":"2023-09-16T12:40:31","slug":"al-maha-arjaan-hotel","status":"publish","type":"product","link":"https:\/\/umayalighting.com\/es\/projects\/al-maha-arjaan-hotel\/","title":{"rendered":"Hotel Al Maha Arjaan"},"content":{"rendered":"<p>Con una ubicaci\u00f3n privilegiada en el pr\u00f3spero distrito de Al Danah de Abu Dabi, Al Maha Arjaan by Rotana es un hotel de alta gama para hu\u00e9spedes que buscan un alojamiento de lujo en el centro de la acci\u00f3n. Representando un remanso de calma y tranquilidad en una ubicaci\u00f3n vibrante, esta residencia urbana es ideal para hu\u00e9spedes de estad\u00edas cortas y largas que valoran la comodidad, el espacio y el lujo. Las 288 habitaciones y suites incluyen zonas de trabajo y muebles modernos de alta calidad.<\/p>\n","protected":false},"excerpt":{"rendered":"<p>UBICACI\u00d3N: ABU DHABI, EMIRATOS \u00c1RABES UNIDOS<br \/>\nUSO: HOTELER\u00cdA<br \/>\nALCANCE: DISE\u00d1O LUM\u00cdNICO DE INTERIORES<\/p>\n","protected":false},"featured_media":9520,"comment_status":"closed","ping_status":"closed","template":"","meta":{"_acf_changed":false},"product_brand":[],"product_cat":[108],"product_tag":[],"class_list":{"0":"post-6077","1":"product","2":"type-product","3":"status-publish","4":"has-post-thumbnail","6":"product_cat-proyectos","8":"first","9":"instock","10":"shipping-taxable","11":"product-type-simple"},"acf":[],"_links":{"self":[{"href":"https:\/\/umayalighting.com\/es\/wp-json\/wp\/v2\/product\/6077","targetHints":{"allow":["GET"]}}],"collection":[{"href":"https:\/\/umayalighting.com\/es\/wp-json\/wp\/v2\/product"}],"about":[{"href":"https:\/\/umayalighting.com\/es\/wp-json\/wp\/v2\/types\/product"}],"replies":[{"embeddable":true,"href":"https:\/\/umayalighting.com\/es\/wp-json\/wp\/v2\/comments?post=6077"}],"wp:featuredmedia":[{"embeddable":true,"href":"https:\/\/umayalighting.com\/es\/wp-json\/wp\/v2\/media\/9520"}],"wp:attachment":[{"href":"https:\/\/umayalighting.com\/es\/wp-json\/wp\/v2\/media?parent=6077"}],"wp:term":[{"taxonomy":"product_brand","embeddable":true,"href":"https:\/\/umayalighting.com\/es\/wp-json\/wp\/v2\/product_brand?post=6077"},{"taxonomy":"product_cat","embeddable":true,"href":"https:\/\/umayalighting.com\/es\/wp-json\/wp\/v2\/product_cat?post=6077"},{"taxonomy":"product_tag","embeddable":true,"href":"https:\/\/umayalighting.com\/es\/wp-json\/wp\/v2\/product_tag?post=6077"}],"curies":[{"name":"wp","href":"https:\/\/api.w.org\/{rel}","templated":true}]}}