{"id":6078,"date":"2023-04-24T04:14:57","date_gmt":"2023-04-24T00:14:57","guid":{"rendered":"https:\/\/umayalighting.com\/projects\/parque-costero-al-majaz\/"},"modified":"2023-09-16T16:40:31","modified_gmt":"2023-09-16T12:40:31","slug":"al-majaz-waterfront","status":"publish","type":"product","link":"https:\/\/umayalighting.com\/es\/projects\/al-majaz-waterfront\/","title":{"rendered":"Parque Costero Al Majaz"},"content":{"rendered":"<p>Este desarrollo costero de 300.000 sq.m incluye varias zonas verdes, pista de jogging, parqueacu\u00e1tico, zonas de juegos para ni\u00f1os, mini golf, mezquita y locales de comida.<\/p>\n<p>La intenci\u00f3n general del dise\u00f1o de iluminaci\u00f3n fue crear un ambiente seguro y acogedor, para ser disfrutado por las familias durante el d\u00eda y en las noches calurosas de verano. El esquema de iluminaci\u00f3n creado por nuestro equipo ayud\u00f3 a definir el dise\u00f1o general y la organizaci\u00f3n del parque, asignando jerarqu\u00eda a las v\u00edas de circulaci\u00f3n y definiendo las distintas \u00e1reas que componen el desarrollo.<\/p>\n<p>El resultado es un dise\u00f1o claro y consistente que permite al visitante navegar f\u00e1cilmente, a la vez que proporciona car\u00e1cter y singularidad a los diferentes componentes del parque.<\/p>\n","protected":false},"excerpt":{"rendered":"<p>UBICACI\u00d3N: SARJA, EMIRATOS \u00c1RABES UNIDOS<br \/>\nUSO: OCIO &#8211; urbano &amp; comunidades<br \/>\nALCANCE: DISE\u00d1O LUM\u00cdNICO DE ESPACIOS P\u00daBLICOS, MASTER PLANNING, EXTERIORES<br \/>\n&amp; PAISAJISMO<\/p>\n","protected":false},"featured_media":9954,"comment_status":"closed","ping_status":"closed","template":"","meta":{"_acf_changed":false},"product_brand":[],"product_cat":[108],"product_tag":[],"class_list":{"0":"post-6078","1":"product","2":"type-product","3":"status-publish","4":"has-post-thumbnail","6":"product_cat-proyectos","8":"first","9":"instock","10":"shipping-taxable","11":"product-type-simple"},"acf":[],"_links":{"self":[{"href":"https:\/\/umayalighting.com\/es\/wp-json\/wp\/v2\/product\/6078","targetHints":{"allow":["GET"]}}],"collection":[{"href":"https:\/\/umayalighting.com\/es\/wp-json\/wp\/v2\/product"}],"about":[{"href":"https:\/\/umayalighting.com\/es\/wp-json\/wp\/v2\/types\/product"}],"replies":[{"embeddable":true,"href":"https:\/\/umayalighting.com\/es\/wp-json\/wp\/v2\/comments?post=6078"}],"wp:featuredmedia":[{"embeddable":true,"href":"https:\/\/umayalighting.com\/es\/wp-json\/wp\/v2\/media\/9954"}],"wp:attachment":[{"href":"https:\/\/umayalighting.com\/es\/wp-json\/wp\/v2\/media?parent=6078"}],"wp:term":[{"taxonomy":"product_brand","embeddable":true,"href":"https:\/\/umayalighting.com\/es\/wp-json\/wp\/v2\/product_brand?post=6078"},{"taxonomy":"product_cat","embeddable":true,"href":"https:\/\/umayalighting.com\/es\/wp-json\/wp\/v2\/product_cat?post=6078"},{"taxonomy":"product_tag","embeddable":true,"href":"https:\/\/umayalighting.com\/es\/wp-json\/wp\/v2\/product_tag?post=6078"}],"curies":[{"name":"wp","href":"https:\/\/api.w.org\/{rel}","templated":true}]}}