{"id":6080,"date":"2023-04-24T04:20:58","date_gmt":"2023-04-24T00:20:58","guid":{"rendered":"https:\/\/umayalighting.com\/projects\/parque-al-shaab\/"},"modified":"2023-09-16T16:40:32","modified_gmt":"2023-09-16T12:40:32","slug":"al-shaab-park","status":"publish","type":"product","link":"https:\/\/umayalighting.com\/es\/projects\/al-shaab-park\/","title":{"rendered":"Parque Al Shaab"},"content":{"rendered":"<p>El criterio principal al desarrollar el master plan de iluminaci\u00f3n para este parque de 68.000m\u00b2 fue identificar tres categor\u00edas \/ capas dentro del paisaje.<\/p>\n<p>Iluminaci\u00f3n de Circulaci\u00f3n: Comprende senderos, bici sendas, escaleras, rampas y puentes, incluidos los elementos de se\u00f1alizaci\u00f3n.<\/p>\n<p>Iluminaci\u00f3n de Equipamiento: Se compone de todos los elementos no vegetales, como lagos, fuentes, p\u00e9rgolas, quioscos, estatuas y muebles.<\/p>\n<p>Iluminaci\u00f3n de Vegetaci\u00f3n: Incluye todos los elementos naturales, como \u00e1rboles, arbustos y matorrales.<\/p>\n<p>Un conjunto de directrices fue desarrollado para cada categor\u00eda, en t\u00e9rminos de requisitos est\u00e9ticos y funcionales. Estas directrices se aplicaron y siguieron a lo largo de todo el proyecto, para lograr una propuesta de iluminaci\u00f3n consistente y uniforme.<\/p>\n","protected":false},"excerpt":{"rendered":"<p>UBICACI\u00d3N: HOMS, SIRIA<br \/>\nUSO: OCIO<br \/>\nALCANCE: DISE\u00d1O LUM\u00cdNICO DE MASTER PLANNING, ESPACIOS P\u00daBLICOS<br \/>\n&amp; PAISAJISMO<\/p>\n","protected":false},"featured_media":8675,"comment_status":"closed","ping_status":"closed","template":"","meta":{"_acf_changed":false},"product_brand":[],"product_cat":[108],"product_tag":[],"class_list":{"0":"post-6080","1":"product","2":"type-product","3":"status-publish","4":"has-post-thumbnail","6":"product_cat-proyectos","8":"first","9":"instock","10":"shipping-taxable","11":"product-type-simple"},"acf":[],"_links":{"self":[{"href":"https:\/\/umayalighting.com\/es\/wp-json\/wp\/v2\/product\/6080","targetHints":{"allow":["GET"]}}],"collection":[{"href":"https:\/\/umayalighting.com\/es\/wp-json\/wp\/v2\/product"}],"about":[{"href":"https:\/\/umayalighting.com\/es\/wp-json\/wp\/v2\/types\/product"}],"replies":[{"embeddable":true,"href":"https:\/\/umayalighting.com\/es\/wp-json\/wp\/v2\/comments?post=6080"}],"wp:featuredmedia":[{"embeddable":true,"href":"https:\/\/umayalighting.com\/es\/wp-json\/wp\/v2\/media\/8675"}],"wp:attachment":[{"href":"https:\/\/umayalighting.com\/es\/wp-json\/wp\/v2\/media?parent=6080"}],"wp:term":[{"taxonomy":"product_brand","embeddable":true,"href":"https:\/\/umayalighting.com\/es\/wp-json\/wp\/v2\/product_brand?post=6080"},{"taxonomy":"product_cat","embeddable":true,"href":"https:\/\/umayalighting.com\/es\/wp-json\/wp\/v2\/product_cat?post=6080"},{"taxonomy":"product_tag","embeddable":true,"href":"https:\/\/umayalighting.com\/es\/wp-json\/wp\/v2\/product_tag?post=6080"}],"curies":[{"name":"wp","href":"https:\/\/api.w.org\/{rel}","templated":true}]}}