{"id":6081,"date":"2023-04-24T04:09:29","date_gmt":"2023-04-24T00:09:29","guid":{"rendered":"https:\/\/umayalighting.com\/projects\/centro-comercial-alandalus\/"},"modified":"2023-09-16T16:40:32","modified_gmt":"2023-09-16T12:40:32","slug":"alandalus-community-centre","status":"publish","type":"product","link":"https:\/\/umayalighting.com\/es\/projects\/alandalus-community-centre\/","title":{"rendered":"Centro Comercial Alandalus"},"content":{"rendered":"<p>El dise\u00f1o andaluz contiene ricos elementos decorativos que transmiten la importancia del edificio en la zona. Los vol\u00famenes se diferencian por una variedad de intensidades de luz y tonos de color, realzando los elementos arquitect\u00f3nicos con inspiraciones de la naturaleza.<\/p>\n<p>Proyecciones de luz inspirada en patrones \u00e1rabes destacan algunos vol\u00famenes, mientras que la superficie interior de los arcos se ilumina con una suave luz azul, a\u00f1adiendo profundidad, armon\u00eda y equilibrio a la escena. Las entradas principales se iluminan con luminarias de pared, proporcionando los niveles de iluminaci\u00f3n necesarios y marcando los puntos de acceso al edificio. Fuentes de luz lineal iluminan la escalinata y gu\u00edan a los visitantes a la entrada en el nivel superior.<\/p>\n","protected":false},"excerpt":{"rendered":"<p>UBICACI\u00d3N: DUBAI, EMIRATOS \u00c1RABES UNIDOS<br \/>\nUSO: Malls &amp; Retail<br \/>\nALCANCE: DISE\u00d1O LUM\u00cdNICO DE FACHADA<\/p>\n","protected":false},"featured_media":8850,"comment_status":"closed","ping_status":"closed","template":"","meta":{"_acf_changed":false},"product_brand":[],"product_cat":[108],"product_tag":[],"class_list":{"0":"post-6081","1":"product","2":"type-product","3":"status-publish","4":"has-post-thumbnail","6":"product_cat-proyectos","8":"first","9":"instock","10":"shipping-taxable","11":"product-type-simple"},"acf":[],"_links":{"self":[{"href":"https:\/\/umayalighting.com\/es\/wp-json\/wp\/v2\/product\/6081","targetHints":{"allow":["GET"]}}],"collection":[{"href":"https:\/\/umayalighting.com\/es\/wp-json\/wp\/v2\/product"}],"about":[{"href":"https:\/\/umayalighting.com\/es\/wp-json\/wp\/v2\/types\/product"}],"replies":[{"embeddable":true,"href":"https:\/\/umayalighting.com\/es\/wp-json\/wp\/v2\/comments?post=6081"}],"wp:featuredmedia":[{"embeddable":true,"href":"https:\/\/umayalighting.com\/es\/wp-json\/wp\/v2\/media\/8850"}],"wp:attachment":[{"href":"https:\/\/umayalighting.com\/es\/wp-json\/wp\/v2\/media?parent=6081"}],"wp:term":[{"taxonomy":"product_brand","embeddable":true,"href":"https:\/\/umayalighting.com\/es\/wp-json\/wp\/v2\/product_brand?post=6081"},{"taxonomy":"product_cat","embeddable":true,"href":"https:\/\/umayalighting.com\/es\/wp-json\/wp\/v2\/product_cat?post=6081"},{"taxonomy":"product_tag","embeddable":true,"href":"https:\/\/umayalighting.com\/es\/wp-json\/wp\/v2\/product_tag?post=6081"}],"curies":[{"name":"wp","href":"https:\/\/api.w.org\/{rel}","templated":true}]}}