{"id":6082,"date":"2023-04-24T04:04:56","date_gmt":"2023-04-24T00:04:56","guid":{"rendered":"https:\/\/umayalighting.com\/projects\/mezquita-alandalus\/"},"modified":"2023-09-16T16:40:32","modified_gmt":"2023-09-16T12:40:32","slug":"alandalus-mosque","status":"publish","type":"product","link":"https:\/\/umayalighting.com\/es\/projects\/alandalus-mosque\/","title":{"rendered":"Mezquita Alandalus"},"content":{"rendered":"<p>Dado el tama\u00f1o, ubicaci\u00f3n y exposici\u00f3n de este proyecto, el objetivo principal del dise\u00f1o lum\u00ednico fue transformar al edificio en un icono durante la noche, una referencia que es reconocida desde la distancia y admirada en la proximidad.<\/p>\n<p>La iluminaci\u00f3n de fachada se organiz\u00f3 en dos grupos; uno centrado en los elementos arquitect\u00f3nicos que dan al edificio su car\u00e1cter \u00fanico, y otro utilizado para revelar la volumetr\u00eda general de la mezquita. Estos dos grupos funcionan independientemente, y proporcionan diversas escenas a lo largo de la noche.<\/p>\n","protected":false},"excerpt":{"rendered":"<p>UBICACI\u00d3N: DUBAI, EMIRATOS \u00c1RABES UNIDOS<br \/>\nUSO: CULTO<br \/>\nALCANCE: DISE\u00d1O LUM\u00cdNICO DE FACHADA<\/p>\n","protected":false},"featured_media":10149,"comment_status":"closed","ping_status":"closed","template":"","meta":{"_acf_changed":false},"product_brand":[],"product_cat":[108],"product_tag":[],"class_list":{"0":"post-6082","1":"product","2":"type-product","3":"status-publish","4":"has-post-thumbnail","6":"product_cat-proyectos","8":"first","9":"instock","10":"shipping-taxable","11":"product-type-simple"},"acf":[],"_links":{"self":[{"href":"https:\/\/umayalighting.com\/es\/wp-json\/wp\/v2\/product\/6082","targetHints":{"allow":["GET"]}}],"collection":[{"href":"https:\/\/umayalighting.com\/es\/wp-json\/wp\/v2\/product"}],"about":[{"href":"https:\/\/umayalighting.com\/es\/wp-json\/wp\/v2\/types\/product"}],"replies":[{"embeddable":true,"href":"https:\/\/umayalighting.com\/es\/wp-json\/wp\/v2\/comments?post=6082"}],"wp:featuredmedia":[{"embeddable":true,"href":"https:\/\/umayalighting.com\/es\/wp-json\/wp\/v2\/media\/10149"}],"wp:attachment":[{"href":"https:\/\/umayalighting.com\/es\/wp-json\/wp\/v2\/media?parent=6082"}],"wp:term":[{"taxonomy":"product_brand","embeddable":true,"href":"https:\/\/umayalighting.com\/es\/wp-json\/wp\/v2\/product_brand?post=6082"},{"taxonomy":"product_cat","embeddable":true,"href":"https:\/\/umayalighting.com\/es\/wp-json\/wp\/v2\/product_cat?post=6082"},{"taxonomy":"product_tag","embeddable":true,"href":"https:\/\/umayalighting.com\/es\/wp-json\/wp\/v2\/product_tag?post=6082"}],"curies":[{"name":"wp","href":"https:\/\/api.w.org\/{rel}","templated":true}]}}