{"id":6083,"date":"2023-04-24T04:02:37","date_gmt":"2023-04-24T00:02:37","guid":{"rendered":"https:\/\/umayalighting.com\/projects\/centro-de-artes-auditorio\/"},"modified":"2023-09-16T16:40:32","modified_gmt":"2023-09-16T12:40:32","slug":"art-centre-auditorium","status":"publish","type":"product","link":"https:\/\/umayalighting.com\/es\/projects\/art-centre-auditorium\/","title":{"rendered":"Centro de Artes &amp; Auditorio"},"content":{"rendered":"<p>Este auditorio y centro de artes est\u00e1 contenido dentro de dos masas geom\u00e9tricas de concreto, donde los intersticios permiten la entrada de luz natural y personas. El esquema de iluminaci\u00f3n externa en si es nominal, solo el m\u00ednimo necesario para revelar estas masas y sus texturas, y permitir que la luz interior defina el resto.<\/p>\n<p>Una vez dentro, una escalera geom\u00e9trica se abre a un vest\u00edbulo de exhibici\u00f3n subterr\u00e1neo de tres pisos, donde una disposici\u00f3n de iluminaci\u00f3n flexible considera una variedad de usos diferentes, desde una exhibici\u00f3n de arte hasta un evento corporativo o \u00e1rea de descanso. Dentro del auditorio, las capas arquitect\u00f3nicas en las paredes y el techo se utilizan para ocultar los elementos de iluminaci\u00f3n, que proporcionan iluminaci\u00f3n general y revelan la geometr\u00eda del espacio.<\/p>\n","protected":false},"excerpt":{"rendered":"<p>UBICACI\u00d3N: Buenos Aires, Argentina<br \/>\nUSO: Educacivo &#8211; Ocio &#8211; Light Art &amp; Exposiciones<br \/>\nALCANCE: DISE\u00d1O LUM\u00cdNICO DE interiores &amp; exteriores<\/p>\n","protected":false},"featured_media":9397,"comment_status":"closed","ping_status":"closed","template":"","meta":{"_acf_changed":false},"product_brand":[],"product_cat":[108],"product_tag":[],"class_list":{"0":"post-6083","1":"product","2":"type-product","3":"status-publish","4":"has-post-thumbnail","6":"product_cat-proyectos","8":"first","9":"instock","10":"shipping-taxable","11":"product-type-simple"},"acf":[],"_links":{"self":[{"href":"https:\/\/umayalighting.com\/es\/wp-json\/wp\/v2\/product\/6083","targetHints":{"allow":["GET"]}}],"collection":[{"href":"https:\/\/umayalighting.com\/es\/wp-json\/wp\/v2\/product"}],"about":[{"href":"https:\/\/umayalighting.com\/es\/wp-json\/wp\/v2\/types\/product"}],"replies":[{"embeddable":true,"href":"https:\/\/umayalighting.com\/es\/wp-json\/wp\/v2\/comments?post=6083"}],"wp:featuredmedia":[{"embeddable":true,"href":"https:\/\/umayalighting.com\/es\/wp-json\/wp\/v2\/media\/9397"}],"wp:attachment":[{"href":"https:\/\/umayalighting.com\/es\/wp-json\/wp\/v2\/media?parent=6083"}],"wp:term":[{"taxonomy":"product_brand","embeddable":true,"href":"https:\/\/umayalighting.com\/es\/wp-json\/wp\/v2\/product_brand?post=6083"},{"taxonomy":"product_cat","embeddable":true,"href":"https:\/\/umayalighting.com\/es\/wp-json\/wp\/v2\/product_cat?post=6083"},{"taxonomy":"product_tag","embeddable":true,"href":"https:\/\/umayalighting.com\/es\/wp-json\/wp\/v2\/product_tag?post=6083"}],"curies":[{"name":"wp","href":"https:\/\/api.w.org\/{rel}","templated":true}]}}