{"id":6084,"date":"2023-04-24T04:07:37","date_gmt":"2023-04-24T00:07:37","guid":{"rendered":"https:\/\/umayalighting.com\/projects\/hotel-aryana\/"},"modified":"2023-09-16T16:40:32","modified_gmt":"2023-09-16T12:40:32","slug":"aryana-hotel","status":"publish","type":"product","link":"https:\/\/umayalighting.com\/es\/projects\/aryana-hotel\/","title":{"rendered":"Hotel Aryana"},"content":{"rendered":"<p>Los elementos de iluminaci\u00f3n decorativa juegan un papel primordial en este esquema de iluminaci\u00f3n interior cuidadosamente elaborado. Las piezas de bronce y cristal dise\u00f1adas a medida no s\u00f3lo proporcionan interesantes puntos visuales, sino que tambi\u00e9n definen el car\u00e1cter y la atm\u00f3sfera de las distintas \u00e1reas p\u00fablicas. La capa de iluminaci\u00f3n arquitect\u00f3nica se desarroll\u00f3 como fondo de estos elementos, complementando la arquitectura y proporcionando suficiente iluminaci\u00f3n en todo el hotel.<\/p>\n<p>La geometr\u00eda en cascada de la torre fue utilizada como inspiraci\u00f3n para el esquema de iluminaci\u00f3n de la fachada, donde los distintos vol\u00famenes se realzan verticalmente en un gradiente blanco-azul, para transmitir la idea de una catarata escalonada. Una pantalla urbana ubicada en la parte superior del edificio oficia de faro, destacando su presencia en el entorno circundante.<\/p>\n","protected":false},"excerpt":{"rendered":"<p>UBICACI\u00d3N: DUBAI, EMIRATOS \u00c1RABES UNIDOS<br \/>\nUSO: HOTELER\u00cdA &#8211; GRAN ALTURA<br \/>\nALCANCE: DISE\u00d1O LUM\u00cdNICO DE INTERIORES &amp; FACHADA<\/p>\n","protected":false},"featured_media":10138,"comment_status":"closed","ping_status":"closed","template":"","meta":{"_acf_changed":false},"product_brand":[],"product_cat":[108],"product_tag":[],"class_list":{"0":"post-6084","1":"product","2":"type-product","3":"status-publish","4":"has-post-thumbnail","6":"product_cat-proyectos","8":"first","9":"instock","10":"shipping-taxable","11":"product-type-simple"},"acf":[],"_links":{"self":[{"href":"https:\/\/umayalighting.com\/es\/wp-json\/wp\/v2\/product\/6084","targetHints":{"allow":["GET"]}}],"collection":[{"href":"https:\/\/umayalighting.com\/es\/wp-json\/wp\/v2\/product"}],"about":[{"href":"https:\/\/umayalighting.com\/es\/wp-json\/wp\/v2\/types\/product"}],"replies":[{"embeddable":true,"href":"https:\/\/umayalighting.com\/es\/wp-json\/wp\/v2\/comments?post=6084"}],"wp:featuredmedia":[{"embeddable":true,"href":"https:\/\/umayalighting.com\/es\/wp-json\/wp\/v2\/media\/10138"}],"wp:attachment":[{"href":"https:\/\/umayalighting.com\/es\/wp-json\/wp\/v2\/media?parent=6084"}],"wp:term":[{"taxonomy":"product_brand","embeddable":true,"href":"https:\/\/umayalighting.com\/es\/wp-json\/wp\/v2\/product_brand?post=6084"},{"taxonomy":"product_cat","embeddable":true,"href":"https:\/\/umayalighting.com\/es\/wp-json\/wp\/v2\/product_cat?post=6084"},{"taxonomy":"product_tag","embeddable":true,"href":"https:\/\/umayalighting.com\/es\/wp-json\/wp\/v2\/product_tag?post=6084"}],"curies":[{"name":"wp","href":"https:\/\/api.w.org\/{rel}","templated":true}]}}