{"id":6085,"date":"2023-04-24T04:07:54","date_gmt":"2023-04-24T00:07:54","guid":{"rendered":"https:\/\/umayalighting.com\/projects\/hotel-avanti\/"},"modified":"2023-09-16T16:40:32","modified_gmt":"2023-09-16T12:40:32","slug":"avanti-hotel-apartments","status":"publish","type":"product","link":"https:\/\/umayalighting.com\/es\/projects\/avanti-hotel-apartments\/","title":{"rendered":"Hotel Avanti"},"content":{"rendered":"<p>El dise\u00f1o de iluminaci\u00f3n de la fachada se centr\u00f3 en revelar el gesto arquitect\u00f3nico principal de cajas modulares apiladas. Estas se enmarcaron implementando una garganta a lo largo del per\u00edmetro de cada caja, creando distintivas l\u00edneas de luz y evitando cualquier entrada de luz a las residencias. Se utiliz\u00f3 una combinaci\u00f3n de tonos de luz c\u00e1lidos y fr\u00edos para agregar atractivo e inter\u00e9s visual.<\/p>\n","protected":false},"excerpt":{"rendered":"<p>UBICACI\u00d3N: DUBAI, EMIRATOS \u00c1RABES UNIDOS<br \/>\nUSO: HOTELER\u00cdA<br \/>\nALCANCE: DISE\u00d1O LUM\u00cdNICO DE FACHADA<\/p>\n","protected":false},"featured_media":9529,"comment_status":"closed","ping_status":"closed","template":"","meta":{"_acf_changed":false},"product_brand":[],"product_cat":[108],"product_tag":[],"class_list":{"0":"post-6085","1":"product","2":"type-product","3":"status-publish","4":"has-post-thumbnail","6":"product_cat-proyectos","8":"first","9":"instock","10":"shipping-taxable","11":"product-type-simple"},"acf":[],"_links":{"self":[{"href":"https:\/\/umayalighting.com\/es\/wp-json\/wp\/v2\/product\/6085","targetHints":{"allow":["GET"]}}],"collection":[{"href":"https:\/\/umayalighting.com\/es\/wp-json\/wp\/v2\/product"}],"about":[{"href":"https:\/\/umayalighting.com\/es\/wp-json\/wp\/v2\/types\/product"}],"replies":[{"embeddable":true,"href":"https:\/\/umayalighting.com\/es\/wp-json\/wp\/v2\/comments?post=6085"}],"wp:featuredmedia":[{"embeddable":true,"href":"https:\/\/umayalighting.com\/es\/wp-json\/wp\/v2\/media\/9529"}],"wp:attachment":[{"href":"https:\/\/umayalighting.com\/es\/wp-json\/wp\/v2\/media?parent=6085"}],"wp:term":[{"taxonomy":"product_brand","embeddable":true,"href":"https:\/\/umayalighting.com\/es\/wp-json\/wp\/v2\/product_brand?post=6085"},{"taxonomy":"product_cat","embeddable":true,"href":"https:\/\/umayalighting.com\/es\/wp-json\/wp\/v2\/product_cat?post=6085"},{"taxonomy":"product_tag","embeddable":true,"href":"https:\/\/umayalighting.com\/es\/wp-json\/wp\/v2\/product_tag?post=6085"}],"curies":[{"name":"wp","href":"https:\/\/api.w.org\/{rel}","templated":true}]}}