{"id":6087,"date":"2023-04-24T04:13:20","date_gmt":"2023-04-24T00:13:20","guid":{"rendered":"https:\/\/umayalighting.com\/projects\/puerta-bahria-town\/"},"modified":"2023-09-16T16:40:33","modified_gmt":"2023-09-16T12:40:33","slug":"bahria-town-gate","status":"publish","type":"product","link":"https:\/\/umayalighting.com\/es\/projects\/bahria-town-gate\/","title":{"rendered":"Puerta Bahria Town"},"content":{"rendered":"<p>El desarrollo del dise\u00f1o de iluminaci\u00f3n para esta puerta de acceso se compone de dos esquemas diferentes. El primero tiene un enfoque escult\u00f3rico, con luz blanca c\u00e1lida neutra que se enfoca en revelar la estructura, enfatizar las curvas y jugar con las luces y sombras.<\/p>\n<p>El segundo esquema tiene como objetivo capturar la velocidad y el movimiento intr\u00ednsecos al dise\u00f1o del edificio. Se agreg\u00f3 un efecto din\u00e1mico en forma de trazos azules pulsantes en los brazos laterales, inspirado en las l\u00edneas de luz de los autom\u00f3viles y capturando la velocidad de la carretera.<\/p>\n<p>Esto transforma la puerta en un fen\u00f3meno, un espect\u00e1culo en s\u00ed mismo. Como se solicit\u00f3 en el informe preliminar, ingresar a la ciudad se convierte en una experiencia visual y sensorial.<\/p>\n","protected":false},"excerpt":{"rendered":"<p>UBICACI\u00d3N: KARACHI, PAKIST\u00c1N<br \/>\nUSO: Urbano &amp; Comunidades<br \/>\nALCANCE: DISE\u00d1O LUM\u00cdNICO DE EXTERIORES &amp; ESPACIOS P\u00daBLICOS<\/p>\n","protected":false},"featured_media":5048,"comment_status":"closed","ping_status":"closed","template":"","meta":{"_acf_changed":false},"product_brand":[],"product_cat":[108],"product_tag":[],"class_list":{"0":"post-6087","1":"product","2":"type-product","3":"status-publish","4":"has-post-thumbnail","6":"product_cat-proyectos","8":"first","9":"instock","10":"shipping-taxable","11":"product-type-simple"},"acf":[],"_links":{"self":[{"href":"https:\/\/umayalighting.com\/es\/wp-json\/wp\/v2\/product\/6087","targetHints":{"allow":["GET"]}}],"collection":[{"href":"https:\/\/umayalighting.com\/es\/wp-json\/wp\/v2\/product"}],"about":[{"href":"https:\/\/umayalighting.com\/es\/wp-json\/wp\/v2\/types\/product"}],"replies":[{"embeddable":true,"href":"https:\/\/umayalighting.com\/es\/wp-json\/wp\/v2\/comments?post=6087"}],"wp:featuredmedia":[{"embeddable":true,"href":"https:\/\/umayalighting.com\/es\/wp-json\/wp\/v2\/media\/5048"}],"wp:attachment":[{"href":"https:\/\/umayalighting.com\/es\/wp-json\/wp\/v2\/media?parent=6087"}],"wp:term":[{"taxonomy":"product_brand","embeddable":true,"href":"https:\/\/umayalighting.com\/es\/wp-json\/wp\/v2\/product_brand?post=6087"},{"taxonomy":"product_cat","embeddable":true,"href":"https:\/\/umayalighting.com\/es\/wp-json\/wp\/v2\/product_cat?post=6087"},{"taxonomy":"product_tag","embeddable":true,"href":"https:\/\/umayalighting.com\/es\/wp-json\/wp\/v2\/product_tag?post=6087"}],"curies":[{"name":"wp","href":"https:\/\/api.w.org\/{rel}","templated":true}]}}