{"id":6088,"date":"2023-04-24T04:19:45","date_gmt":"2023-04-24T00:19:45","guid":{"rendered":"https:\/\/umayalighting.com\/projects\/torre-bahria-town\/"},"modified":"2023-09-16T16:40:33","modified_gmt":"2023-09-16T12:40:33","slug":"bahria-town-tower","status":"publish","type":"product","link":"https:\/\/umayalighting.com\/es\/projects\/bahria-town-tower\/","title":{"rendered":"Torre Bahria Town"},"content":{"rendered":"<p>Esta torre fue el desarrollo ancla del distrito comercial en la ciudad de Bahria en Karachi, Pakist\u00e1n. Fue el primer edificio inteligente de la ciudad con 14 pisos de espacio corporativo y 8 pisos de \u00e1rea comercial. El dise\u00f1o de iluminaci\u00f3n de la fachada logra que el edificio se destaque durante la noche, proyectando el estilo de vida palpitante del nuevo centro.<\/p>\n","protected":false},"excerpt":{"rendered":"<p>UBICACI\u00d3N: KARACHI, PAKIST\u00c1N<br \/>\nUSO: Oficinas &amp; Corporativo<br \/>\nALCANCE: DISE\u00d1O LUM\u00cdNICO DE FACHADA<\/p>\n","protected":false},"featured_media":9261,"comment_status":"closed","ping_status":"closed","template":"","meta":{"_acf_changed":false},"product_brand":[],"product_cat":[108],"product_tag":[],"class_list":{"0":"post-6088","1":"product","2":"type-product","3":"status-publish","4":"has-post-thumbnail","6":"product_cat-proyectos","8":"first","9":"instock","10":"shipping-taxable","11":"product-type-simple"},"acf":[],"_links":{"self":[{"href":"https:\/\/umayalighting.com\/es\/wp-json\/wp\/v2\/product\/6088","targetHints":{"allow":["GET"]}}],"collection":[{"href":"https:\/\/umayalighting.com\/es\/wp-json\/wp\/v2\/product"}],"about":[{"href":"https:\/\/umayalighting.com\/es\/wp-json\/wp\/v2\/types\/product"}],"replies":[{"embeddable":true,"href":"https:\/\/umayalighting.com\/es\/wp-json\/wp\/v2\/comments?post=6088"}],"wp:featuredmedia":[{"embeddable":true,"href":"https:\/\/umayalighting.com\/es\/wp-json\/wp\/v2\/media\/9261"}],"wp:attachment":[{"href":"https:\/\/umayalighting.com\/es\/wp-json\/wp\/v2\/media?parent=6088"}],"wp:term":[{"taxonomy":"product_brand","embeddable":true,"href":"https:\/\/umayalighting.com\/es\/wp-json\/wp\/v2\/product_brand?post=6088"},{"taxonomy":"product_cat","embeddable":true,"href":"https:\/\/umayalighting.com\/es\/wp-json\/wp\/v2\/product_cat?post=6088"},{"taxonomy":"product_tag","embeddable":true,"href":"https:\/\/umayalighting.com\/es\/wp-json\/wp\/v2\/product_tag?post=6088"}],"curies":[{"name":"wp","href":"https:\/\/api.w.org\/{rel}","templated":true}]}}