{"id":6089,"date":"2023-04-24T04:01:32","date_gmt":"2023-04-24T00:01:32","guid":{"rendered":"https:\/\/umayalighting.com\/projects\/residencias-banyan-tree\/"},"modified":"2023-09-16T16:40:33","modified_gmt":"2023-09-16T12:40:33","slug":"banyan-tree-residences","status":"publish","type":"product","link":"https:\/\/umayalighting.com\/es\/projects\/banyan-tree-residences\/","title":{"rendered":"Residencias Banyan Tree"},"content":{"rendered":"<p>Este prestigioso complejo privado consta de una torre residencial y un clubhouse, ubicados en un gran parque ajardinado. Este desarrollo de lujo requiri\u00f3 soluciones a medida, que exigieron una comunicaci\u00f3n constante con el cliente para garantizar que los detalles m\u00e1s peque\u00f1os se ejecutaran correctamente.<\/p>\n<p>La iluminaci\u00f3n de fachada de la torre consisti\u00f3 en toques m\u00ednimos de luz para captar su belleza arquitect\u00f3nica. Trazos de luz resaltan las costillas verticales, que son elementos clave de la identidad del edificio. Los grandes marcos en el techo tambi\u00e9n se acentuaron para mostrar la parte superior y revelar la torre a la distancia.<\/p>\n<p>Para los interiores, el enfoque general consisti\u00f3 en utilizar downlights empotrados para la iluminaci\u00f3n general, complementados con gargantas de luz indirecta en techos y pisos para resaltar la espacialidad. Se crearon objetivos visuales donde fuera necesario; el mostrador de la recepci\u00f3n y la pared detr\u00e1s son un ejemplo de ello. La iluminaci\u00f3n de tarea requiri\u00f3 un enfoque a\u00fan m\u00e1s meticuloso, especialmente en \u00e1reas altamente especializadas como el gimnasio, la sala de squash y el spa.<\/p>\n<p>La iluminaci\u00f3n de paisaje consisti\u00f3 principalmente de dos capas. El peso visual de la iluminaci\u00f3n del hardscape se aprecia en la delineaci\u00f3n de los caminos y las \u00e1reas de descanso. La iluminaci\u00f3n de la vegetaci\u00f3n fue igual de importante, para crear una atm\u00f3sfera vivida y natural en el complejo.<\/p>\n","protected":false},"excerpt":{"rendered":"<p>UBICACI\u00d3N: DUBAI, EMIRATOS \u00c1RABES UNIDOS<br \/>\nUSO: RESIDENCIAL &#8211; Hoteler\u00eda<br \/>\nALCANCE: DISE\u00d1O LUM\u00cdNICO DE INTERIORES, EXTERIORES &amp; PAISAJISMO<\/p>\n","protected":false},"featured_media":5976,"comment_status":"closed","ping_status":"closed","template":"","meta":{"_acf_changed":false},"product_brand":[],"product_cat":[108],"product_tag":[],"class_list":{"0":"post-6089","1":"product","2":"type-product","3":"status-publish","4":"has-post-thumbnail","6":"product_cat-proyectos","8":"first","9":"instock","10":"shipping-taxable","11":"product-type-simple"},"acf":[],"_links":{"self":[{"href":"https:\/\/umayalighting.com\/es\/wp-json\/wp\/v2\/product\/6089","targetHints":{"allow":["GET"]}}],"collection":[{"href":"https:\/\/umayalighting.com\/es\/wp-json\/wp\/v2\/product"}],"about":[{"href":"https:\/\/umayalighting.com\/es\/wp-json\/wp\/v2\/types\/product"}],"replies":[{"embeddable":true,"href":"https:\/\/umayalighting.com\/es\/wp-json\/wp\/v2\/comments?post=6089"}],"wp:featuredmedia":[{"embeddable":true,"href":"https:\/\/umayalighting.com\/es\/wp-json\/wp\/v2\/media\/5976"}],"wp:attachment":[{"href":"https:\/\/umayalighting.com\/es\/wp-json\/wp\/v2\/media?parent=6089"}],"wp:term":[{"taxonomy":"product_brand","embeddable":true,"href":"https:\/\/umayalighting.com\/es\/wp-json\/wp\/v2\/product_brand?post=6089"},{"taxonomy":"product_cat","embeddable":true,"href":"https:\/\/umayalighting.com\/es\/wp-json\/wp\/v2\/product_cat?post=6089"},{"taxonomy":"product_tag","embeddable":true,"href":"https:\/\/umayalighting.com\/es\/wp-json\/wp\/v2\/product_tag?post=6089"}],"curies":[{"name":"wp","href":"https:\/\/api.w.org\/{rel}","templated":true}]}}