{"id":6090,"date":"2023-04-24T04:19:48","date_gmt":"2023-04-24T00:19:48","guid":{"rendered":"https:\/\/umayalighting.com\/projects\/restaurante-boardwalk\/"},"modified":"2023-09-16T16:40:33","modified_gmt":"2023-09-16T12:40:33","slug":"boardwalk-restaurant","status":"publish","type":"product","link":"https:\/\/umayalighting.com\/es\/projects\/boardwalk-restaurant\/","title":{"rendered":"Restaurante Boardwalk"},"content":{"rendered":"<p>El dise\u00f1o de interiores de este restaurant tiene una inspiraci\u00f3n marina, integrando una suave combinaci\u00f3n de madera, blanco, turquesa y acabados met\u00e1licos. Por lo tanto, el ambiente lum\u00ednico que propusimos fue limpio y luminoso, parecido a la cubierta de un yate bajo el sol.<\/p>\n<p>Una serie de cornisas acent\u00faan el efecto ondulado en paredes y techo, a\u00f1adiendo una sensaci\u00f3n vibrante al espacio. Peque\u00f1os puntos de luz empotrados marcan la circulaci\u00f3n general y destacan las mesas, definiendo objetivos visuales y asignando jerarqu\u00eda al espacio. La iluminaci\u00f3n decorativa incluye referencias n\u00e1uticas, que se funden a la perfecci\u00f3n con el entorno.<\/p>\n<p>El esquema lum\u00ednico de la terraza exterior es tenue y sutil, a fin de no subyugar la vista de la costa y la ciudad antigua. Ba\u00f1adores de piso, pasamanos iluminados y l\u00e1mparas de mesa m\u00f3viles proporcionan los niveles m\u00ednimos de iluminaci\u00f3n requeridos, creando un ambiente \u00edntimo en la noche y permitiendo a sus hu\u00e9spedes admirar el horizonte de Dub\u00e1i.<\/p>\n","protected":false},"excerpt":{"rendered":"<p>UBICACI\u00d3N: DUBAI, EMIRATOS \u00c1RABES UNIDOS<br \/>\nUSO: GASTRONOM\u00cdA<br \/>\nALCANCE: DISE\u00d1O LUM\u00cdNICO DE INTERIORES<\/p>\n","protected":false},"featured_media":9387,"comment_status":"closed","ping_status":"closed","template":"","meta":{"_acf_changed":false},"product_brand":[],"product_cat":[108],"product_tag":[],"class_list":{"0":"post-6090","1":"product","2":"type-product","3":"status-publish","4":"has-post-thumbnail","6":"product_cat-proyectos","8":"first","9":"instock","10":"shipping-taxable","11":"product-type-simple"},"acf":[],"_links":{"self":[{"href":"https:\/\/umayalighting.com\/es\/wp-json\/wp\/v2\/product\/6090","targetHints":{"allow":["GET"]}}],"collection":[{"href":"https:\/\/umayalighting.com\/es\/wp-json\/wp\/v2\/product"}],"about":[{"href":"https:\/\/umayalighting.com\/es\/wp-json\/wp\/v2\/types\/product"}],"replies":[{"embeddable":true,"href":"https:\/\/umayalighting.com\/es\/wp-json\/wp\/v2\/comments?post=6090"}],"wp:featuredmedia":[{"embeddable":true,"href":"https:\/\/umayalighting.com\/es\/wp-json\/wp\/v2\/media\/9387"}],"wp:attachment":[{"href":"https:\/\/umayalighting.com\/es\/wp-json\/wp\/v2\/media?parent=6090"}],"wp:term":[{"taxonomy":"product_brand","embeddable":true,"href":"https:\/\/umayalighting.com\/es\/wp-json\/wp\/v2\/product_brand?post=6090"},{"taxonomy":"product_cat","embeddable":true,"href":"https:\/\/umayalighting.com\/es\/wp-json\/wp\/v2\/product_cat?post=6090"},{"taxonomy":"product_tag","embeddable":true,"href":"https:\/\/umayalighting.com\/es\/wp-json\/wp\/v2\/product_tag?post=6090"}],"curies":[{"name":"wp","href":"https:\/\/api.w.org\/{rel}","templated":true}]}}