{"id":6091,"date":"2023-04-24T04:28:01","date_gmt":"2023-04-24T00:28:01","guid":{"rendered":"https:\/\/umayalighting.com\/projects\/hotel-burj-rafal-kempinski-riad\/"},"modified":"2023-09-16T16:40:33","modified_gmt":"2023-09-16T12:40:33","slug":"burj-rafal-hotel-kempinski-riyadh","status":"publish","type":"product","link":"https:\/\/umayalighting.com\/es\/projects\/burj-rafal-hotel-kempinski-riyadh\/","title":{"rendered":"Hotel Burj Rafal Kempinski Riad"},"content":{"rendered":"<p>Esta comunidad residencial ya es un punto de referencia en Riad. Situada al norte de la capital de Arabia Saudita, esta torre de 308 metros de alto cuenta con las instalaciones m\u00e1s modernas, sistemas totalmente integrados y 360 grados de luz natural.<\/p>\n<p>El enfoque al planificar la iluminaci\u00f3n de fachada de un edificio tan prominente fue crear un \u00fanico efecto visual, pero audaz, capaz de hacer hincapi\u00e9 en el papel del edificio como un moj\u00f3n urbano. El concepto de la torre proyectando luz hacia el exterior a trav\u00e9s de su piel exterior y techo funcion\u00f3 a la perfecci\u00f3n.<\/p>\n<p>Este esquema se desarroll\u00f3 m\u00e1s en profundidad con el uso de colores din\u00e1micos. A lo largo de la noche la torre cambia de tonalidad en ciclos largos y suaves, modificando su apariencia y c\u00f3mo la gente lo percibe. El edificio se convierte en un elemento de sorpresa en el horizonte, un icono de la ciudad.<\/p>\n","protected":false},"excerpt":{"rendered":"<p>UBICACI\u00d3N: RIAD, ARABIA SAUDITA<br \/>\nUSO: GRAN ALTURA &#8211; HOTELER\u00cdA<br \/>\nALCANCE: DISE\u00d1O LUM\u00cdNICO DE FACHADA &amp; EVENTO<\/p>\n","protected":false},"featured_media":7914,"comment_status":"closed","ping_status":"closed","template":"","meta":{"_acf_changed":false},"product_brand":[],"product_cat":[108],"product_tag":[],"class_list":{"0":"post-6091","1":"product","2":"type-product","3":"status-publish","4":"has-post-thumbnail","6":"product_cat-proyectos","8":"first","9":"instock","10":"shipping-taxable","11":"product-type-simple"},"acf":[],"_links":{"self":[{"href":"https:\/\/umayalighting.com\/es\/wp-json\/wp\/v2\/product\/6091","targetHints":{"allow":["GET"]}}],"collection":[{"href":"https:\/\/umayalighting.com\/es\/wp-json\/wp\/v2\/product"}],"about":[{"href":"https:\/\/umayalighting.com\/es\/wp-json\/wp\/v2\/types\/product"}],"replies":[{"embeddable":true,"href":"https:\/\/umayalighting.com\/es\/wp-json\/wp\/v2\/comments?post=6091"}],"wp:featuredmedia":[{"embeddable":true,"href":"https:\/\/umayalighting.com\/es\/wp-json\/wp\/v2\/media\/7914"}],"wp:attachment":[{"href":"https:\/\/umayalighting.com\/es\/wp-json\/wp\/v2\/media?parent=6091"}],"wp:term":[{"taxonomy":"product_brand","embeddable":true,"href":"https:\/\/umayalighting.com\/es\/wp-json\/wp\/v2\/product_brand?post=6091"},{"taxonomy":"product_cat","embeddable":true,"href":"https:\/\/umayalighting.com\/es\/wp-json\/wp\/v2\/product_cat?post=6091"},{"taxonomy":"product_tag","embeddable":true,"href":"https:\/\/umayalighting.com\/es\/wp-json\/wp\/v2\/product_tag?post=6091"}],"curies":[{"name":"wp","href":"https:\/\/api.w.org\/{rel}","templated":true}]}}