{"id":6092,"date":"2023-04-24T04:06:58","date_gmt":"2023-04-24T00:06:58","guid":{"rendered":"https:\/\/umayalighting.com\/projects\/burjuman-mall\/"},"modified":"2023-09-16T16:40:34","modified_gmt":"2023-09-16T12:40:34","slug":"burjuman-mall","status":"publish","type":"product","link":"https:\/\/umayalighting.com\/es\/projects\/burjuman-mall\/","title":{"rendered":"Burjuman Mall"},"content":{"rendered":"<p>Desde un punto de vista conceptual, el dise\u00f1o de iluminaci\u00f3n de interiores se concibi\u00f3 para reflejar la estrategia de dise\u00f1o renovada de este centro comercial, al mismo tiempo que proporciona los niveles de iluminaci\u00f3n obligatorios internacionalmente para un espacio comercial refinado y de alta gama.<\/p>\n<p>La iluminaci\u00f3n de fachada se centr\u00f3 en generar un sistema din\u00e1mico de color RGBW para crear una disposici\u00f3n visual en constante evoluci\u00f3n; que es a la vez din\u00e1mica e interactiva.<\/p>\n<p>El esquema se centr\u00f3 en resaltar los elementos arquitect\u00f3nicos distintivos que se destacan en la fachada, creando varias capas de luz. Al retroiluminar elementos de vidrio, se agrega un toque de transparencia. Esto se complement\u00f3 con el uso de elementos perforados retroiluminados para simular un efecto de linterna.<\/p>\n","protected":false},"excerpt":{"rendered":"<p>UBICACI\u00d3N: DUBAI, EMIRATOS \u00c1RABES UNIDOS<br \/>\nUSO: Malls &amp; Retail<br \/>\nALCANCE: DISE\u00d1O LUM\u00cdNICO DE INTERIORES &amp; FACHADA<\/p>\n","protected":false},"featured_media":9097,"comment_status":"closed","ping_status":"closed","template":"","meta":{"_acf_changed":false},"product_brand":[],"product_cat":[108],"product_tag":[],"class_list":{"0":"post-6092","1":"product","2":"type-product","3":"status-publish","4":"has-post-thumbnail","6":"product_cat-proyectos","8":"first","9":"instock","10":"shipping-taxable","11":"product-type-simple"},"acf":[],"_links":{"self":[{"href":"https:\/\/umayalighting.com\/es\/wp-json\/wp\/v2\/product\/6092","targetHints":{"allow":["GET"]}}],"collection":[{"href":"https:\/\/umayalighting.com\/es\/wp-json\/wp\/v2\/product"}],"about":[{"href":"https:\/\/umayalighting.com\/es\/wp-json\/wp\/v2\/types\/product"}],"replies":[{"embeddable":true,"href":"https:\/\/umayalighting.com\/es\/wp-json\/wp\/v2\/comments?post=6092"}],"wp:featuredmedia":[{"embeddable":true,"href":"https:\/\/umayalighting.com\/es\/wp-json\/wp\/v2\/media\/9097"}],"wp:attachment":[{"href":"https:\/\/umayalighting.com\/es\/wp-json\/wp\/v2\/media?parent=6092"}],"wp:term":[{"taxonomy":"product_brand","embeddable":true,"href":"https:\/\/umayalighting.com\/es\/wp-json\/wp\/v2\/product_brand?post=6092"},{"taxonomy":"product_cat","embeddable":true,"href":"https:\/\/umayalighting.com\/es\/wp-json\/wp\/v2\/product_cat?post=6092"},{"taxonomy":"product_tag","embeddable":true,"href":"https:\/\/umayalighting.com\/es\/wp-json\/wp\/v2\/product_tag?post=6092"}],"curies":[{"name":"wp","href":"https:\/\/api.w.org\/{rel}","templated":true}]}}