{"id":6093,"date":"2023-04-24T03:58:55","date_gmt":"2023-04-23T23:58:55","guid":{"rendered":"https:\/\/umayalighting.com\/projects\/centro-de-negocios\/"},"modified":"2023-09-16T16:40:34","modified_gmt":"2023-09-16T12:40:34","slug":"business-centre","status":"publish","type":"product","link":"https:\/\/umayalighting.com\/es\/projects\/business-centre\/","title":{"rendered":"Centro de Negocios"},"content":{"rendered":"<p>La luz funcional en los vest\u00edbulos y pasillos se bas\u00f3 en calas a lo largo de las paredes; generando una iluminaci\u00f3n suave, sin deslumbramiento y vertical. Esta se combin\u00f3 con iluminaci\u00f3n de acento en los objetivos visuales e iluminaci\u00f3n de tarea en superficies de trabajo y puntos cr\u00edticos de acceso.<\/p>\n<p>El elemento principal en el atrio es una instalaci\u00f3n lum\u00ednica suspendida compuesta por 165 pir\u00e1mides acr\u00edlicas que proyectan un espect\u00e1culo din\u00e1mico de luz y color a lo largo del d\u00eda y la noche.<\/p>\n","protected":false},"excerpt":{"rendered":"<p>UBICACI\u00d3N: DUBAI, EMIRATOS \u00c1RABES UNIDOS<br \/>\nUSO: Oficinas &amp; Corporativo<br \/>\nALCANCE: DISE\u00d1O LUM\u00cdNICO DE INTERIORES &amp; FACHADA<\/p>\n","protected":false},"featured_media":9307,"comment_status":"closed","ping_status":"closed","template":"","meta":{"_acf_changed":false},"product_brand":[],"product_cat":[108],"product_tag":[],"class_list":{"0":"post-6093","1":"product","2":"type-product","3":"status-publish","4":"has-post-thumbnail","6":"product_cat-proyectos","8":"first","9":"instock","10":"shipping-taxable","11":"product-type-simple"},"acf":[],"_links":{"self":[{"href":"https:\/\/umayalighting.com\/es\/wp-json\/wp\/v2\/product\/6093","targetHints":{"allow":["GET"]}}],"collection":[{"href":"https:\/\/umayalighting.com\/es\/wp-json\/wp\/v2\/product"}],"about":[{"href":"https:\/\/umayalighting.com\/es\/wp-json\/wp\/v2\/types\/product"}],"replies":[{"embeddable":true,"href":"https:\/\/umayalighting.com\/es\/wp-json\/wp\/v2\/comments?post=6093"}],"wp:featuredmedia":[{"embeddable":true,"href":"https:\/\/umayalighting.com\/es\/wp-json\/wp\/v2\/media\/9307"}],"wp:attachment":[{"href":"https:\/\/umayalighting.com\/es\/wp-json\/wp\/v2\/media?parent=6093"}],"wp:term":[{"taxonomy":"product_brand","embeddable":true,"href":"https:\/\/umayalighting.com\/es\/wp-json\/wp\/v2\/product_brand?post=6093"},{"taxonomy":"product_cat","embeddable":true,"href":"https:\/\/umayalighting.com\/es\/wp-json\/wp\/v2\/product_cat?post=6093"},{"taxonomy":"product_tag","embeddable":true,"href":"https:\/\/umayalighting.com\/es\/wp-json\/wp\/v2\/product_tag?post=6093"}],"curies":[{"name":"wp","href":"https:\/\/api.w.org\/{rel}","templated":true}]}}