{"id":6094,"date":"2023-04-24T04:13:54","date_gmt":"2023-04-24T00:13:54","guid":{"rendered":"https:\/\/umayalighting.com\/projects\/capital-store-qurum\/"},"modified":"2023-09-16T16:40:34","modified_gmt":"2023-09-16T12:40:34","slug":"capital-store-qurum","status":"publish","type":"product","link":"https:\/\/umayalighting.com\/es\/projects\/capital-store-qurum\/","title":{"rendered":"Capital Store Qurum"},"content":{"rendered":"<p>El dise\u00f1o de iluminaci\u00f3n para este local comercial de alta gama se centr\u00f3 en complementar el sofisticado ambiente y mejorar la experiencia de compra. El esquema se bas\u00f3 principalmente en la iluminaci\u00f3n del mobiliario, lo que contribuy\u00f3 a la exhibici\u00f3n de los productos expuestos, a la vez que definir los diferentes espacios y asegurar la cantidad correcta de luz en la tienda.<\/p>\n","protected":false},"excerpt":{"rendered":"<p>UBICACI\u00d3N: MASCATE, OMAN<br \/>\nUSO: Malls &amp; Retail<br \/>\nALCANCE: DISE\u00d1O LUM\u00cdNICO DE INTERIORES<\/p>\n","protected":false},"featured_media":8505,"comment_status":"closed","ping_status":"closed","template":"","meta":{"_acf_changed":false},"product_brand":[],"product_cat":[108],"product_tag":[],"class_list":{"0":"post-6094","1":"product","2":"type-product","3":"status-publish","4":"has-post-thumbnail","6":"product_cat-proyectos","8":"first","9":"instock","10":"shipping-taxable","11":"product-type-simple"},"acf":[],"_links":{"self":[{"href":"https:\/\/umayalighting.com\/es\/wp-json\/wp\/v2\/product\/6094","targetHints":{"allow":["GET"]}}],"collection":[{"href":"https:\/\/umayalighting.com\/es\/wp-json\/wp\/v2\/product"}],"about":[{"href":"https:\/\/umayalighting.com\/es\/wp-json\/wp\/v2\/types\/product"}],"replies":[{"embeddable":true,"href":"https:\/\/umayalighting.com\/es\/wp-json\/wp\/v2\/comments?post=6094"}],"wp:featuredmedia":[{"embeddable":true,"href":"https:\/\/umayalighting.com\/es\/wp-json\/wp\/v2\/media\/8505"}],"wp:attachment":[{"href":"https:\/\/umayalighting.com\/es\/wp-json\/wp\/v2\/media?parent=6094"}],"wp:term":[{"taxonomy":"product_brand","embeddable":true,"href":"https:\/\/umayalighting.com\/es\/wp-json\/wp\/v2\/product_brand?post=6094"},{"taxonomy":"product_cat","embeddable":true,"href":"https:\/\/umayalighting.com\/es\/wp-json\/wp\/v2\/product_cat?post=6094"},{"taxonomy":"product_tag","embeddable":true,"href":"https:\/\/umayalighting.com\/es\/wp-json\/wp\/v2\/product_tag?post=6094"}],"curies":[{"name":"wp","href":"https:\/\/api.w.org\/{rel}","templated":true}]}}