{"id":6096,"date":"2023-04-24T04:29:58","date_gmt":"2023-04-24T00:29:58","guid":{"rendered":"https:\/\/umayalighting.com\/projects\/banco-bbva\/"},"modified":"2023-09-16T16:40:36","modified_gmt":"2023-09-16T12:40:36","slug":"bbva-bank","status":"publish","type":"product","link":"https:\/\/umayalighting.com\/es\/projects\/bbva-bank\/","title":{"rendered":"Banco BBVA"},"content":{"rendered":"<p>Este edificio ecl\u00e9ctico con influencias del Barroco fue construido en 1888 por el arquitecto italiano Luigi Andreoni para albergar la sede del Banco Ingl\u00e9s. En 2002 la propiedad fue adquirida por el Banco BBVA y fue completamente renovada para atender las necesidades de una instituci\u00f3n bancaria moderna.<\/p>\n<p>El esquema de iluminaci\u00f3n interior se desarroll\u00f3 en dos capas, funcional y ornamental, para brindar tanto los par\u00e1metros de iluminaci\u00f3n adecuados, as\u00ed como resaltar la elaborada arquitectura interior. Todas las luminarias seleccionadas tienen una est\u00e9tica t\u00e9cnica para contrastar con los detalles en paredes, columnas y techos.<\/p>\n<p>La disposici\u00f3n de la iluminaci\u00f3n exterior se enfoc\u00f3 en acentuar la composici\u00f3n geom\u00e9trica y la modulaci\u00f3n de la fachada, concentr\u00e1ndose en los principales elementos arquitect\u00f3nicos. El edificio se destaca maravillosamente en la noche, y se convierte en un punto de referencia en la zona antigua de la ciudad.<\/p>\n","protected":false},"excerpt":{"rendered":"<p>UBICACI\u00d3N: MONTEVIDEO, URUGUAY<br \/>\nUSO: Oficinas &amp; Corporativo<br \/>\nALCANCE: DISE\u00d1O LUM\u00cdNICO DE INTERIORES &amp; FACHADA<\/p>\n","protected":false},"featured_media":8027,"comment_status":"closed","ping_status":"closed","template":"","meta":{"_acf_changed":false},"product_brand":[],"product_cat":[108],"product_tag":[],"class_list":{"0":"post-6096","1":"product","2":"type-product","3":"status-publish","4":"has-post-thumbnail","6":"product_cat-proyectos","8":"first","9":"instock","10":"shipping-taxable","11":"product-type-simple"},"acf":[],"_links":{"self":[{"href":"https:\/\/umayalighting.com\/es\/wp-json\/wp\/v2\/product\/6096","targetHints":{"allow":["GET"]}}],"collection":[{"href":"https:\/\/umayalighting.com\/es\/wp-json\/wp\/v2\/product"}],"about":[{"href":"https:\/\/umayalighting.com\/es\/wp-json\/wp\/v2\/types\/product"}],"replies":[{"embeddable":true,"href":"https:\/\/umayalighting.com\/es\/wp-json\/wp\/v2\/comments?post=6096"}],"wp:featuredmedia":[{"embeddable":true,"href":"https:\/\/umayalighting.com\/es\/wp-json\/wp\/v2\/media\/8027"}],"wp:attachment":[{"href":"https:\/\/umayalighting.com\/es\/wp-json\/wp\/v2\/media?parent=6096"}],"wp:term":[{"taxonomy":"product_brand","embeddable":true,"href":"https:\/\/umayalighting.com\/es\/wp-json\/wp\/v2\/product_brand?post=6096"},{"taxonomy":"product_cat","embeddable":true,"href":"https:\/\/umayalighting.com\/es\/wp-json\/wp\/v2\/product_cat?post=6096"},{"taxonomy":"product_tag","embeddable":true,"href":"https:\/\/umayalighting.com\/es\/wp-json\/wp\/v2\/product_tag?post=6096"}],"curies":[{"name":"wp","href":"https:\/\/api.w.org\/{rel}","templated":true}]}}