{"id":6097,"date":"2023-04-24T04:13:12","date_gmt":"2023-04-24T00:13:12","guid":{"rendered":"https:\/\/umayalighting.com\/projects\/torre-cayan-cantara\/"},"modified":"2023-09-16T16:40:36","modified_gmt":"2023-09-16T12:40:36","slug":"cayan-cantara-tower","status":"publish","type":"product","link":"https:\/\/umayalighting.com\/es\/projects\/cayan-cantara-tower\/","title":{"rendered":"Torre Cayan Cantara"},"content":{"rendered":"<p>Nuestra estrategia central para todas las \u00e1reas p\u00fablicas tuvo como objetivo fomentar una experiencia c\u00e1lida y acogedora, a la vez que resaltar el dise\u00f1o interior simple pero refinado.<\/p>\n<p>El concepto de la fachada se inspir\u00f3 en la narrativa arquitect\u00f3nica general; una que enfatiza dos edificios que representan un Rey y una Reina; con el Rey colocando una corona sobre la cabeza de la Reina. Por lo tanto, nuestro concepto se centr\u00f3 en las coronas, ilumin\u00e1ndolas como si estuvieran construidas de joyas extravagantes que brillan al sol. El muro cortina sobresaliente, que representa el drapeado de las capas del Rey y la Reina, se us\u00f3 como lienzo para crear un efecto lum\u00ednico \u00fanico, en donde el resultado var\u00eda seg\u00fan la perspectiva del observador. El puente est\u00e1 iluminado por una fachada multimedia. La utilizaci\u00f3n de esta malla como fuente de luz permiti\u00f3 convertir una simple superficie en una pantalla que incorpora videos e im\u00e1genes de alta resoluci\u00f3n.<\/p>\n<p>Lo que una vez fue un esquema de iluminaci\u00f3n de fachada se convirti\u00f3 en un activo generador de ingresos para el propietario, permitiendo ser arrendado a agencias de medios.<\/p>\n","protected":false},"excerpt":{"rendered":"<p>UBICACI\u00d3N: DUBAI, EMIRATOS \u00c1RABES UNIDOS<br \/>\nUSO: HOTELER\u00cdA &#8211; GRAN ALTURA<br \/>\nALCANCE: DISE\u00d1O LUM\u00cdNICO DE INTERIORES &amp; FACHADA<\/p>\n","protected":false},"featured_media":9016,"comment_status":"closed","ping_status":"closed","template":"","meta":{"_acf_changed":false},"product_brand":[],"product_cat":[108],"product_tag":[],"class_list":{"0":"post-6097","1":"product","2":"type-product","3":"status-publish","4":"has-post-thumbnail","6":"product_cat-proyectos","8":"first","9":"instock","10":"shipping-taxable","11":"product-type-simple"},"acf":[],"_links":{"self":[{"href":"https:\/\/umayalighting.com\/es\/wp-json\/wp\/v2\/product\/6097","targetHints":{"allow":["GET"]}}],"collection":[{"href":"https:\/\/umayalighting.com\/es\/wp-json\/wp\/v2\/product"}],"about":[{"href":"https:\/\/umayalighting.com\/es\/wp-json\/wp\/v2\/types\/product"}],"replies":[{"embeddable":true,"href":"https:\/\/umayalighting.com\/es\/wp-json\/wp\/v2\/comments?post=6097"}],"wp:featuredmedia":[{"embeddable":true,"href":"https:\/\/umayalighting.com\/es\/wp-json\/wp\/v2\/media\/9016"}],"wp:attachment":[{"href":"https:\/\/umayalighting.com\/es\/wp-json\/wp\/v2\/media?parent=6097"}],"wp:term":[{"taxonomy":"product_brand","embeddable":true,"href":"https:\/\/umayalighting.com\/es\/wp-json\/wp\/v2\/product_brand?post=6097"},{"taxonomy":"product_cat","embeddable":true,"href":"https:\/\/umayalighting.com\/es\/wp-json\/wp\/v2\/product_cat?post=6097"},{"taxonomy":"product_tag","embeddable":true,"href":"https:\/\/umayalighting.com\/es\/wp-json\/wp\/v2\/product_tag?post=6097"}],"curies":[{"name":"wp","href":"https:\/\/api.w.org\/{rel}","templated":true}]}}