{"id":6098,"date":"2023-04-24T04:04:50","date_gmt":"2023-04-24T00:04:50","guid":{"rendered":"https:\/\/umayalighting.com\/projects\/boutique-chanel-en-delhi\/"},"modified":"2023-09-16T16:40:36","modified_gmt":"2023-09-16T12:40:36","slug":"chanel-store-delhi","status":"publish","type":"product","link":"https:\/\/umayalighting.com\/es\/projects\/chanel-store-delhi\/","title":{"rendered":"Boutique Chanel en Delhi"},"content":{"rendered":"<p>Este espacio sigue la est\u00e9tica de la casa de modas, donde el lujo es clave. Los materiales son suntuosos, con terminaciones en dorado rompiendo con la paleta monocrom\u00e1tica. El esquema de iluminaci\u00f3n desarrollado por nuestro estudio se centr\u00f3 en exponer los objetos como piezas de arte, m\u00e1s que art\u00edculos comerciales. Esto, junto con altos \u00edndices de reproducci\u00f3n crom\u00e1tica, haces de luz precisos y un excelente control del deslumbramiento ayud\u00f3 a lograr la sensaci\u00f3n de lujo y exclusividad que esta marca representa.<\/p>\n","protected":false},"excerpt":{"rendered":"<p>Boutique Chanel en Delhi<br \/>\nUSO: Malls &amp; Retail<br \/>\nALCANCE: DISE\u00d1O LUM\u00cdNICO DE INTERIORES<\/p>\n","protected":false},"featured_media":9673,"comment_status":"closed","ping_status":"closed","template":"","meta":{"_acf_changed":false},"product_brand":[],"product_cat":[108],"product_tag":[],"class_list":{"0":"post-6098","1":"product","2":"type-product","3":"status-publish","4":"has-post-thumbnail","6":"product_cat-proyectos","8":"first","9":"instock","10":"shipping-taxable","11":"product-type-simple"},"acf":[],"_links":{"self":[{"href":"https:\/\/umayalighting.com\/es\/wp-json\/wp\/v2\/product\/6098","targetHints":{"allow":["GET"]}}],"collection":[{"href":"https:\/\/umayalighting.com\/es\/wp-json\/wp\/v2\/product"}],"about":[{"href":"https:\/\/umayalighting.com\/es\/wp-json\/wp\/v2\/types\/product"}],"replies":[{"embeddable":true,"href":"https:\/\/umayalighting.com\/es\/wp-json\/wp\/v2\/comments?post=6098"}],"wp:featuredmedia":[{"embeddable":true,"href":"https:\/\/umayalighting.com\/es\/wp-json\/wp\/v2\/media\/9673"}],"wp:attachment":[{"href":"https:\/\/umayalighting.com\/es\/wp-json\/wp\/v2\/media?parent=6098"}],"wp:term":[{"taxonomy":"product_brand","embeddable":true,"href":"https:\/\/umayalighting.com\/es\/wp-json\/wp\/v2\/product_brand?post=6098"},{"taxonomy":"product_cat","embeddable":true,"href":"https:\/\/umayalighting.com\/es\/wp-json\/wp\/v2\/product_cat?post=6098"},{"taxonomy":"product_tag","embeddable":true,"href":"https:\/\/umayalighting.com\/es\/wp-json\/wp\/v2\/product_tag?post=6098"}],"curies":[{"name":"wp","href":"https:\/\/api.w.org\/{rel}","templated":true}]}}