{"id":6099,"date":"2023-04-24T04:04:44","date_gmt":"2023-04-24T00:04:44","guid":{"rendered":"https:\/\/umayalighting.com\/projects\/boutique-chanel-en-dubai\/"},"modified":"2023-09-16T16:40:37","modified_gmt":"2023-09-16T12:40:37","slug":"chanel-store-dubai","status":"publish","type":"product","link":"https:\/\/umayalighting.com\/es\/projects\/chanel-store-dubai\/","title":{"rendered":"Boutique Chanel en Dub\u00e1i"},"content":{"rendered":"<p>Esta primer tienda de belleza y fragancias de Chanel en Medio Oriente se encuentra ubicada en la extensi\u00f3n del Fashion Avenue en el Dubai Mall. Este espacio de 130 m2 sigue la est\u00e9tica de la casa de modas, donde el lujo es clave. Los materiales son suntuosos, con terminaciones en dorado rompiendo con la paleta monocrom\u00e1tica.<\/p>\n<p>El esquema de iluminaci\u00f3n desarrollado por nuestro estudio de Dubai se centr\u00f3 en exponer los objetos como piezas de arte, m\u00e1s que art\u00edculos comerciales. Esto, junto con altos \u00edndices de reproducci\u00f3n crom\u00e1tica, haces de luz precisos y un excelente control del deslumbramiento ayud\u00f3 a lograr la sensaci\u00f3n de lujo y exclusividad que esta marca representa.<\/p>\n<p>Adem\u00e1s, la disposici\u00f3n y el rendimiento del sistema de iluminaci\u00f3n ayudaron a alcanzar el umbral LEED Gold que el cliente hab\u00eda requerido.<\/p>\n","protected":false},"excerpt":{"rendered":"<p>UBICACI\u00d3N: DUBAI, EMIRATOS \u00c1RABES UNIDOS<br \/>\nUSO: Malls &amp; Retail<br \/>\nALCANCE: DISE\u00d1O LUM\u00cdNICO DE INTERIORES<\/p>\n","protected":false},"featured_media":9682,"comment_status":"closed","ping_status":"closed","template":"","meta":{"_acf_changed":false},"product_brand":[],"product_cat":[108],"product_tag":[],"class_list":{"0":"post-6099","1":"product","2":"type-product","3":"status-publish","4":"has-post-thumbnail","6":"product_cat-proyectos","8":"first","9":"instock","10":"shipping-taxable","11":"product-type-simple"},"acf":[],"_links":{"self":[{"href":"https:\/\/umayalighting.com\/es\/wp-json\/wp\/v2\/product\/6099","targetHints":{"allow":["GET"]}}],"collection":[{"href":"https:\/\/umayalighting.com\/es\/wp-json\/wp\/v2\/product"}],"about":[{"href":"https:\/\/umayalighting.com\/es\/wp-json\/wp\/v2\/types\/product"}],"replies":[{"embeddable":true,"href":"https:\/\/umayalighting.com\/es\/wp-json\/wp\/v2\/comments?post=6099"}],"wp:featuredmedia":[{"embeddable":true,"href":"https:\/\/umayalighting.com\/es\/wp-json\/wp\/v2\/media\/9682"}],"wp:attachment":[{"href":"https:\/\/umayalighting.com\/es\/wp-json\/wp\/v2\/media?parent=6099"}],"wp:term":[{"taxonomy":"product_brand","embeddable":true,"href":"https:\/\/umayalighting.com\/es\/wp-json\/wp\/v2\/product_brand?post=6099"},{"taxonomy":"product_cat","embeddable":true,"href":"https:\/\/umayalighting.com\/es\/wp-json\/wp\/v2\/product_cat?post=6099"},{"taxonomy":"product_tag","embeddable":true,"href":"https:\/\/umayalighting.com\/es\/wp-json\/wp\/v2\/product_tag?post=6099"}],"curies":[{"name":"wp","href":"https:\/\/api.w.org\/{rel}","templated":true}]}}