{"id":6101,"date":"2023-04-24T04:08:10","date_gmt":"2023-04-24T00:08:10","guid":{"rendered":"https:\/\/umayalighting.com\/projects\/coca-cola-arena\/"},"modified":"2023-09-16T16:40:37","modified_gmt":"2023-09-16T12:40:37","slug":"coca-cola-arena","status":"publish","type":"product","link":"https:\/\/umayalighting.com\/es\/projects\/coca-cola-arena\/","title":{"rendered":"Coca Cola Arena"},"content":{"rendered":"<p>El dise\u00f1o conceptual para la iluminaci\u00f3n de los espacios interiores se inspir\u00f3 en las formas encontradas en la estructura de la fachada, que inclu\u00eda rombos, tri\u00e1ngulos y l\u00edneas cruzadas. La idea central fue filtrar la fachada hacia el interior a trav\u00e9s de la luz.<\/p>\n<p>Esta intenci\u00f3n de dise\u00f1o comienza en el mostrador de la recepci\u00f3n de la entrada principal, donde una concentraci\u00f3n de elementos geom\u00e9tricos de iluminaci\u00f3n semejando la fachada explotan y se separan entre s\u00ed, dejando finalmente l\u00edneas individuales suspendidas en el espacio. Esta estrategia se utiliz\u00f3 en todo el arena, en forma de l\u00edneas paralelas e intersecantes, logrando un dise\u00f1o uniforme y transmitiendo la idea de movimiento y dinamismo.<\/p>\n<p>La flexibilidad de uso y configuraci\u00f3n fue primordial, por lo que la mayor\u00eda de las \u00e1reas son controlables v\u00eda DALI, permitiendo una f\u00e1cil reconfiguraci\u00f3n y programaci\u00f3n en caso de condiciones cambiantes. Asimismo, para lograr un cambio de luz instant\u00e1neo todas las \u00e1reas mirando al arena son controlables v\u00eda DMX y vinculadas a la iluminaci\u00f3n de evento.<\/p>\n<p>Todo el paquete de iluminaci\u00f3n se desarroll\u00f3 en BIM, ofreciendo una r\u00e1pida coordinaci\u00f3n entre disciplinas y dando como resultado un dise\u00f1o excepcionalmente coordinado y consistente.<\/p>\n","protected":false},"excerpt":{"rendered":"<p>UBICACI\u00d3N: DUBAI, EMIRATOS \u00c1RABES UNIDOS<br \/>\nUSO: OCIO &#8211; DEPORTES<br \/>\nALCANCE: DISE\u00d1O LUM\u00cdNICO DE INTERIORES<\/p>\n","protected":false},"featured_media":8777,"comment_status":"closed","ping_status":"closed","template":"","meta":{"_acf_changed":false},"product_brand":[],"product_cat":[108],"product_tag":[],"class_list":{"0":"post-6101","1":"product","2":"type-product","3":"status-publish","4":"has-post-thumbnail","6":"product_cat-proyectos","8":"first","9":"instock","10":"shipping-taxable","11":"product-type-simple"},"acf":[],"_links":{"self":[{"href":"https:\/\/umayalighting.com\/es\/wp-json\/wp\/v2\/product\/6101","targetHints":{"allow":["GET"]}}],"collection":[{"href":"https:\/\/umayalighting.com\/es\/wp-json\/wp\/v2\/product"}],"about":[{"href":"https:\/\/umayalighting.com\/es\/wp-json\/wp\/v2\/types\/product"}],"replies":[{"embeddable":true,"href":"https:\/\/umayalighting.com\/es\/wp-json\/wp\/v2\/comments?post=6101"}],"wp:featuredmedia":[{"embeddable":true,"href":"https:\/\/umayalighting.com\/es\/wp-json\/wp\/v2\/media\/8777"}],"wp:attachment":[{"href":"https:\/\/umayalighting.com\/es\/wp-json\/wp\/v2\/media?parent=6101"}],"wp:term":[{"taxonomy":"product_brand","embeddable":true,"href":"https:\/\/umayalighting.com\/es\/wp-json\/wp\/v2\/product_brand?post=6101"},{"taxonomy":"product_cat","embeddable":true,"href":"https:\/\/umayalighting.com\/es\/wp-json\/wp\/v2\/product_cat?post=6101"},{"taxonomy":"product_tag","embeddable":true,"href":"https:\/\/umayalighting.com\/es\/wp-json\/wp\/v2\/product_tag?post=6101"}],"curies":[{"name":"wp","href":"https:\/\/api.w.org\/{rel}","templated":true}]}}