{"id":6102,"date":"2023-04-24T04:27:12","date_gmt":"2023-04-24T00:27:12","guid":{"rendered":"https:\/\/umayalighting.com\/projects\/hotel-crowne-plaza\/"},"modified":"2023-09-16T16:40:37","modified_gmt":"2023-09-16T12:40:37","slug":"crowne-plaza-hotel","status":"publish","type":"product","link":"https:\/\/umayalighting.com\/es\/projects\/crowne-plaza-hotel\/","title":{"rendered":"Hotel Crowne Plaza"},"content":{"rendered":"<p>Este hotel es parte de un parque empresarial de alta gama junto al Aeropuerto Internacional de Doha.<\/p>\n<p>Atendiendo a la solicitud del cliente que la iluminaci\u00f3n exterior deb\u00eda ser provocativa pero acogedora, optamos por una combinaci\u00f3n de luz blanca c\u00e1lida y roja, como manera de integrar sus colores corporativos en la fachada del edificio.<\/p>\n<p>La iluminaci\u00f3n de los principales elementos estructurales ayuda a exponer la composici\u00f3n arquitect\u00f3nica, y proporciona una base neutra para otras intervenciones m\u00e1s en\u00e9rgicas. El elemento principal es la aparente distribuci\u00f3n aleatoria de puntos Led ubicados en los perfiles horizontales, los que leen en C\u00f3digo Morse un mensaje de bienvenida a los visitantes.<\/p>\n<p><strong>Centro de Conferencias Crowne Plaza<\/strong><\/p>\n<p>Este edificio, con su apariencia \u00fanica de bola de cristal, es punto focal y baricentro del desarrollo en el cual est\u00e1 inserto.<\/p>\n<p>Centro de Conferencias Crowne Plaza, Teniendo en cuenta la alta visibilidad del edificio en su entorno y su acabado altamente reflectante, nos propusimos crear una soluci\u00f3n que evitase el deslumbramiento y subraye la idea de un elemento din\u00e1mico central.<\/p>\n<p>La analog\u00eda sobre una constelaci\u00f3n de estrellas funcion\u00f3 a la perfecci\u00f3n. Trescientos puntos Led insertados en las juntas del vidriado var\u00edan su intensidad en un orden predeterminado, formando diferentes patrones de constelaci\u00f3n. Durante la noche el vidriado oscuro es el fondo perfecto para estas estrellas brillantes.<\/p>\n","protected":false},"excerpt":{"rendered":"<p>UBICACI\u00d3N: Doha, Qatar<br \/>\nUSO: HOTELER\u00cdA<br \/>\nALCANCE: DISE\u00d1O LUM\u00cdNICO DE FACHADA &amp; PAISAJISMO<\/p>\n","protected":false},"featured_media":7632,"comment_status":"closed","ping_status":"closed","template":"","meta":{"_acf_changed":false},"product_brand":[],"product_cat":[108],"product_tag":[],"class_list":{"0":"post-6102","1":"product","2":"type-product","3":"status-publish","4":"has-post-thumbnail","6":"product_cat-proyectos","8":"first","9":"instock","10":"shipping-taxable","11":"product-type-simple"},"acf":[],"_links":{"self":[{"href":"https:\/\/umayalighting.com\/es\/wp-json\/wp\/v2\/product\/6102","targetHints":{"allow":["GET"]}}],"collection":[{"href":"https:\/\/umayalighting.com\/es\/wp-json\/wp\/v2\/product"}],"about":[{"href":"https:\/\/umayalighting.com\/es\/wp-json\/wp\/v2\/types\/product"}],"replies":[{"embeddable":true,"href":"https:\/\/umayalighting.com\/es\/wp-json\/wp\/v2\/comments?post=6102"}],"wp:featuredmedia":[{"embeddable":true,"href":"https:\/\/umayalighting.com\/es\/wp-json\/wp\/v2\/media\/7632"}],"wp:attachment":[{"href":"https:\/\/umayalighting.com\/es\/wp-json\/wp\/v2\/media?parent=6102"}],"wp:term":[{"taxonomy":"product_brand","embeddable":true,"href":"https:\/\/umayalighting.com\/es\/wp-json\/wp\/v2\/product_brand?post=6102"},{"taxonomy":"product_cat","embeddable":true,"href":"https:\/\/umayalighting.com\/es\/wp-json\/wp\/v2\/product_cat?post=6102"},{"taxonomy":"product_tag","embeddable":true,"href":"https:\/\/umayalighting.com\/es\/wp-json\/wp\/v2\/product_tag?post=6102"}],"curies":[{"name":"wp","href":"https:\/\/api.w.org\/{rel}","templated":true}]}}