{"id":6103,"date":"2023-04-24T04:14:29","date_gmt":"2023-04-24T00:14:29","guid":{"rendered":"https:\/\/umayalighting.com\/projects\/torre-damac-de-paramount-hotels-resorts\/"},"modified":"2023-09-16T16:40:37","modified_gmt":"2023-09-16T12:40:37","slug":"damac-tower-by-paramount-hotels-resorts","status":"publish","type":"product","link":"https:\/\/umayalighting.com\/es\/projects\/damac-tower-by-paramount-hotels-resorts\/","title":{"rendered":"Torre Damac de Paramount Hotels &amp; Resorts"},"content":{"rendered":"<p>Esta ic\u00f3nica torre ubicada en el centro de Riad, Arabia Saudita, presenta una experiencia extravagante con sabor a Hollywood. Adem\u00e1s de los apartamentos y suites, contiene un restaurant, salas de proyecci\u00f3n, SPA, piscinas y un club infantil. Los sofisticados pero acogedores espacios cuentan con notas de dise\u00f1o contempor\u00e1neo y el estilo de un gran estudio de Hollywood.<\/p>\n<p>El esquema de dise\u00f1o lum\u00ednico se bas\u00f3 en principios contempor\u00e1neos de iluminaci\u00f3n de hoteles con un enfoque teatral. Cornisas de iluminaci\u00f3n indirecta en colores vivos crean un ambiente vibrante y realzan el dise\u00f1o org\u00e1nico en paredes y techos. Haces de luz estrechos definen objetivos visuales y a\u00f1aden tridimensionalidad a las habitaciones, mientras que elementos de iluminaci\u00f3n decorativa inspirados en el s\u00e9ptimo arte complementan el ambiente cinematogr\u00e1fico.<\/p>\n<p>Por \u00faltimo, superficies LED y cielorrasos retro iluminados en \u00e1reas comunes agregan un factor sorpresa, proporcionando est\u00edmulo visual y una sensaci\u00f3n de realidad aumentada.<\/p>\n","protected":false},"excerpt":{"rendered":"<p>UBICACI\u00d3N: RIAD, ARABIA SAUDITA<br \/>\nUSO: HOTELER\u00cdA<br \/>\nALCANCE: DISE\u00d1O LUM\u00cdNICO DE INTERIORES<\/p>\n","protected":false},"featured_media":7893,"comment_status":"closed","ping_status":"closed","template":"","meta":{"_acf_changed":false},"product_brand":[],"product_cat":[108],"product_tag":[],"class_list":{"0":"post-6103","1":"product","2":"type-product","3":"status-publish","4":"has-post-thumbnail","6":"product_cat-proyectos","8":"first","9":"instock","10":"shipping-taxable","11":"product-type-simple"},"acf":[],"_links":{"self":[{"href":"https:\/\/umayalighting.com\/es\/wp-json\/wp\/v2\/product\/6103","targetHints":{"allow":["GET"]}}],"collection":[{"href":"https:\/\/umayalighting.com\/es\/wp-json\/wp\/v2\/product"}],"about":[{"href":"https:\/\/umayalighting.com\/es\/wp-json\/wp\/v2\/types\/product"}],"replies":[{"embeddable":true,"href":"https:\/\/umayalighting.com\/es\/wp-json\/wp\/v2\/comments?post=6103"}],"wp:featuredmedia":[{"embeddable":true,"href":"https:\/\/umayalighting.com\/es\/wp-json\/wp\/v2\/media\/7893"}],"wp:attachment":[{"href":"https:\/\/umayalighting.com\/es\/wp-json\/wp\/v2\/media?parent=6103"}],"wp:term":[{"taxonomy":"product_brand","embeddable":true,"href":"https:\/\/umayalighting.com\/es\/wp-json\/wp\/v2\/product_brand?post=6103"},{"taxonomy":"product_cat","embeddable":true,"href":"https:\/\/umayalighting.com\/es\/wp-json\/wp\/v2\/product_cat?post=6103"},{"taxonomy":"product_tag","embeddable":true,"href":"https:\/\/umayalighting.com\/es\/wp-json\/wp\/v2\/product_tag?post=6103"}],"curies":[{"name":"wp","href":"https:\/\/api.w.org\/{rel}","templated":true}]}}