{"id":6104,"date":"2023-04-24T03:58:35","date_gmt":"2023-04-23T23:58:35","guid":{"rendered":"https:\/\/umayalighting.com\/projects\/serie-descubrir\/"},"modified":"2023-09-16T16:40:37","modified_gmt":"2023-09-16T12:40:37","slug":"discover-series","status":"publish","type":"product","link":"https:\/\/umayalighting.com\/es\/projects\/discover-series\/","title":{"rendered":"Serie Descubrir"},"content":{"rendered":"<p>La serie Descubrir es parte de una colecci\u00f3n de \u00abacontecimientos\u00bb; intervenciones lum\u00ednicas permanentes colocadas a lo largo del Boulevard Emaar con el prop\u00f3sito de crear espacios singulares, evitando la homogeneidad y promoviendo la interacci\u00f3n humana. Estos acontecimientos se organizaron en 5 series y se colocaron cada 120 metros, alternando las aceras, para conectarlos visualmente y crear una historia, invitando a los peatones a descubrirlos e interactuar con ellos.<\/p>\n<p>En particular, esta serie reutiliz\u00f3 las estacas iluminadas existentes en los \u00e1rboles, reorganiz\u00e1ndolas en instalaciones tridimensionales para crear espacios \u00fanicos por donde los peatones puedan caminar. La serie se estructur\u00f3 en cinco dise\u00f1os diferentes: el laberinto, el bosque, las dunas, la fuente y la estrella.<\/p>\n","protected":false},"excerpt":{"rendered":"<p>UBICACI\u00d3N: DUBAI, EMIRATOS \u00c1RABES UNIDOS<br \/>\nUSO: LIGHT ART &amp; EXPOSICIONES<br \/>\nALCANCE: DISE\u00d1O LUM\u00cdNICO DE ESPACIOS P\u00daBLICOS<\/p>\n","protected":false},"featured_media":9663,"comment_status":"closed","ping_status":"closed","template":"","meta":{"_acf_changed":false},"product_brand":[],"product_cat":[108],"product_tag":[],"class_list":{"0":"post-6104","1":"product","2":"type-product","3":"status-publish","4":"has-post-thumbnail","6":"product_cat-proyectos","8":"first","9":"instock","10":"shipping-taxable","11":"product-type-simple"},"acf":[],"_links":{"self":[{"href":"https:\/\/umayalighting.com\/es\/wp-json\/wp\/v2\/product\/6104","targetHints":{"allow":["GET"]}}],"collection":[{"href":"https:\/\/umayalighting.com\/es\/wp-json\/wp\/v2\/product"}],"about":[{"href":"https:\/\/umayalighting.com\/es\/wp-json\/wp\/v2\/types\/product"}],"replies":[{"embeddable":true,"href":"https:\/\/umayalighting.com\/es\/wp-json\/wp\/v2\/comments?post=6104"}],"wp:featuredmedia":[{"embeddable":true,"href":"https:\/\/umayalighting.com\/es\/wp-json\/wp\/v2\/media\/9663"}],"wp:attachment":[{"href":"https:\/\/umayalighting.com\/es\/wp-json\/wp\/v2\/media?parent=6104"}],"wp:term":[{"taxonomy":"product_brand","embeddable":true,"href":"https:\/\/umayalighting.com\/es\/wp-json\/wp\/v2\/product_brand?post=6104"},{"taxonomy":"product_cat","embeddable":true,"href":"https:\/\/umayalighting.com\/es\/wp-json\/wp\/v2\/product_cat?post=6104"},{"taxonomy":"product_tag","embeddable":true,"href":"https:\/\/umayalighting.com\/es\/wp-json\/wp\/v2\/product_tag?post=6104"}],"curies":[{"name":"wp","href":"https:\/\/api.w.org\/{rel}","templated":true}]}}