{"id":6106,"date":"2023-04-24T04:27:16","date_gmt":"2023-04-24T00:27:16","guid":{"rendered":"https:\/\/umayalighting.com\/projects\/torre-downtown-jebel-ali\/"},"modified":"2023-09-16T16:40:38","modified_gmt":"2023-09-16T12:40:38","slug":"downtown-jebel-ali-tower","status":"publish","type":"product","link":"https:\/\/umayalighting.com\/es\/projects\/downtown-jebel-ali-tower\/","title":{"rendered":"Torre Downtown Jebel Ali"},"content":{"rendered":"<p>La Torre Downtown Jebel Ali fue nuestro primer proyecto en ser dise\u00f1ado bajo directrices LEED\u00ae (certificaci\u00f3n Plata), llevando a UMAYA Lighting Design a un nuevo nivel en dise\u00f1o lum\u00ednico sustentable. Como resultado, la densidad de potencia de iluminaci\u00f3n (lighting power density) en aleros y espacios exteriores se localizo 10% por debajo del m\u00e1ximo permitido, y 50% por debajo de este umbral en fachadas.<\/p>\n<p>Este proyecto presenta tambi\u00e9n una soluci\u00f3n innovadora para tamizar las aberturas de ventilaci\u00f3n en el podio (parking). Enormes pantallas urbanas LED soportadas por una estructura met\u00e1lica fueron propuestas, creando un \u00e1rea interactiva a nivel de la calle. Estas pantallas tambi\u00e9n pueden ser utilizadas con fines publicitarios, generando ingresos adicionales al desarrollador.<\/p>\n","protected":false},"excerpt":{"rendered":"<p>UBICACI\u00d3N: DUBAI, EMIRATOS \u00c1RABES UNIDOS<br \/>\nUSO: Oficinas &amp; Corporativo &#8211; GRAN ALTURA<br \/>\nALCANCE: DISE\u00d1O LUM\u00cdNICO DE FACHADA<\/p>\n","protected":false},"featured_media":5472,"comment_status":"closed","ping_status":"closed","template":"","meta":{"_acf_changed":false},"product_brand":[],"product_cat":[108],"product_tag":[],"class_list":{"0":"post-6106","1":"product","2":"type-product","3":"status-publish","4":"has-post-thumbnail","6":"product_cat-proyectos","8":"first","9":"instock","10":"shipping-taxable","11":"product-type-simple"},"acf":[],"_links":{"self":[{"href":"https:\/\/umayalighting.com\/es\/wp-json\/wp\/v2\/product\/6106","targetHints":{"allow":["GET"]}}],"collection":[{"href":"https:\/\/umayalighting.com\/es\/wp-json\/wp\/v2\/product"}],"about":[{"href":"https:\/\/umayalighting.com\/es\/wp-json\/wp\/v2\/types\/product"}],"replies":[{"embeddable":true,"href":"https:\/\/umayalighting.com\/es\/wp-json\/wp\/v2\/comments?post=6106"}],"wp:featuredmedia":[{"embeddable":true,"href":"https:\/\/umayalighting.com\/es\/wp-json\/wp\/v2\/media\/5472"}],"wp:attachment":[{"href":"https:\/\/umayalighting.com\/es\/wp-json\/wp\/v2\/media?parent=6106"}],"wp:term":[{"taxonomy":"product_brand","embeddable":true,"href":"https:\/\/umayalighting.com\/es\/wp-json\/wp\/v2\/product_brand?post=6106"},{"taxonomy":"product_cat","embeddable":true,"href":"https:\/\/umayalighting.com\/es\/wp-json\/wp\/v2\/product_cat?post=6106"},{"taxonomy":"product_tag","embeddable":true,"href":"https:\/\/umayalighting.com\/es\/wp-json\/wp\/v2\/product_tag?post=6106"}],"curies":[{"name":"wp","href":"https:\/\/api.w.org\/{rel}","templated":true}]}}