{"id":6107,"date":"2023-04-24T04:01:10","date_gmt":"2023-04-24T00:01:10","guid":{"rendered":"https:\/\/umayalighting.com\/projects\/terminal-de-cruceros\/"},"modified":"2023-09-16T16:40:38","modified_gmt":"2023-09-16T12:40:38","slug":"dubai-cruise-terminal","status":"publish","type":"product","link":"https:\/\/umayalighting.com\/es\/projects\/dubai-cruise-terminal\/","title":{"rendered":"Terminal de Cruceros"},"content":{"rendered":"<p>Dubai Harbour es una marina deportiva y de cruceros de renombre mundial, integrado a una comunidad frente al mar. El proyecto consta de dos terminales de cruceros, adem\u00e1s de edificios de servicios, estacionamientos y estaciones de conexi\u00f3n con el transporte p\u00fablico.<\/p>\n<p>El dise\u00f1o arquitect\u00f3nico es simple y contempor\u00e1neo, por lo cual la estrategia general de iluminaci\u00f3n tuvo como objetivo lograr estrictos niveles de iluminaci\u00f3n, considerando el ingreso de luz natural y enriqueciendo la arquitectura. Una combinaci\u00f3n de iluminaci\u00f3n directa e indirecta a lo largo del amplio hall ayuda a revelar el espacio y define \u00e1reas de baja y alta intensidad; es decir, check-in, inmigraci\u00f3n, seguridad, espera y embarque. Las \u00e1reas VIP se complementaron con un sistema de rial para proporcionar m\u00e1s car\u00e1cter y profundidad.<\/p>\n<p>El esquema de iluminaci\u00f3n exterior se centr\u00f3 en la geometr\u00eda y textura del edificio, manteniendo las \u00e1reas de estacionamiento y paisaje en segundo plano.<\/p>\n","protected":false},"excerpt":{"rendered":"<p>UBICACI\u00d3N: DUBAI, EMIRATOS \u00c1RABES UNIDOS<br \/>\nUSO: transporte<br \/>\nALCANCE: DISE\u00d1O LUM\u00cdNICO DE INTERIORES, fachada &amp; paisajismo<\/p>\n","protected":false},"featured_media":9139,"comment_status":"closed","ping_status":"closed","template":"","meta":{"_acf_changed":false},"product_brand":[],"product_cat":[108],"product_tag":[],"class_list":{"0":"post-6107","1":"product","2":"type-product","3":"status-publish","4":"has-post-thumbnail","6":"product_cat-proyectos","8":"first","9":"instock","10":"shipping-taxable","11":"product-type-simple"},"acf":[],"_links":{"self":[{"href":"https:\/\/umayalighting.com\/es\/wp-json\/wp\/v2\/product\/6107","targetHints":{"allow":["GET"]}}],"collection":[{"href":"https:\/\/umayalighting.com\/es\/wp-json\/wp\/v2\/product"}],"about":[{"href":"https:\/\/umayalighting.com\/es\/wp-json\/wp\/v2\/types\/product"}],"replies":[{"embeddable":true,"href":"https:\/\/umayalighting.com\/es\/wp-json\/wp\/v2\/comments?post=6107"}],"wp:featuredmedia":[{"embeddable":true,"href":"https:\/\/umayalighting.com\/es\/wp-json\/wp\/v2\/media\/9139"}],"wp:attachment":[{"href":"https:\/\/umayalighting.com\/es\/wp-json\/wp\/v2\/media?parent=6107"}],"wp:term":[{"taxonomy":"product_brand","embeddable":true,"href":"https:\/\/umayalighting.com\/es\/wp-json\/wp\/v2\/product_brand?post=6107"},{"taxonomy":"product_cat","embeddable":true,"href":"https:\/\/umayalighting.com\/es\/wp-json\/wp\/v2\/product_cat?post=6107"},{"taxonomy":"product_tag","embeddable":true,"href":"https:\/\/umayalighting.com\/es\/wp-json\/wp\/v2\/product_tag?post=6107"}],"curies":[{"name":"wp","href":"https:\/\/api.w.org\/{rel}","templated":true}]}}