{"id":6109,"date":"2023-04-24T04:19:19","date_gmt":"2023-04-24T00:19:19","guid":{"rendered":"https:\/\/umayalighting.com\/projects\/club-de-yates-dubai-marina\/"},"modified":"2023-09-16T16:40:38","modified_gmt":"2023-09-16T12:40:38","slug":"dubai-marina-yacht-club","status":"publish","type":"product","link":"https:\/\/umayalighting.com\/es\/projects\/dubai-marina-yacht-club\/","title":{"rendered":"Club de Yates Dub\u00e1i Marina"},"content":{"rendered":"<p>Situado en el coraz\u00f3n de Dub\u00e1i Marina, este clubhouse de extraordinaria arquitectura cuenta con exclusivos bares, restaurantes, salones, salas de conferencias y boutiques.<\/p>\n<p>El esquema de iluminaci\u00f3n exterior fue cuidadosamente planeado para resaltar el edificio, evitando cualquier contaminaci\u00f3n visual en el entorno. Tonalidades de luz azul vinculan al ambiente con la tem\u00e1tica marina, y proporcionan la iluminaci\u00f3n funcional necesaria.<\/p>\n<p>El techo en forma de hoja se ilumina suavemente desde el eje hacia el exterior, transform\u00e1ndolo en un elemento atractivo que se puede apreciar desde las torres circundantes. Charcos de luz c\u00e1lida en el suelo resaltan las columnas perimetrales que, junto con la iluminaci\u00f3n oculta en los pasamanos, crean un ambiente m\u00e1gico y acogedor.<\/p>\n<p>El resultado es un ambiente refinado pero relajado, fiel a un club privado de yates de lujo.<\/p>\n","protected":false},"excerpt":{"rendered":"<p>UBICACI\u00d3N: DUBAI, EMIRATOS \u00c1RABES UNIDOS<br \/>\nUSO: OCIO<br \/>\nALCANCE: DISE\u00d1O LUM\u00cdNICO DE INTERIORES, EXTERIORES, FACHADA<br \/>\n&amp; PAISAJISMO<\/p>\n","protected":false},"featured_media":5216,"comment_status":"closed","ping_status":"closed","template":"","meta":{"_acf_changed":false},"product_brand":[],"product_cat":[108],"product_tag":[],"class_list":{"0":"post-6109","1":"product","2":"type-product","3":"status-publish","4":"has-post-thumbnail","6":"product_cat-proyectos","8":"first","9":"instock","10":"shipping-taxable","11":"product-type-simple"},"acf":[],"_links":{"self":[{"href":"https:\/\/umayalighting.com\/es\/wp-json\/wp\/v2\/product\/6109","targetHints":{"allow":["GET"]}}],"collection":[{"href":"https:\/\/umayalighting.com\/es\/wp-json\/wp\/v2\/product"}],"about":[{"href":"https:\/\/umayalighting.com\/es\/wp-json\/wp\/v2\/types\/product"}],"replies":[{"embeddable":true,"href":"https:\/\/umayalighting.com\/es\/wp-json\/wp\/v2\/comments?post=6109"}],"wp:featuredmedia":[{"embeddable":true,"href":"https:\/\/umayalighting.com\/es\/wp-json\/wp\/v2\/media\/5216"}],"wp:attachment":[{"href":"https:\/\/umayalighting.com\/es\/wp-json\/wp\/v2\/media?parent=6109"}],"wp:term":[{"taxonomy":"product_brand","embeddable":true,"href":"https:\/\/umayalighting.com\/es\/wp-json\/wp\/v2\/product_brand?post=6109"},{"taxonomy":"product_cat","embeddable":true,"href":"https:\/\/umayalighting.com\/es\/wp-json\/wp\/v2\/product_cat?post=6109"},{"taxonomy":"product_tag","embeddable":true,"href":"https:\/\/umayalighting.com\/es\/wp-json\/wp\/v2\/product_tag?post=6109"}],"curies":[{"name":"wp","href":"https:\/\/api.w.org\/{rel}","templated":true}]}}