{"id":6110,"date":"2023-04-24T04:23:12","date_gmt":"2023-04-24T00:23:12","guid":{"rendered":"https:\/\/umayalighting.com\/projects\/sede-de-dubai-silicon-oasis\/"},"modified":"2023-09-16T16:40:38","modified_gmt":"2023-09-16T12:40:38","slug":"dubai-silicon-oasis-headquarters","status":"publish","type":"product","link":"https:\/\/umayalighting.com\/es\/projects\/dubai-silicon-oasis-headquarters\/","title":{"rendered":"Sede de Dubai Silicon Oasis"},"content":{"rendered":"<p>Dubai Silicon Oasis fue establecida oficialmente por el gobierno de los Emiratos \u00c1rabes Unidos con el objetivo de desarrollar un parque de tecnolog\u00eda integrada, que contuviera industrias desarrolladas en torno a la producci\u00f3n de tecnolog\u00edas de la informaci\u00f3n y comunicaci\u00f3n.<\/p>\n<p>El edificio se encuentra en un punto vital, domina todo el desarrollo urban\u00edstico y da la bienvenida a los visitantes y residentes al parque. Con esto en mente, desarrollamos una estrategia de iluminaci\u00f3n capaz de mostrar el edificio desde todos los puntos de vista y \u00e1ngulos, concentr\u00e1ndonos principalmente en su coronaci\u00f3n.<\/p>\n<p>Proyectores con filtro azul fueron ubicados estrat\u00e9gicamente para iluminar cada costilla, y crear una imagen surrealista que transmite los conceptos combinados de virtualidad y tecnolog\u00eda.<\/p>\n","protected":false},"excerpt":{"rendered":"<p>UBICACI\u00d3N: DUBAI, EMIRATOS \u00c1RABES UNIDOS<br \/>\nUSO: Oficinas &amp; Corporativo<br \/>\nALCANCE: DISE\u00d1O LUM\u00cdNICO DE FACHADA<\/p>\n","protected":false},"featured_media":8020,"comment_status":"closed","ping_status":"closed","template":"","meta":{"_acf_changed":false},"product_brand":[],"product_cat":[108],"product_tag":[],"class_list":{"0":"post-6110","1":"product","2":"type-product","3":"status-publish","4":"has-post-thumbnail","6":"product_cat-proyectos","8":"first","9":"instock","10":"shipping-taxable","11":"product-type-simple"},"acf":[],"_links":{"self":[{"href":"https:\/\/umayalighting.com\/es\/wp-json\/wp\/v2\/product\/6110","targetHints":{"allow":["GET"]}}],"collection":[{"href":"https:\/\/umayalighting.com\/es\/wp-json\/wp\/v2\/product"}],"about":[{"href":"https:\/\/umayalighting.com\/es\/wp-json\/wp\/v2\/types\/product"}],"replies":[{"embeddable":true,"href":"https:\/\/umayalighting.com\/es\/wp-json\/wp\/v2\/comments?post=6110"}],"wp:featuredmedia":[{"embeddable":true,"href":"https:\/\/umayalighting.com\/es\/wp-json\/wp\/v2\/media\/8020"}],"wp:attachment":[{"href":"https:\/\/umayalighting.com\/es\/wp-json\/wp\/v2\/media?parent=6110"}],"wp:term":[{"taxonomy":"product_brand","embeddable":true,"href":"https:\/\/umayalighting.com\/es\/wp-json\/wp\/v2\/product_brand?post=6110"},{"taxonomy":"product_cat","embeddable":true,"href":"https:\/\/umayalighting.com\/es\/wp-json\/wp\/v2\/product_cat?post=6110"},{"taxonomy":"product_tag","embeddable":true,"href":"https:\/\/umayalighting.com\/es\/wp-json\/wp\/v2\/product_tag?post=6110"}],"curies":[{"name":"wp","href":"https:\/\/api.w.org\/{rel}","templated":true}]}}