{"id":6111,"date":"2023-04-24T04:09:08","date_gmt":"2023-04-24T00:09:08","guid":{"rendered":"https:\/\/umayalighting.com\/projects\/oficinas-eai\/"},"modified":"2023-09-16T16:40:38","modified_gmt":"2023-09-16T12:40:38","slug":"eai-headquarters","status":"publish","type":"product","link":"https:\/\/umayalighting.com\/es\/projects\/eai-headquarters\/","title":{"rendered":"Oficinas EAI"},"content":{"rendered":"<p>En el vest\u00edbulo principal la estrategia principal fue iluminar las superficies verticales, haci\u00e9ndolo parecer mucho m\u00e1s espacioso. El resultado est\u00e1 repleto de brillo, resultando en un ambiente m\u00e1s formal y corporativo.<\/p>\n<p>El esquema de iluminaci\u00f3n de la entrada se compone de la recepci\u00f3n donde se iluminaron las paredes para resaltar la marca corporativa, el caf\u00e9 y el lounge; estos \u00faltimos sirven como islas para reuniones m\u00e1s privadas. Para permitir que estas islas se destaquen y se diferencien del \u00e1rea de circulaci\u00f3n se utiliz\u00f3 una iluminaci\u00f3n de acento c\u00e1lido en forma de l\u00e1mparas de mesa decorativas.<\/p>\n<p>Para los espacios de oficina, la comodidad visual fue clave para permitir a los empleados concentrarse en su trabajo. Nuestro dise\u00f1o estuvo orientado en equilibrar la m\u00e1xima eficiencia energ\u00e9tica y las condiciones visuales \u00f3ptimas para el ocupante. Los niveles de iluminaci\u00f3n se dividieron en zonas seg\u00fan las superficies de trabajo, la carpinter\u00eda y las mesas de reuniones para garantizar un entorno de trabajo variado y atractivo. En las \u00e1reas VIP, se agreg\u00f3 iluminaci\u00f3n de tarea individual en forma de luminarias de escritorio y luces colgantes.<\/p>\n<p>En general, nuestro equipo tuvo que ser sensible a los m\u00faltiples requisitos de los diversos espacios. Desde \u00e1reas abiertas hasta oficinas privadas, salas de reuniones, un auditorio y un \u00e1rea de exhibici\u00f3n, todo esto fue dise\u00f1ado utilizando esquemas de iluminaci\u00f3n distintivos para facilitar la capacidad de respuesta a sus condiciones particulares.<\/p>\n<p>Nuestra intenci\u00f3n de dise\u00f1o de iluminaci\u00f3n para el exterior se centr\u00f3 en mostrar la arquitectura del paisaje de una manera sutil pero elegante; una que considere resaltar los elementos horizontales de las macetas mientras se ba\u00f1a simult\u00e1neamente la pared curva vertical mediante el uso de luces lineales indirectas. Se utiliz\u00f3 una temperatura de color c\u00e1lida para mejorar la atm\u00f3sfera y crear un enfoque m\u00e1s acogedor para el edificio principal.<\/p>\n","protected":false},"excerpt":{"rendered":"<p>UBICACI\u00d3N: ABU DHABI, EMIRATOS \u00c1RABES UNIDOS<br \/>\nUSO: Oficinas &amp; Corporativo<br \/>\nALCANCE: DISE\u00d1O LUM\u00cdNICO DE INTERIORES, FACHADA Y PAISAJISMO<\/p>\n","protected":false},"featured_media":9036,"comment_status":"closed","ping_status":"closed","template":"","meta":{"_acf_changed":false},"product_brand":[],"product_cat":[108],"product_tag":[],"class_list":{"0":"post-6111","1":"product","2":"type-product","3":"status-publish","4":"has-post-thumbnail","6":"product_cat-proyectos","8":"first","9":"instock","10":"shipping-taxable","11":"product-type-simple"},"acf":[],"_links":{"self":[{"href":"https:\/\/umayalighting.com\/es\/wp-json\/wp\/v2\/product\/6111","targetHints":{"allow":["GET"]}}],"collection":[{"href":"https:\/\/umayalighting.com\/es\/wp-json\/wp\/v2\/product"}],"about":[{"href":"https:\/\/umayalighting.com\/es\/wp-json\/wp\/v2\/types\/product"}],"replies":[{"embeddable":true,"href":"https:\/\/umayalighting.com\/es\/wp-json\/wp\/v2\/comments?post=6111"}],"wp:featuredmedia":[{"embeddable":true,"href":"https:\/\/umayalighting.com\/es\/wp-json\/wp\/v2\/media\/9036"}],"wp:attachment":[{"href":"https:\/\/umayalighting.com\/es\/wp-json\/wp\/v2\/media?parent=6111"}],"wp:term":[{"taxonomy":"product_brand","embeddable":true,"href":"https:\/\/umayalighting.com\/es\/wp-json\/wp\/v2\/product_brand?post=6111"},{"taxonomy":"product_cat","embeddable":true,"href":"https:\/\/umayalighting.com\/es\/wp-json\/wp\/v2\/product_cat?post=6111"},{"taxonomy":"product_tag","embeddable":true,"href":"https:\/\/umayalighting.com\/es\/wp-json\/wp\/v2\/product_tag?post=6111"}],"curies":[{"name":"wp","href":"https:\/\/api.w.org\/{rel}","templated":true}]}}