{"id":6112,"date":"2023-04-24T04:03:31","date_gmt":"2023-04-24T00:03:31","guid":{"rendered":"https:\/\/umayalighting.com\/projects\/torres-ebd\/"},"modified":"2024-10-01T22:33:58","modified_gmt":"2024-10-01T18:33:58","slug":"ebd-towers","status":"publish","type":"product","link":"https:\/\/umayalighting.com\/es\/projects\/ebd-towers\/","title":{"rendered":"Marina Vista"},"content":{"rendered":"<p>El concepto de dise\u00f1o de iluminaci\u00f3n se centr\u00f3 en acentuar los elementos clave de la fachada, siendo los m\u00e1s importantes la corona y el podio, para asegurar que el edificio sea visible tanto a la distancia como a nivel de calle.<\/p>\n<p>Estos elementos singulares fueron iluminados con suaves gradientes de luz que revelan los distintos materiales y acabados. Esto se logr\u00f3 mediante una combinaci\u00f3n de gargantas de luz y ba\u00f1adores de pared. Adem\u00e1s, el volumen del edificio se destac\u00f3 mediante peque\u00f1os toques de luz, logrado con luminarias ocultas en ciertas terrazas.<\/p>\n<p>Se utiliz\u00f3 un esquema de tonos c\u00e1lidos en todo momento, inspirados en Miami Beach y la paleta de colores del atardecer. A medida que esta luz ba\u00f1a la fachada, se produce una sensaci\u00f3n acogedora y hogare\u00f1a.<\/p>\n","protected":false},"excerpt":{"rendered":"<p>UBICACI\u00d3N: DUBAI, EMIRATOS \u00c1RABES UNIDOS<br \/>\nUSO: RESIDENCIAL<br \/>\nALCANCE: DISE\u00d1O LUM\u00cdNICO DE FACHADA<\/p>\n","protected":false},"featured_media":9155,"comment_status":"closed","ping_status":"closed","template":"","meta":{"_acf_changed":false},"product_brand":[],"product_cat":[108],"product_tag":[],"class_list":{"0":"post-6112","1":"product","2":"type-product","3":"status-publish","4":"has-post-thumbnail","6":"product_cat-proyectos","8":"first","9":"instock","10":"shipping-taxable","11":"product-type-simple"},"acf":[],"_links":{"self":[{"href":"https:\/\/umayalighting.com\/es\/wp-json\/wp\/v2\/product\/6112","targetHints":{"allow":["GET"]}}],"collection":[{"href":"https:\/\/umayalighting.com\/es\/wp-json\/wp\/v2\/product"}],"about":[{"href":"https:\/\/umayalighting.com\/es\/wp-json\/wp\/v2\/types\/product"}],"replies":[{"embeddable":true,"href":"https:\/\/umayalighting.com\/es\/wp-json\/wp\/v2\/comments?post=6112"}],"wp:featuredmedia":[{"embeddable":true,"href":"https:\/\/umayalighting.com\/es\/wp-json\/wp\/v2\/media\/9155"}],"wp:attachment":[{"href":"https:\/\/umayalighting.com\/es\/wp-json\/wp\/v2\/media?parent=6112"}],"wp:term":[{"taxonomy":"product_brand","embeddable":true,"href":"https:\/\/umayalighting.com\/es\/wp-json\/wp\/v2\/product_brand?post=6112"},{"taxonomy":"product_cat","embeddable":true,"href":"https:\/\/umayalighting.com\/es\/wp-json\/wp\/v2\/product_cat?post=6112"},{"taxonomy":"product_tag","embeddable":true,"href":"https:\/\/umayalighting.com\/es\/wp-json\/wp\/v2\/product_tag?post=6112"}],"curies":[{"name":"wp","href":"https:\/\/api.w.org\/{rel}","templated":true}]}}