{"id":6113,"date":"2023-04-24T04:01:51","date_gmt":"2023-04-24T00:01:51","guid":{"rendered":"https:\/\/umayalighting.com\/projects\/el-cedro\/"},"modified":"2023-09-16T16:40:39","modified_gmt":"2023-09-16T12:40:39","slug":"el-cedro","status":"publish","type":"product","link":"https:\/\/umayalighting.com\/es\/projects\/el-cedro\/","title":{"rendered":"El Cedro"},"content":{"rendered":"<p>Este lounge est\u00e1 compuesto por una serie de salas de estar interconectadas. El objetivo principal del esquema de dise\u00f1o de iluminaci\u00f3n fue promover una sensaci\u00f3n de lujo y exclusividad, manteniendo un ambiente relajado y amigable.<\/p>\n<p>La iluminaci\u00f3n arquitect\u00f3nica se utiliz\u00f3 para producir acento sobre las mesas y piezas de arte, mientras que la iluminaci\u00f3n decorativa ayudo a equilibrar las escenas y dar car\u00e1cter a las diferentes salas. La iluminaci\u00f3n integrada a la carpinter\u00eda fue un elemento clave.<\/p>\n","protected":false},"excerpt":{"rendered":"<p>UBICACI\u00d3N: Doha, Qatar<br \/>\nUSO: GASTRONOM\u00cdA<br \/>\nALCANCE: DISE\u00d1O LUM\u00cdNICO DE INTERIORES<\/p>\n","protected":false},"featured_media":9211,"comment_status":"closed","ping_status":"closed","template":"","meta":{"_acf_changed":false},"product_brand":[],"product_cat":[108],"product_tag":[],"class_list":{"0":"post-6113","1":"product","2":"type-product","3":"status-publish","4":"has-post-thumbnail","6":"product_cat-proyectos","8":"first","9":"instock","10":"shipping-taxable","11":"product-type-simple"},"acf":[],"_links":{"self":[{"href":"https:\/\/umayalighting.com\/es\/wp-json\/wp\/v2\/product\/6113","targetHints":{"allow":["GET"]}}],"collection":[{"href":"https:\/\/umayalighting.com\/es\/wp-json\/wp\/v2\/product"}],"about":[{"href":"https:\/\/umayalighting.com\/es\/wp-json\/wp\/v2\/types\/product"}],"replies":[{"embeddable":true,"href":"https:\/\/umayalighting.com\/es\/wp-json\/wp\/v2\/comments?post=6113"}],"wp:featuredmedia":[{"embeddable":true,"href":"https:\/\/umayalighting.com\/es\/wp-json\/wp\/v2\/media\/9211"}],"wp:attachment":[{"href":"https:\/\/umayalighting.com\/es\/wp-json\/wp\/v2\/media?parent=6113"}],"wp:term":[{"taxonomy":"product_brand","embeddable":true,"href":"https:\/\/umayalighting.com\/es\/wp-json\/wp\/v2\/product_brand?post=6113"},{"taxonomy":"product_cat","embeddable":true,"href":"https:\/\/umayalighting.com\/es\/wp-json\/wp\/v2\/product_cat?post=6113"},{"taxonomy":"product_tag","embeddable":true,"href":"https:\/\/umayalighting.com\/es\/wp-json\/wp\/v2\/product_tag?post=6113"}],"curies":[{"name":"wp","href":"https:\/\/api.w.org\/{rel}","templated":true}]}}