{"id":6114,"date":"2023-04-24T04:09:22","date_gmt":"2023-04-24T00:09:22","guid":{"rendered":"https:\/\/umayalighting.com\/projects\/torre-enoc\/"},"modified":"2023-09-16T16:40:39","modified_gmt":"2023-09-16T12:40:39","slug":"enoc-tower","status":"publish","type":"product","link":"https:\/\/umayalighting.com\/es\/projects\/enoc-tower\/","title":{"rendered":"Torre ENOC"},"content":{"rendered":"<p>El dise\u00f1o de la iluminaci\u00f3n de fachada de este edificio LEED Gold se bas\u00f3 en la fuerte verticalidad de la torre. Luminarias lineales totalmente controlables ocultas en los perfiles de la fachada crean l\u00edneas paralelas de luz. Estos rayos se desvanecen en ambos extremos, subrayando la esbeltez del edificio y manteniendo el consumo de energ\u00eda dentro de l\u00edmites permisibles.<\/p>\n<p>El esquema de iluminaci\u00f3n interior se centr\u00f3 en lograr las condiciones \u00f3ptimas de iluminaci\u00f3n para las diversas funciones dentro del edificio, al tiempo que resaltar el dise\u00f1o interior y reducir el consumo de energ\u00eda al m\u00ednimo. Se desarroll\u00f3 un esquema exhaustivo de control de la iluminaci\u00f3n, teniendo en cuenta el ingreso de luz natural y el comportamiento de los usuarios, con el fin de minimizar el impacto en los costos operativos.<\/p>\n","protected":false},"excerpt":{"rendered":"<p>UBICACI\u00d3N: DUBAI, EMIRATOS \u00c1RABES UNIDOS<br \/>\nUSO: Oficinas &amp; Corporativo &#8211; GRAN ALTURA<br \/>\nALCANCE: DISE\u00d1O LUM\u00cdNICO DE INTERIORES &amp; FACHADA<\/p>\n","protected":false},"featured_media":9406,"comment_status":"closed","ping_status":"closed","template":"","meta":{"_acf_changed":false},"product_brand":[],"product_cat":[108],"product_tag":[],"class_list":{"0":"post-6114","1":"product","2":"type-product","3":"status-publish","4":"has-post-thumbnail","6":"product_cat-proyectos","8":"first","9":"instock","10":"shipping-taxable","11":"product-type-simple"},"acf":[],"_links":{"self":[{"href":"https:\/\/umayalighting.com\/es\/wp-json\/wp\/v2\/product\/6114","targetHints":{"allow":["GET"]}}],"collection":[{"href":"https:\/\/umayalighting.com\/es\/wp-json\/wp\/v2\/product"}],"about":[{"href":"https:\/\/umayalighting.com\/es\/wp-json\/wp\/v2\/types\/product"}],"replies":[{"embeddable":true,"href":"https:\/\/umayalighting.com\/es\/wp-json\/wp\/v2\/comments?post=6114"}],"wp:featuredmedia":[{"embeddable":true,"href":"https:\/\/umayalighting.com\/es\/wp-json\/wp\/v2\/media\/9406"}],"wp:attachment":[{"href":"https:\/\/umayalighting.com\/es\/wp-json\/wp\/v2\/media?parent=6114"}],"wp:term":[{"taxonomy":"product_brand","embeddable":true,"href":"https:\/\/umayalighting.com\/es\/wp-json\/wp\/v2\/product_brand?post=6114"},{"taxonomy":"product_cat","embeddable":true,"href":"https:\/\/umayalighting.com\/es\/wp-json\/wp\/v2\/product_cat?post=6114"},{"taxonomy":"product_tag","embeddable":true,"href":"https:\/\/umayalighting.com\/es\/wp-json\/wp\/v2\/product_tag?post=6114"}],"curies":[{"name":"wp","href":"https:\/\/api.w.org\/{rel}","templated":true}]}}