{"id":6115,"date":"2023-04-24T04:23:19","date_gmt":"2023-04-24T00:23:19","guid":{"rendered":"https:\/\/umayalighting.com\/projects\/oficinas-esab\/"},"modified":"2023-09-16T16:40:39","modified_gmt":"2023-09-16T12:40:39","slug":"esab-offices","status":"publish","type":"product","link":"https:\/\/umayalighting.com\/es\/projects\/esab-offices\/","title":{"rendered":"Oficinas ESAB"},"content":{"rendered":"<p>Para obtener la certificaci\u00f3n LEED Platino nuestro equipo fue contratado por ESAB Medio Oriente para desarrollar una soluci\u00f3n lum\u00ednica que cumpliera con los cr\u00e9ditos SS8, EAPr2, EA1 y EQ6.1 del LEED para Edificios de Nueva Planta.<\/p>\n<p>Nuestro enfoque respecto a las \u00e1reas internas fue proponer un esquema lum\u00ednico compuesto por base+tarea, proporcionando a las zonas de descanso y circulaci\u00f3n una iluminaci\u00f3n general de base, mientras la luz de tarea se concentra \u00fanicamente en aquellas \u00e1reas donde sea necesario, a fin de reducir la densidad de potencia de iluminaci\u00f3n al m\u00ednimo.<\/p>\n<p>Se tuvo especial consideraci\u00f3n en el uso de tecnolog\u00edas de bajo consumo, dispositivos auxiliares con bajas p\u00e9rdidas y luminarias de alta eficacia, para obtener el m\u00e1ximo provecho de la carga permitida.<\/p>\n<p>Luego de exhaustivos c\u00e1lculos y an\u00e1lisis fuimos capaces de ofrecer una soluci\u00f3n que va m\u00e1s all\u00e1 de los requisitos exigidos, ayudando a obtener los cuatro cr\u00e9ditos.<\/p>\n","protected":false},"excerpt":{"rendered":"<p>UBICACI\u00d3N: DUBAI, EMIRATOS \u00c1RABES UNIDOS<br \/>\nUSO: Oficinas &amp; Corporativo<br \/>\nALCANCE: DISE\u00d1O LUM\u00cdNICO DE INTERIORES, FACHADA &amp;<br \/>\nESTUDIO DE ILUMINACI\u00d3N NATURAL<\/p>\n","protected":false},"featured_media":5357,"comment_status":"closed","ping_status":"closed","template":"","meta":{"_acf_changed":false},"product_brand":[],"product_cat":[108],"product_tag":[],"class_list":{"0":"post-6115","1":"product","2":"type-product","3":"status-publish","4":"has-post-thumbnail","6":"product_cat-proyectos","8":"first","9":"instock","10":"shipping-taxable","11":"product-type-simple"},"acf":[],"_links":{"self":[{"href":"https:\/\/umayalighting.com\/es\/wp-json\/wp\/v2\/product\/6115","targetHints":{"allow":["GET"]}}],"collection":[{"href":"https:\/\/umayalighting.com\/es\/wp-json\/wp\/v2\/product"}],"about":[{"href":"https:\/\/umayalighting.com\/es\/wp-json\/wp\/v2\/types\/product"}],"replies":[{"embeddable":true,"href":"https:\/\/umayalighting.com\/es\/wp-json\/wp\/v2\/comments?post=6115"}],"wp:featuredmedia":[{"embeddable":true,"href":"https:\/\/umayalighting.com\/es\/wp-json\/wp\/v2\/media\/5357"}],"wp:attachment":[{"href":"https:\/\/umayalighting.com\/es\/wp-json\/wp\/v2\/media?parent=6115"}],"wp:term":[{"taxonomy":"product_brand","embeddable":true,"href":"https:\/\/umayalighting.com\/es\/wp-json\/wp\/v2\/product_brand?post=6115"},{"taxonomy":"product_cat","embeddable":true,"href":"https:\/\/umayalighting.com\/es\/wp-json\/wp\/v2\/product_cat?post=6115"},{"taxonomy":"product_tag","embeddable":true,"href":"https:\/\/umayalighting.com\/es\/wp-json\/wp\/v2\/product_tag?post=6115"}],"curies":[{"name":"wp","href":"https:\/\/api.w.org\/{rel}","templated":true}]}}