{"id":6116,"date":"2023-04-24T04:17:39","date_gmt":"2023-04-24T00:17:39","guid":{"rendered":"https:\/\/umayalighting.com\/projects\/museo-etihad\/"},"modified":"2023-09-16T16:40:39","modified_gmt":"2023-09-16T12:40:39","slug":"etihad-museum","status":"publish","type":"product","link":"https:\/\/umayalighting.com\/es\/projects\/etihad-museum\/","title":{"rendered":"Museo Etihad"},"content":{"rendered":"<p>Este museo, que cubre 2.5 hect\u00e1reas e incluye edificios nuevos y restaurados, cuenta la historia de los Emiratos \u00c1rabes a partir de 1968. El museo expone los acontecimientos entre 1968 y 1974 y se basa en las circunstancias pol\u00edticas y sociales de este per\u00edodo de la historia de los Emiratos. La ubicaci\u00f3n del proyecto tiene un contexto hist\u00f3rico, adyacente a la Casa de la Uni\u00f3n, lugar donde en 1971 se firm\u00f3 el acuerdo entre los Estados de la Tregua, llevando a la formaci\u00f3n de los Emiratos \u00c1rabes Unidos.<\/p>\n<p>El nuevo pabell\u00f3n fue dise\u00f1ado en forma de manuscrito, con siete columnas que representan la pluma utilizada para firmar la declaraci\u00f3n. El museo incluye salas permanentes y temporarias, un teatro, \u00e1reas educativas, recreativas y oficinas de administraci\u00f3n. Los espacios de exposici\u00f3n se construyeron parcialmente bajo tierra y el paisajismo fue restaurado a su estado original de 1971. Un nuevo espejo de agua simula la l\u00ednea costera en ese periodo, y es utilizado como tel\u00f3n de fondo para el complejo.<\/p>\n<p><strong>Lluminaci\u00f3n de Fachada<\/strong><\/p>\n<p>La intenci\u00f3n general en el dise\u00f1o de iluminaci\u00f3n de fachadas se centr\u00f3 en situar a la Casa de la Uni\u00f3n como pivote de la composici\u00f3n arquitect\u00f3nica, como manera de expresar su significancia en la historia de los Emiratos \u00c1rabes. Esto se logr\u00f3 mediante el uso de temperaturas de color blanco fr\u00edo, representando el reflejo de la luna, elemento fundamental en la cultura isl\u00e1mica. El edificio se distingue as\u00ed de su entorno c\u00e1lido. Los simples elementos arquitect\u00f3nicos de esta humilde edificaci\u00f3n fueron espec\u00edficamente resaltados, permitiendo que se destaque y gane el peso visual que merece.<\/p>\n<p>La iluminaci\u00f3n de fachada para el pabell\u00f3n acent\u00faa la importancia hist\u00f3rica del museo, mientras se mantiene el enfoque principal en la Casa de la Uni\u00f3n, a trav\u00e9s de un equilibrado esquema de iluminaci\u00f3n. La forma de papel doblado, as\u00ed como las plumas de apoyo fueron las \u00e1reas clave para el concepto de iluminaci\u00f3n. La fachada se ba\u00f1\u00f3 en una sutil luz azul, reflejada en los espejos de agua y creando un efecto de suspensi\u00f3n. Las columnas brillan c\u00e1lidamente y emergen desde el interior como una invitaci\u00f3n a explorar la exposici\u00f3n y celebrar el acontecimiento hist\u00f3rico.<\/p>\n<p>La Casa de Ministros, que act\u00faa como preludio a La Casa de la Uni\u00f3n, se ilumin\u00f3 con el mismo concepto en mente, pero usando tonos c\u00e1lidos. Representa la entrada al complejo, recibiendo a los invitados y d\u00e1ndoles una idea de lo que est\u00e1 por venir.<\/p>\n<p>El esquema de iluminaci\u00f3n desarrollado para la Casa de Hu\u00e9spedes tiene el doble prop\u00f3sito de recrear un momento hist\u00f3rico y presentar al edificio como elemento de exhibici\u00f3n en s\u00ed mismo, representando la historia bajo una nueva luz. La intenci\u00f3n principal fue mantener la autenticidad de su aspecto original, a la vez que una segunda capa de iluminaci\u00f3n lo sit\u00faa en un contexto arquitect\u00f3nico espec\u00edfico.<\/p>\n<p><strong>Iluminaci\u00f3n de Paisaje<\/strong><\/p>\n<p>El dise\u00f1o lum\u00ednico se centr\u00f3 en resaltar las conexiones visuales entre los diferentes componentes construidos, usando un lenguaje de iluminaci\u00f3n unificado y creando un ambiente consistente. El esquema se organiz\u00f3 en dos partes.<\/p>\n<p>La Zona de Restauraci\u00f3n &#8211; El esp\u00edritu y ambiente de los 70 se mantuvieron usando luminarias con una est\u00e9tica original, pero con l\u00e1mparas y \u00f3pticas actuales. Por consiguiente, el sistema de iluminaci\u00f3n se moderniz\u00f3 en t\u00e9rminos de rendimiento y efectos, pero conservando la configuraci\u00f3n original de 1971. Luminarias auxiliares se incorporaron en algunas zonas con el fin de alcanzar los niveles de iluminaci\u00f3n exterior requeridos con fines de seguridad.<\/p>\n<p>La Zona de Desarrollo \u2013 El paisaje alrededor del pabell\u00f3n se ilumin\u00f3 utilizando elementos y estrategias contempor\u00e1neas, creando un suave tel\u00f3n de fondo para exhibir el edificio. Este esquema se fusiona suavemente con las zonas adyacentes mediante el uso de acabados y temperaturas de color similares.<\/p>\n<p>El espejo de agua es una atracci\u00f3n en s\u00ed misma. La narrativa detr\u00e1s fue proyectar las estrellas sobre el agua, creando un fondo para el eje principal y un marco final a la secuencia de circulaci\u00f3n. Un ambiente estimulante para los visitantes, proporcionando una iluminaci\u00f3n discreta y fomentando la interacci\u00f3n humana.<\/p>\n<p><strong>Iluminaci\u00f3n Interna<\/strong><\/p>\n<p>La iluminaci\u00f3n interior para el pabell\u00f3n se basa en unas pocas pero audaces estrategias de iluminaci\u00f3n. Proyectores ocultos en las columnas iluminan el cielorraso, exponiendo la arquitectura y revelando la grandiosidad del espacio, que se puede admirar tanto desde el interior como el exterior del edificio.<\/p>\n<p>Las paredes traseras son iluminadas de forma rasante para resaltar su textura, equilibrar los brillos a lo largo del espacio y relacionar el volumen hacia el exterior. Por \u00faltimo, una serie de luminarias inspiradas en aves vuelan sobre el entrepiso, llenando el espacio con un elemento visual sugerente.<\/p>\n","protected":false},"excerpt":{"rendered":"<p>UBICACI\u00d3N: DUBAI, EMIRATOS \u00c1RABES UNIDOS<br \/>\nUSO: LIGHT ART &amp; EXPOSICIONES<br \/>\nALCANCE: DISE\u00d1O LUM\u00cdNICO DE ESPACIOS P\u00daBLICOS,<br \/>\nEXTERIORES, INTERIORES, FACHADA &amp; PAISAJISMO<\/p>\n","protected":false},"featured_media":8425,"comment_status":"closed","ping_status":"closed","template":"","meta":{"_acf_changed":false},"product_brand":[],"product_cat":[108],"product_tag":[],"class_list":{"0":"post-6116","1":"product","2":"type-product","3":"status-publish","4":"has-post-thumbnail","6":"product_cat-proyectos","8":"first","9":"instock","10":"shipping-taxable","11":"product-type-simple"},"acf":[],"_links":{"self":[{"href":"https:\/\/umayalighting.com\/es\/wp-json\/wp\/v2\/product\/6116","targetHints":{"allow":["GET"]}}],"collection":[{"href":"https:\/\/umayalighting.com\/es\/wp-json\/wp\/v2\/product"}],"about":[{"href":"https:\/\/umayalighting.com\/es\/wp-json\/wp\/v2\/types\/product"}],"replies":[{"embeddable":true,"href":"https:\/\/umayalighting.com\/es\/wp-json\/wp\/v2\/comments?post=6116"}],"wp:featuredmedia":[{"embeddable":true,"href":"https:\/\/umayalighting.com\/es\/wp-json\/wp\/v2\/media\/8425"}],"wp:attachment":[{"href":"https:\/\/umayalighting.com\/es\/wp-json\/wp\/v2\/media?parent=6116"}],"wp:term":[{"taxonomy":"product_brand","embeddable":true,"href":"https:\/\/umayalighting.com\/es\/wp-json\/wp\/v2\/product_brand?post=6116"},{"taxonomy":"product_cat","embeddable":true,"href":"https:\/\/umayalighting.com\/es\/wp-json\/wp\/v2\/product_cat?post=6116"},{"taxonomy":"product_tag","embeddable":true,"href":"https:\/\/umayalighting.com\/es\/wp-json\/wp\/v2\/product_tag?post=6116"}],"curies":[{"name":"wp","href":"https:\/\/api.w.org\/{rel}","templated":true}]}}