{"id":6119,"date":"2023-04-24T03:59:36","date_gmt":"2023-04-23T23:59:36","guid":{"rendered":"https:\/\/umayalighting.com\/projects\/hotel-gran-melia\/"},"modified":"2023-09-16T16:40:40","modified_gmt":"2023-09-16T12:40:40","slug":"gran-meli-hotel","status":"publish","type":"product","link":"https:\/\/umayalighting.com\/es\/projects\/gran-meli-hotel\/","title":{"rendered":"Hotel Gran Meli\u00e1"},"content":{"rendered":"<p>La iluminaci\u00f3n interior es en capas y multidimensional. Estrategias de iluminaci\u00f3n de ambiente, tarea y acento se complementan entre s\u00ed para lograr un espacio relajado pero sofisticado. Una sorprendente diferencia entre luces y sombras agrega profundidad y calidad a los espacios, con una integraci\u00f3n perfecta de los equipos de iluminaci\u00f3n en la arquitectura y los muebles. El control \u00f3ptico de los haces de luz lo hace a\u00fan m\u00e1s atractivo, al resaltar objetivos y evitar el derrame de luz.<\/p>\n<p>Para la iluminaci\u00f3n de la fachada, se introdujo un arreglo de bolsillos de luz en las aletas verticales para acentuar estos elementos de dise\u00f1o. Las paredes continuas en varios pisos se ba\u00f1aron suavemente, las cuales se pueden apreciar desde una distancia media. Por \u00faltimo, el marco superior se ba\u00f1\u00f3 para crear un foco visual, el cual se puede ver desde lejos, transformando la torre en un punto de referencia en la ciudad.<\/p>\n","protected":false},"excerpt":{"rendered":"<p>UBICACI\u00d3N: YEDA, ARABIA SAUDITA<br \/>\nUSO: HOTELER\u00cdA<br \/>\nALCANCE: DISE\u00d1O LUM\u00cdNICO DE INTERIORES, FACHADA Y PAISAJISMO<\/p>\n","protected":false},"featured_media":4649,"comment_status":"closed","ping_status":"closed","template":"","meta":{"_acf_changed":false},"product_brand":[],"product_cat":[108],"product_tag":[],"class_list":{"0":"post-6119","1":"product","2":"type-product","3":"status-publish","4":"has-post-thumbnail","6":"product_cat-proyectos","8":"first","9":"instock","10":"shipping-taxable","11":"product-type-simple"},"acf":[],"_links":{"self":[{"href":"https:\/\/umayalighting.com\/es\/wp-json\/wp\/v2\/product\/6119","targetHints":{"allow":["GET"]}}],"collection":[{"href":"https:\/\/umayalighting.com\/es\/wp-json\/wp\/v2\/product"}],"about":[{"href":"https:\/\/umayalighting.com\/es\/wp-json\/wp\/v2\/types\/product"}],"replies":[{"embeddable":true,"href":"https:\/\/umayalighting.com\/es\/wp-json\/wp\/v2\/comments?post=6119"}],"wp:featuredmedia":[{"embeddable":true,"href":"https:\/\/umayalighting.com\/es\/wp-json\/wp\/v2\/media\/4649"}],"wp:attachment":[{"href":"https:\/\/umayalighting.com\/es\/wp-json\/wp\/v2\/media?parent=6119"}],"wp:term":[{"taxonomy":"product_brand","embeddable":true,"href":"https:\/\/umayalighting.com\/es\/wp-json\/wp\/v2\/product_brand?post=6119"},{"taxonomy":"product_cat","embeddable":true,"href":"https:\/\/umayalighting.com\/es\/wp-json\/wp\/v2\/product_cat?post=6119"},{"taxonomy":"product_tag","embeddable":true,"href":"https:\/\/umayalighting.com\/es\/wp-json\/wp\/v2\/product_tag?post=6119"}],"curies":[{"name":"wp","href":"https:\/\/api.w.org\/{rel}","templated":true}]}}