{"id":6120,"date":"2023-04-24T04:26:59","date_gmt":"2023-04-24T00:26:59","guid":{"rendered":"https:\/\/umayalighting.com\/projects\/hotel-grand-hyatt-abu-dabi-residencias-emirates-pearl\/"},"modified":"2023-09-16T16:40:40","modified_gmt":"2023-09-16T12:40:40","slug":"grand-hyatt-abu-dhabi-hotel-residences-emirates-pearl","status":"publish","type":"product","link":"https:\/\/umayalighting.com\/es\/projects\/grand-hyatt-abu-dhabi-hotel-residences-emirates-pearl\/","title":{"rendered":"Hotel Grand Hyatt Abu Dabi &amp; Residencias Emirates Pearl"},"content":{"rendered":"<p>Este hotel premium de negocios, situado en la popular zona de Khalidiya frente al famoso Emirates Palace, ofrece una combinaci\u00f3n \u00fanica de dise\u00f1o moderno y confort superior. La torre de 255 metros domina la costa y trae una nueva era de estilo contempor\u00e1neo a la capital.<\/p>\n<p>Los interiores, desarrollados por la empresa inglesa de dise\u00f1o de interiores MKV Design, est\u00e1n inspirados en el mar, la arena y la herencia de recolecci\u00f3n de perlas en Abu Dhabi. La direcci\u00f3n lum\u00ednica se basa en la creaci\u00f3n de un ambiente relajante y acogedor, al tiempo que resalta los ricos materiales y texturas que se encuentran a lo largo de los diferentes espacios del hotel.<\/p>\n<p>La iluminaci\u00f3n de acento se utiliza como un medio para establecer jerarqu\u00eda y crear puntos focales, que gu\u00edan a los hu\u00e9spedes a trav\u00e9s de los diferentes espacios y crean un ambiente estimulante. Las habitaciones ofrecen un delicado equilibrio entre intensidad y contraste con un sentido de intimidad y confort. Iluminaci\u00f3n rasante y gargantas de luz revelan los materiales \u00fanicos utilizados y enfatizan la arquitectura interior.<\/p>\n<p>La estrategia de control de iluminaci\u00f3n se basa en la prestaci\u00f3n de diferentes escenas a lo largo del d\u00eda, seg\u00fan las condiciones de luz natural y actividad, enriqueciendo la experiencia del hu\u00e9sped.<\/p>\n","protected":false},"excerpt":{"rendered":"<p>UBICACI\u00d3N: ABU DHABI, EMIRATOS \u00c1RABES UNIDOS<br \/>\nUSO: HOTELER\u00cdA &#8211; GRAN ALTURA<br \/>\nALCANCE: DISE\u00d1O LUM\u00cdNICO DE interiores &amp; exteriores<\/p>\n","protected":false},"featured_media":7885,"comment_status":"closed","ping_status":"closed","template":"","meta":{"_acf_changed":false},"product_brand":[],"product_cat":[108],"product_tag":[],"class_list":{"0":"post-6120","1":"product","2":"type-product","3":"status-publish","4":"has-post-thumbnail","6":"product_cat-proyectos","8":"first","9":"instock","10":"shipping-taxable","11":"product-type-simple"},"acf":[],"_links":{"self":[{"href":"https:\/\/umayalighting.com\/es\/wp-json\/wp\/v2\/product\/6120","targetHints":{"allow":["GET"]}}],"collection":[{"href":"https:\/\/umayalighting.com\/es\/wp-json\/wp\/v2\/product"}],"about":[{"href":"https:\/\/umayalighting.com\/es\/wp-json\/wp\/v2\/types\/product"}],"replies":[{"embeddable":true,"href":"https:\/\/umayalighting.com\/es\/wp-json\/wp\/v2\/comments?post=6120"}],"wp:featuredmedia":[{"embeddable":true,"href":"https:\/\/umayalighting.com\/es\/wp-json\/wp\/v2\/media\/7885"}],"wp:attachment":[{"href":"https:\/\/umayalighting.com\/es\/wp-json\/wp\/v2\/media?parent=6120"}],"wp:term":[{"taxonomy":"product_brand","embeddable":true,"href":"https:\/\/umayalighting.com\/es\/wp-json\/wp\/v2\/product_brand?post=6120"},{"taxonomy":"product_cat","embeddable":true,"href":"https:\/\/umayalighting.com\/es\/wp-json\/wp\/v2\/product_cat?post=6120"},{"taxonomy":"product_tag","embeddable":true,"href":"https:\/\/umayalighting.com\/es\/wp-json\/wp\/v2\/product_tag?post=6120"}],"curies":[{"name":"wp","href":"https:\/\/api.w.org\/{rel}","templated":true}]}}